{"id":22059,"date":"2022-11-24T15:10:47","date_gmt":"2022-11-24T18:10:47","guid":{"rendered":"https:\/\/www.casadainjecao.com.br\/loja\/?post_type=product&#038;p=22059"},"modified":"2025-08-23T21:25:38","modified_gmt":"2025-08-24T00:25:38","slug":"sensor-pressao-map-vw-gol-parati-saveiro-santana-mi-036906051","status":"publish","type":"product","link":"https:\/\/www.casadainjecao.com.br\/loja\/autopecas\/injecao-eletronica\/sensor-map\/sensor-pressao-map-vw-gol-parati-saveiro-santana-mi-036906051\/","title":{"rendered":"Sensor Press\u00e3o Map VW Gol Parati Saveiro Santana Mi &#8211;"},"content":{"rendered":"<h2>Sensor Press\u00e3o Map \u00a0Volkswagen<\/h2>\n<p>Motor Ap 1.0, 1.6, 1.8, 2.0 MI<\/p>\n<div class=\"flex-1 overflow-hidden\">\n<div class=\"react-scroll-to-bottom--css-getdo-79elbk h-full\">\n<div class=\"react-scroll-to-bottom--css-getdo-1n7m0yu\">\n<div class=\"flex flex-col pb-9 text-sm\">\n<div class=\"w-full text-token-text-primary\" data-testid=\"conversation-turn-67\">\n<div class=\"px-4 py-2 justify-center text-base md:gap-6 m-auto\">\n<div class=\"flex flex-1 text-base mx-auto gap-3 md:px-5 lg:px-1 xl:px-5 md:max-w-3xl lg:max-w-[40rem] xl:max-w-[48rem] group final-completion\">\n<div class=\"relative flex w-full flex-col lg:w-[calc(100%-115px)] agent-turn\">\n<div class=\"flex-col gap-1 md:gap-3\">\n<div class=\"flex flex-grow flex-col max-w-full\">\n<div class=\"min-h-[20px] text-message flex flex-col items-start gap-3 whitespace-pre-wrap break-words [.text-message+&amp;]:mt-5 overflow-x-auto\" data-message-author-role=\"assistant\" data-message-id=\"617834ee-6203-4e6c-80bf-b0ea4c0800b5\">\n<div class=\"markdown prose w-full break-words dark:prose-invert light\">\n<p>Volkswagen<\/p>\n<ul>\n<li>Gol 1.0 16V &#8211; 1997 em diante<\/li>\n<li>Gol 1.6, 1.8 2.0 &#8211; 1997 em diante<\/li>\n<li>Parati 1.0 16V &#8211; 1997 em diante<\/li>\n<li>Parati 1.6 1.8 2.0 &#8211; 1997 em diante<\/li>\n<li>Polo Classic 1.8 &#8211; 1996 em diante<\/li>\n<li>Quantum 1.8 2.0 &#8211; 1997 em diante<\/li>\n<li>Santana 1.8\u00a0 2.0 &#8211; 1997 em diante<\/li>\n<li>Saveiro 1.6 1.8 2.0 &#8211; 1997 em diante<\/li>\n<\/ul>\n<\/div>\n<\/div>\n<\/div>\n<\/div>\n<\/div>\n<\/div>\n<\/div>\n<\/div>\n<\/div>\n<\/div>\n<\/div>\n<\/div>\n<div class=\"w-full pt-2 md:pt-0 dark:border-white\/20 md:border-transparent md:dark:border-transparent md:w-[calc(100%-.5rem)]\">\n<form class=\"stretch mx-2 flex flex-row gap-3 last:mb-2 md:mx-4 md:last:mb-6 lg:mx-auto lg:max-w-2xl xl:max-w-3xl\">\n<div class=\"relative flex h-full flex-1 items-stretch md:flex-col\">\n<div class=\"flex w-full items-center\">\n<p>C\u00f3digos de Refer\u00eancia:<\/p>\n<ul>\n<li>036906051<\/li>\n<li>MTE7143<\/li>\n<li>0261230095<\/li>\n<li>DS1708<\/li>\n<li>T-PRT04<\/li>\n<li>TPRT04<\/li>\n<li>50202402<\/li>\n<li>\u00a0TPRT04<\/li>\n<li>0279980411<\/li>\n<li>027.998.0411<\/li>\n<li>036.906 051<\/li>\n<li>502.024.02<\/li>\n<li>50202402<\/li>\n<li>ESM2411<\/li>\n<li>F00099P402<\/li>\n<\/ul>\n<p>Ficha T\u00e9cnica:<\/p>\n<ul>\n<li>Marca: Torken<\/li>\n<li>Produto novo<\/li>\n<li>4 pinos<\/li>\n<li>Conte\u00fado da embalagem:- 01 Sensor<\/li>\n<\/ul>\n<p>Garantia 3 Meses<\/p>\n<h3>GARANTIA DO PRODUTO<br \/>\nA troca ou desist\u00eancia deste item pode ser feita em at\u00e9 7 dias corridos a partir do recebimento do produto.<br \/>\nO fabricante oferece 3 meses de garantia.<\/h3>\n<ul>\n<li>\n<h3>Favor verificar o c\u00f3digo antes da compra<\/h3>\n<h3>Um carro do mesmo ano e modelo pode ter pe\u00e7as diferentes, por isso \u00e9 necess\u00e1rio confirmar o c\u00f3digo da pe\u00e7a com mec\u00e2nico ou ligar na concession\u00e1ria e informar o n\u00famero do chassi para identifica\u00e7\u00e3o do c\u00f3digo da pe\u00e7a original do ve\u00edculo.<br \/>\n\u2014\u2014\u2014\u2014\u2014\u2014\u2014\u2014\u2014\u2014\u2014\u2014\u2014\u2014\u2014\u2014\u2014\u2014\u2014\u2014\u2014\u2014\u2014\u2014\u2014\u2014\u2014\u2014\u2014\u2014\u2014\u2014\u2014\u2014\u2014\u2014-<\/h3>\n<\/li>\n<\/ul>\n<div id=\"A8hXZazDIve35OUP96KduAg__5\">\n<div class=\"wDYxhc\" data-md=\"61\">\n<div class=\"LGOjhe\" role=\"heading\" data-attrid=\"wa:\/description\" aria-level=\"3\" data-hveid=\"CBwQAA\">\n<div class=\"w-full pt-2 md:pt-0 border-t md:border-t-0 gizmo:border-t-0 dark:border-white\/20 md:border-transparent md:dark:border-transparent md:pl-2 gizmo:pl-0 gizmo:md:pl-0 md:w-[calc(100%-.5rem)]\">\n<div class=\"relative flex h-full flex-1 items-stretch md:flex-col\"><\/div>\n<div>A Casa da Inje\u00e7\u00e3o oferece total garantia nos produtos comprados em nosso site.<\/div>\n<\/div>\n<\/div>\n<\/div>\n<\/div>\n<ol>\n<li>Cada item \u00e9 rigorosamente testado antes do envio<\/li>\n<li>Se os itens estiverem danificados ou parcialmente defeituosos, entre em contato conosco.<\/li>\n<\/ol>\n<p>Se houver qualquer defeito, n\u00f3s lhe enviaremos uma substitui\u00e7\u00e3o ap\u00f3s receber o pacote ou devolvemos seu dinheiro.<\/p>\n<p>Leia nossa\u00a0<a href=\"https:\/\/www.casadainjecao.com.br\/loja\/politica-de-devolucao\">pol\u00edtica de devolu\u00e7\u00e3o aqui<\/a><\/p>\n<p>\u2014\u2014\u2014\u2014\u2014\u2014\u2014\u2014\u2014\u2014\u2014\u2014\u2014\u2014\u2014\u2014\u2014\u2014\u2014\u2013<\/p>\n<h4>Tem alguma d\u00favida?<\/h4>\n<p>Entre em contato que podemos ajudar!<\/p>\n<p>Confira as informa\u00e7\u00f5es adicionais abaixo:<\/p>\n<ul>\n<li>Todos os nossos produtos s\u00e3o novos, semi-novos, originais e paralelos possuem garantia.<\/li>\n<li>Todos os produtos anunciados est\u00e3o dispon\u00edveis em estoque e s\u00e3o enviados com extrema rapidez.<\/li>\n<li>O frete pode ser simulado antes de efetuar a compra, basta clicar em \u201cver custos de envio\u201d.<\/li>\n<li>Verifique o endere\u00e7o de entrega cadastrado e atualize caso necess\u00e1rio.<\/li>\n<li>Confirme se a pe\u00e7a \u00e9 correta para o seu modelo de ve\u00edculo.<\/li>\n<li>Para pe\u00e7as automotivas, recomendamos a instala\u00e7\u00e3o por um profissional especializado.<\/li>\n<\/ul>\n<p>Caso possua outras d\u00favidas, entre em contato.<\/p>\n<\/div>\n<\/div>\n<\/form>\n<\/div>\n","protected":false},"excerpt":{"rendered":"<h2>Sensor Press\u00e3o Map VW Gol Parati Saveiro Santana Mi &#8211; 036906051<\/h2>\n<h2><\/h2>\n","protected":false},"featured_media":28774,"template":"","meta":{"_seopress_robots_primary_cat":"none","_seopress_titles_title":"","_seopress_titles_desc":"","_seopress_robots_index":"","_kad_blocks_custom_css":"","_kad_blocks_head_custom_js":"","_kad_blocks_body_custom_js":"","_kad_blocks_footer_custom_js":"","_joinchat":[]},"product_cat":[21,1610],"product_tag":[59,232,159,60],"berocket_brand":[396],"taxonomy_info":{"product_cat":[{"value":21,"label":"Inje\u00e7\u00e3o Eletr\u00f4nica"},{"value":1610,"label":"Sensor Map"}],"product_tag":[{"value":59,"label":"gol"},{"value":232,"label":"Parati"},{"value":159,"label":"Santana"},{"value":60,"label":"saveiro"}],"berocket_brand":[{"value":396,"label":"Volkswagen"}]},"featured_image_src_large":["https:\/\/www.casadainjecao.com.br\/loja\/wp-content\/uploads\/2022\/11\/036906051-4-900x712.jpg",640,506,true],"author_info":[],"comment_info":"","_links":{"self":[{"href":"https:\/\/www.casadainjecao.com.br\/loja\/wp-json\/wp\/v2\/product\/22059"}],"collection":[{"href":"https:\/\/www.casadainjecao.com.br\/loja\/wp-json\/wp\/v2\/product"}],"about":[{"href":"https:\/\/www.casadainjecao.com.br\/loja\/wp-json\/wp\/v2\/types\/product"}],"wp:featuredmedia":[{"embeddable":true,"href":"https:\/\/www.casadainjecao.com.br\/loja\/wp-json\/wp\/v2\/media\/28774"}],"wp:attachment":[{"href":"https:\/\/www.casadainjecao.com.br\/loja\/wp-json\/wp\/v2\/media?parent=22059"}],"wp:term":[{"taxonomy":"product_cat","embeddable":true,"href":"https:\/\/www.casadainjecao.com.br\/loja\/wp-json\/wp\/v2\/product_cat?post=22059"},{"taxonomy":"product_tag","embeddable":true,"href":"https:\/\/www.casadainjecao.com.br\/loja\/wp-json\/wp\/v2\/product_tag?post=22059"},{"taxonomy":"berocket_brand","embeddable":true,"href":"https:\/\/www.casadainjecao.com.br\/loja\/wp-json\/wp\/v2\/berocket_brand?post=22059"}],"curies":[{"name":"wp","href":"https:\/\/api.w.org\/{rel}","templated":true}]}}