{"id":22331,"date":"2022-12-09T09:27:07","date_gmt":"2022-12-09T12:27:07","guid":{"rendered":"https:\/\/www.casadainjecao.com.br\/loja\/?post_type=product&#038;p=22331"},"modified":"2024-03-09T15:28:05","modified_gmt":"2024-03-09T18:28:05","slug":"valvula-canister-fiat-palio-siena-uno-fire-55183807","status":"publish","type":"product","link":"https:\/\/www.casadainjecao.com.br\/loja\/autopecas\/injecao-eletronica\/valvula-canister\/valvula-canister-fiat-palio-siena-uno-fire-55183807\/","title":{"rendered":"V\u00e1lvula Canister Fiat Palio Siena Uno Fire &#8211; 55183807"},"content":{"rendered":"<h1>V\u00e1lvula Canister Fiat Palio Siena Uno Fire &#8211; 55183807<\/h1>\n","protected":false},"excerpt":{"rendered":"<h2>V\u00e1lvula Canister Original<\/h2>\n<h2>Fiat Fiorino &#8211; 1985 a 2013<br \/>\nFiat Idea &#8211;\u00a0 2006 a 2011<br \/>\nFiat Linea &#8211;\u00a0 2009 a 2014<br \/>\nFiat Palio &#8211;\u00a0 2001 a 2017<br \/>\nFiat Palio Weekend &#8211;\u00a0 2001 a 2012<br \/>\nFiat Punto &#8211;\u00a0 2008 a 2012<br \/>\nFiat Siena &#8211;\u00a0 2001 a 2013<br \/>\nFiat Strada &#8211;\u00a0 2001 a 2013<br \/>\nFiat Uno &#8211;\u00a0 1985 a 2013<br \/>\nFiat Uno Mille &#8211;\u00a0 1985 a 2013<\/h2>\n<h2>C\u00f3digo: &#8211; 55183807<\/h2>\n","protected":false},"featured_media":22333,"template":"","meta":{"_seopress_robots_primary_cat":"none","_seopress_titles_title":"","_seopress_titles_desc":"","_seopress_robots_index":"","_seopress_analysis_target_kw":"","_kad_blocks_custom_css":"","_kad_blocks_head_custom_js":"","_kad_blocks_body_custom_js":"","_kad_blocks_footer_custom_js":"","_kadence_starter_templates_imported_post":false,"_joinchat":[]},"product_brand":[],"product_cat":[21,271],"product_tag":[119,120,1714],"berocket_brand":[383],"class_list":{"0":"post-22331","1":"product","2":"type-product","3":"status-publish","4":"has-post-thumbnail","6":"product_cat-injecao-eletronica","7":"product_cat-valvula-canister","8":"product_tag-palio","9":"product_tag-siena","10":"product_tag-uno-fire","11":"berocket_brand-fiat","12":"thunk-woo-product-list","13":"big-store-woo-hover-zoom","14":"open-single-product-tab-horizontal","15":"open-shadow-","16":"open-shadow-hover-","18":"first","19":"outofstock","20":"sale","21":"taxable","22":"shipping-taxable","23":"purchasable","24":"product-type-simple"},"taxonomy_info":{"product_cat":[{"value":21,"label":"Inje\u00e7\u00e3o Eletr\u00f4nica"},{"value":271,"label":"Valvula Canister"}],"product_tag":[{"value":119,"label":"Palio"},{"value":120,"label":"Siena"},{"value":1714,"label":"Uno Fire"}],"berocket_brand":[{"value":383,"label":"Fiat"}]},"featured_image_src_large":["https:\/\/www.casadainjecao.com.br\/loja\/wp-content\/uploads\/2022\/12\/5518-623x780.jpg",623,780,true],"author_info":[],"comment_info":"","_links":{"self":[{"href":"https:\/\/www.casadainjecao.com.br\/loja\/wp-json\/wp\/v2\/product\/22331","targetHints":{"allow":["GET"]}}],"collection":[{"href":"https:\/\/www.casadainjecao.com.br\/loja\/wp-json\/wp\/v2\/product"}],"about":[{"href":"https:\/\/www.casadainjecao.com.br\/loja\/wp-json\/wp\/v2\/types\/product"}],"wp:featuredmedia":[{"embeddable":true,"href":"https:\/\/www.casadainjecao.com.br\/loja\/wp-json\/wp\/v2\/media\/22333"}],"wp:attachment":[{"href":"https:\/\/www.casadainjecao.com.br\/loja\/wp-json\/wp\/v2\/media?parent=22331"}],"wp:term":[{"taxonomy":"product_brand","embeddable":true,"href":"https:\/\/www.casadainjecao.com.br\/loja\/wp-json\/wp\/v2\/product_brand?post=22331"},{"taxonomy":"product_cat","embeddable":true,"href":"https:\/\/www.casadainjecao.com.br\/loja\/wp-json\/wp\/v2\/product_cat?post=22331"},{"taxonomy":"product_tag","embeddable":true,"href":"https:\/\/www.casadainjecao.com.br\/loja\/wp-json\/wp\/v2\/product_tag?post=22331"},{"taxonomy":"berocket_brand","embeddable":true,"href":"https:\/\/www.casadainjecao.com.br\/loja\/wp-json\/wp\/v2\/berocket_brand?post=22331"}],"curies":[{"name":"wp","href":"https:\/\/api.w.org\/{rel}","templated":true}]}}