{"id":22549,"date":"2023-01-03T12:00:40","date_gmt":"2023-01-03T15:00:40","guid":{"rendered":"https:\/\/www.casadainjecao.com.br\/loja\/?post_type=product&#038;p=22549"},"modified":"2026-05-07T17:30:30","modified_gmt":"2026-05-07T20:30:30","slug":"par-valvula-solenoide-captiva-2-4-escape-e-admissao-12655420-12655421","status":"publish","type":"product","link":"https:\/\/www.casadainjecao.com.br\/loja\/autopecas\/motor\/valvula-solenoide-cabecote\/par-valvula-solenoide-captiva-2-4-escape-e-admissao-12655420-12655421\/","title":{"rendered":"V\u00e1lvula Solenoide Gm Captiva Malibu 2.4 Admiss\u00e3o &#8211; 1"},"content":{"rendered":"<h1>V\u00e1vula Solenoide Admiss\u00e3o<\/h1>\n<h1>Conector Cinza<\/h1>\n<h1>Aplica\u00e7\u00e3o:<\/h1>\n<h1>Chevrolet<br \/>\nCaptiva &#8211; 2.4\/3.0\/3.6 &#8211; 2008 &#8230;..<br \/>\nMalibu &#8211; 2.4\/ 2009 a 2015<\/h1>\n<h1>C\u00f3digo: &#8211; 12628347\/12655420\/12646783\/716001<\/h1>\n","protected":false},"excerpt":{"rendered":"<h2>V\u00e1lvula Solenoide Gm Captiva Malibu 2.4 Admiss\u00e3o &#8211; 12628347<\/h2>\n","protected":false},"featured_media":25213,"template":"","meta":{"_seopress_robots_primary_cat":"none","_seopress_titles_title":"","_seopress_titles_desc":"","_seopress_robots_index":"","_seopress_analysis_target_kw":"","_kad_blocks_custom_css":"","_kad_blocks_head_custom_js":"","_kad_blocks_body_custom_js":"","_kad_blocks_footer_custom_js":"","_kadence_starter_templates_imported_post":false,"_joinchat":[]},"product_brand":[],"product_cat":[22,1584],"product_tag":[1670],"berocket_brand":[381],"class_list":{"0":"post-22549","1":"product","2":"type-product","3":"status-publish","4":"has-post-thumbnail","6":"product_cat-motor","7":"product_cat-valvula-solenoide-cabecote","8":"product_tag-captiva","9":"berocket_brand-chevrolet","10":"thunk-woo-product-list","11":"big-store-woo-hover-zoom","12":"open-single-product-tab-horizontal","13":"open-shadow-","14":"open-shadow-hover-","16":"first","17":"instock","18":"sale","19":"taxable","20":"shipping-taxable","21":"purchasable","22":"product-type-simple"},"taxonomy_info":{"product_cat":[{"value":22,"label":"Motor"},{"value":1584,"label":"Valvula Solenoide"}],"product_tag":[{"value":1670,"label":"Captiva"}],"berocket_brand":[{"value":381,"label":"Chevrolet"}]},"featured_image_src_large":["https:\/\/www.casadainjecao.com.br\/loja\/wp-content\/uploads\/2023\/01\/12628347-900x550.jpg",640,391,true],"author_info":[],"comment_info":"","_links":{"self":[{"href":"https:\/\/www.casadainjecao.com.br\/loja\/wp-json\/wp\/v2\/product\/22549","targetHints":{"allow":["GET"]}}],"collection":[{"href":"https:\/\/www.casadainjecao.com.br\/loja\/wp-json\/wp\/v2\/product"}],"about":[{"href":"https:\/\/www.casadainjecao.com.br\/loja\/wp-json\/wp\/v2\/types\/product"}],"wp:featuredmedia":[{"embeddable":true,"href":"https:\/\/www.casadainjecao.com.br\/loja\/wp-json\/wp\/v2\/media\/25213"}],"wp:attachment":[{"href":"https:\/\/www.casadainjecao.com.br\/loja\/wp-json\/wp\/v2\/media?parent=22549"}],"wp:term":[{"taxonomy":"product_brand","embeddable":true,"href":"https:\/\/www.casadainjecao.com.br\/loja\/wp-json\/wp\/v2\/product_brand?post=22549"},{"taxonomy":"product_cat","embeddable":true,"href":"https:\/\/www.casadainjecao.com.br\/loja\/wp-json\/wp\/v2\/product_cat?post=22549"},{"taxonomy":"product_tag","embeddable":true,"href":"https:\/\/www.casadainjecao.com.br\/loja\/wp-json\/wp\/v2\/product_tag?post=22549"},{"taxonomy":"berocket_brand","embeddable":true,"href":"https:\/\/www.casadainjecao.com.br\/loja\/wp-json\/wp\/v2\/berocket_brand?post=22549"}],"curies":[{"name":"wp","href":"https:\/\/api.w.org\/{rel}","templated":true}]}}