{"id":22623,"date":"2023-01-11T18:51:56","date_gmt":"2023-01-11T21:51:56","guid":{"rendered":"https:\/\/www.casadainjecao.com.br\/loja\/?post_type=product&#038;p=22623"},"modified":"2026-01-18T17:30:13","modified_gmt":"2026-01-18T20:30:13","slug":"chave-de-seta-renault-master-trafic-7701053058","status":"publish","type":"product","link":"https:\/\/www.casadainjecao.com.br\/loja\/autopecas\/eletrica\/chave-de-seta\/chave-de-seta-renault-master-trafic-7701053058\/","title":{"rendered":"Chave de Seta Renault Master Trafic &#8211; 7701053058"},"content":{"rendered":"<h2 class=\"ui-pdp-title\">Chave De Seta Farol Neblina Milha Buzina<\/h2>\n<p><strong>APLICA\u00c7\u00c3O:<\/strong><\/p>\n<ul>\n<li>MASTER &#8211; 2000 \u00c0 2010<br \/>\n\u2022 TRAFFIC &#8211; 1999 \u00c0 2002<\/li>\n<\/ul>\n<p>Especifica\u00e7\u00f5es T\u00e9cnicas:<br \/>\n\u2013 Marca: TORKEN<br \/>\n\u2013 Condi\u00e7\u00e3o do item: N O V O<br \/>\n\u2013 Modelo: CHAVE DE SETA<br \/>\n\u2013 Cont\u00e9m 1 chave de seta<\/p>\n<p>Com Buzina;<br \/>\n\u2022 Acionamento de Lanternas e Far\u00f3is;<br \/>\n\u2022 Com Anti-Neblina Dianteiro e Traseiro.<br \/>\n\u2013C\u00f3digo de Refer\u00eancia: \u2013 7701053058, 7701044279, 7701044278, 713018<\/p>\n<h4>Confirme a numera\u00e7\u00e3o antes da compra. Se a numera\u00e7\u00e3o da pe\u00e7a do an\u00fancio for igual a da pe\u00e7a do seu ve\u00edculo, ser\u00e1 compat\u00edvel.<\/h4>\n<h4><strong>Garantia:<\/strong><\/h4>\n<p>3 Meses<strong>\u00a0<\/strong><\/p>\n<h3>ATEN\u00c7\u00c3O: Antes de efetuar a compra verifique o c\u00f3digo da sua pe\u00e7a que est\u00e1 instalada no seu ve\u00edculo.<\/h3>\n<p>&nbsp;<\/p>\n<p>A Casa da Inje\u00e7\u00e3o oferece total garantia nos produtos comprados em nosso site.<\/p>\n<ol>\n<li>Cada item \u00e9 rigorosamente testado antes do envio<\/li>\n<li>Se os itens estiverem danificados ou parcialmente defeituosos, entre em contato conosco.<\/li>\n<\/ol>\n<p>Se houver qualquer defeito, n\u00f3s lhe enviaremos uma substitui\u00e7\u00e3o ap\u00f3s receber o pacote ou devolvemos seu dinheiro.<\/p>\n<p>Leia nossa\u00a0<a href=\"https:\/\/www.casadainjecao.com.br\/loja\/politica-de-devolucao\">pol\u00edtica de devolu\u00e7\u00e3o aqui<\/a><\/p>\n<p>\u2014\u2014\u2014\u2014\u2014\u2014\u2014\u2014\u2014\u2014\u2014\u2014\u2014\u2014\u2014\u2014\u2014\u2014\u2014\u2013<\/p>\n<p><strong>Tem alguma d\u00favida?<\/strong><\/p>\n<p>Entre em contato que podemos ajudar!<\/p>\n<p>Confira as informa\u00e7\u00f5es adicionais abaixo:<\/p>\n<ul>\n<li>Todos os nossos produtos s\u00e3o novos, semi-novos, originais e paralelos possuem garantia.<\/li>\n<li>Todos os produtos anunciados est\u00e3o dispon\u00edveis em estoque e s\u00e3o enviados com extrema rapidez.<\/li>\n<li>O frete pode ser simulado antes de efetuar a compra, basta clicar em \u201cver custos de envio\u201d.<\/li>\n<li>Verifique o endere\u00e7o de entrega cadastrado e atualize caso necess\u00e1rio.<\/li>\n<li>Confirme se a pe\u00e7a \u00e9 correta para o seu modelo de ve\u00edculo.<\/li>\n<li>Para pe\u00e7as automotivas, recomendamos a instala\u00e7\u00e3o por um profissional especializado.<\/li>\n<\/ul>\n<p>Caso possua outras d\u00favidas, entre em contato.<\/p>\n","protected":false},"excerpt":{"rendered":"<h2>Chave de Seta Renault Master Trafic Kangoo &#8211; 7701053058<\/h2>\n<p>APLICA\u00c7\u00c3O:<\/p>\n<p>Renault Master\u00a0 &#8211; 2000 a 2010<\/p>\n<p>Renault Trafic\u00a0 &#8211; 1999 a 2002<\/p>\n<p>Renault Kangoo &#8211; 1.0 8v, 1.6 8v, 1.6 16v &#8211; 1997 at\u00e9 2018<\/p>\n<p>Renault Kangoo Express &#8211; 1.0 8v, 1.6 8v, 1.6 16v &#8211; 1997 at\u00e9 2018<\/p>\n<p>Especifica\u00e7\u00f5es T\u00e9cnicas:<br \/>\n\u2013 Marca: TORKEN<br \/>\n\u2013 Condi\u00e7\u00e3o do item: N O V O<br \/>\n\u2013 Modelo: CHAVE DE SETA<br \/>\n\u2013 Cont\u00e9m 1 chave de seta<\/p>\n<h2><\/h2>\n<p>&nbsp;<\/p>\n","protected":false},"featured_media":22627,"template":"","meta":{"_seopress_robots_primary_cat":"none","_seopress_titles_title":"","_seopress_titles_desc":"","_seopress_robots_index":"","_joinchat":[]},"product_cat":[130,17],"product_tag":[81,152],"berocket_brand":[394],"_links":{"self":[{"href":"https:\/\/www.casadainjecao.com.br\/loja\/wp-json\/wp\/v2\/product\/22623"}],"collection":[{"href":"https:\/\/www.casadainjecao.com.br\/loja\/wp-json\/wp\/v2\/product"}],"about":[{"href":"https:\/\/www.casadainjecao.com.br\/loja\/wp-json\/wp\/v2\/types\/product"}],"wp:featuredmedia":[{"embeddable":true,"href":"https:\/\/www.casadainjecao.com.br\/loja\/wp-json\/wp\/v2\/media\/22627"}],"wp:attachment":[{"href":"https:\/\/www.casadainjecao.com.br\/loja\/wp-json\/wp\/v2\/media?parent=22623"}],"wp:term":[{"taxonomy":"product_cat","embeddable":true,"href":"https:\/\/www.casadainjecao.com.br\/loja\/wp-json\/wp\/v2\/product_cat?post=22623"},{"taxonomy":"product_tag","embeddable":true,"href":"https:\/\/www.casadainjecao.com.br\/loja\/wp-json\/wp\/v2\/product_tag?post=22623"},{"taxonomy":"berocket_brand","embeddable":true,"href":"https:\/\/www.casadainjecao.com.br\/loja\/wp-json\/wp\/v2\/berocket_brand?post=22623"}],"curies":[{"name":"wp","href":"https:\/\/api.w.org\/{rel}","templated":true}]}}