{"id":22671,"date":"2023-01-12T16:00:33","date_gmt":"2023-01-12T19:00:33","guid":{"rendered":"https:\/\/www.casadainjecao.com.br\/loja\/?post_type=product&#038;p=22671"},"modified":"2026-04-15T16:16:02","modified_gmt":"2026-04-15T19:16:02","slug":"bobina-ignicao-clio-kangoo-206-1-0-16v-gasolina-8200084401","status":"publish","type":"product","link":"https:\/\/www.casadainjecao.com.br\/loja\/autopecas\/eletrica\/bobina-de-ignicao\/bobina-ignicao-clio-kangoo-206-1-0-16v-gasolina-8200084401\/","title":{"rendered":"Bobina Igni\u00e7\u00e3o Renault Clio Kangoo Peugeot 206 Flex &#8211"},"content":{"rendered":"<h2>Bobina Igni\u00e7\u00e3o<\/h2>\n<p>Renault Clio Hacth 5 portas &#8211; 1.0 8v &#8211; RL \/ RN \/RT\/ Authentique \/ Expression, &#8211; Ano 1998 ATE 2018<\/p>\n<p>Renault Clio Hacth 5 portas &#8211; 1.0 16v &#8211; RL \/ RN \/ RT \/ Alize \/ Authentique \/ Expression \/ Privil\u00e8ge, &#8211; Ano 1998 ATE 2018<\/p>\n<p>Renault Cio Hacth 5 portas &#8211; 1.6 8v, 1.6 16v\u00a0 &#8211; RL \/ RN \/ RT \/ Authentique \/ Expression \/ Privil\u00e8ge \/ Alize, &#8211; Ano 1998 ATE 2018<\/p>\n<p>Renault Clio\u00a0 Hacth 5 portas &#8211; 1.6 16v\u00a0 &#8211; Authentique \/ Expression \/ Privil\u00e8ge (Hi FLEX),Authentique \/ Expressio, &#8211; Ano 1998 ATE 2018<\/p>\n<p>Renault Clio Sedan &#8211; 1.6 16v &#8211; Privil\u00e8ge, RN \/ RT \/ Alize \/ Authentique \/Expression \/ Privil\u00e8ge \/SI,RN \/ RT \/Alize, (Flex) &#8211; Ano 1998 ate 2018<\/p>\n<p>Renault Clio Sedan &#8211; 1.6 8v &#8211; RN\/ RT, Ano 1998 ate 2018<\/p>\n<p>Renault Kangoo &#8211; 1.0 8v, 1.0 16v, 1.6 8v &#8211; RL\/RN\/RT<\/p>\n<p>Renault Kangoo- 1.6 16v &#8211; RN\/RT\/Authentique \/ Sportway (FLEX),Authentique \/ Sportway FLEX) &#8211; Ano 1997 ATE 2018<\/p>\n<p>Renault Kangoo Express 1.0 8v, 1.0 16v, 1.6 8v &#8211; RL\/ Ano 1997 ATE\u00a0 2018<\/p>\n<p>Renault Kangoo Express 1.6 16v &#8211; RL,RL (Hi FLEX), Express (FLEX) Ano 1997 ATE 2018<\/p>\n<p>Renault Sandero G2 &#8211; 1.0 16v,1.0 12v, 1.6 8v, 1.6 16v, 2.0 16v &#8211; Dynamique\/ Stepway, Expression\/ Expression\/Stepway , RS (FLEX) &#8211; Ano 2013 ATE 2022<\/p>\n<p>Renault Logan G2 &#8211; 1.0 16v, 1.6 8v, 1.6 16v &#8211; Dynamique \/ Stepway, Expression \/ Dynamique \/ (FLEX) &#8211; Ano 2013 ATE 2022<\/p>\n<p>Renault Logan 1.0 16v, 1.8 16v, 1.6 16v &#8211; Authentique \/ Expression \/ Privil\u00e8ge (FLEX) &#8211; Ano 2002 ATE 2013<\/p>\n<p>Renault Twingo &#8211; 1.0 8v, 1.0 16v, 1.1 8v, 1.2 8v\u00a0 &#8211; 1993 ATE 2017<\/p>\n<p><strong>PEUGEOT<\/strong><\/p>\n<p>Peugeot 206 \u00a01.0 16v 4 Pinos 2000 a 2010<\/p>\n<h4>C\u00f3digo de Refer\u00eancia:<\/h4>\n<p>8200084401, 8200360911,8200025256, 7901010<\/p>\n<h4>Condi\u00e7\u00f5es:<\/h4>\n<p>Novo Importado \/ Marca Torken<\/p>\n<h4>Especifica\u00e7\u00f5es:<\/h4>\n<p>Conector 4 Pinos \/ 4 Cabos \/ 3 Parafuso de Fixa\u00e7\u00e3o<\/p>\n<h3>Garantia:<\/h3>\n<p>3 Meses<\/p>\n<h3><strong>ATEN\u00c7\u00c3O<\/strong>: <strong>Antes de efetuar a compra verifique o c\u00f3digo da pe\u00e7a que est\u00e1 instalada no seu ve\u00edculo.<\/strong><\/h3>\n<h4>O que \u00e9 e para que serve a Bobina Igni\u00e7\u00e3o?<\/h4>\n<p>A Bobina de igni\u00e7\u00e3o eleva a tens\u00e3o da bateria (normalmente em torno de 12 volts) para uma tens\u00e3o muito alta, geralmente entre 20.000 e 40.000 volts. Essa alta tens\u00e3o \u00e9 necess\u00e1ria para criar a fa\u00edsca nas velas de igni\u00e7\u00e3o.<\/p>\n<p>&nbsp;<\/p>\n<p>A Casa da Inje\u00e7\u00e3o oferece total garantia nos produtos comprados em nosso site.<\/p>\n<ol>\n<li>Cada item \u00e9 rigorosamente testado antes do envio<\/li>\n<li>Se os itens estiverem danificados ou parcialmente defeituosos, entre em contato conosco.<\/li>\n<\/ol>\n<p>Se houver qualquer defeito, n\u00f3s lhe enviaremos uma substitui\u00e7\u00e3o ap\u00f3s receber o pacote ou devolvemos seu dinheiro.<\/p>\n<p>Leia nossa\u00a0<span style=\"color: #ff0000;\"><a style=\"color: #ff0000;\" href=\"https:\/\/www.casadainjecao.com.br\/loja\/politica-de-devolucao\">pol\u00edtica de devolu\u00e7\u00e3o aqui<\/a><\/span><\/p>\n<p>\u2014\u2014\u2014\u2014\u2014\u2014\u2014\u2014\u2014\u2014\u2014\u2014\u2014\u2014\u2014\u2014\u2014\u2014\u2014\u2014-<\/p>\n<h4>Tem alguma d\u00favida?<\/h4>\n<p>Entre em contato que podemos ajudar!<\/p>\n<p>Confira as informa\u00e7\u00f5es adicionais abaixo:<\/p>\n<ul>\n<li>Todos os nossos produtos s\u00e3o novos, semi-novos, originais, paralelos e possuem garantia.<\/li>\n<li>Todos os produtos anunciados est\u00e3o dispon\u00edveis em estoque e s\u00e3o enviados com extrema rapidez.<\/li>\n<li>O frete pode ser simulado antes de efetuar a compra, basta clicar em \u201cver custos de envio\u201d.<\/li>\n<li>Verifique o endere\u00e7o de entrega cadastrado e atualize caso necess\u00e1rio.<\/li>\n<li>Confirme se a pe\u00e7a \u00e9 correta para o seu modelo de ve\u00edculo.<\/li>\n<li>Para pe\u00e7as automotivas, recomendamos a instala\u00e7\u00e3o por um profissional especializado.<\/li>\n<\/ul>\n<p>Caso possua outras d\u00favidas, entre em contato.<\/p>\n","protected":false},"excerpt":{"rendered":"<h2 class=\"ui-pdp-title\">Bobina Igni\u00e7\u00e3o Renault Clio Kangoo Peugeot 206 1.0 16v Flex Nova &#8211; 8200084401<\/h2>\n","protected":false},"featured_media":38084,"template":"","meta":{"_seopress_robots_primary_cat":"none","_seopress_titles_title":"","_seopress_titles_desc":"","_seopress_robots_index":"","_kad_blocks_custom_css":"","_kad_blocks_head_custom_js":"","_kad_blocks_body_custom_js":"","_kad_blocks_footer_custom_js":"","_joinchat":[]},"product_cat":[106,17],"product_tag":[49,57,66,132,91,53],"berocket_brand":[393,394],"taxonomy_info":{"product_cat":[{"value":106,"label":"Bobina de Igni\u00e7\u00e3o"},{"value":17,"label":"El\u00e9trica"}],"product_tag":[{"value":49,"label":"Clio"},{"value":57,"label":"Kangoo"},{"value":66,"label":"Logan"},{"value":132,"label":"Peugeot 206"},{"value":91,"label":"Sandero"},{"value":53,"label":"Twingo"}],"berocket_brand":[{"value":393,"label":"Peugeot"},{"value":394,"label":"Renault"}]},"featured_image_src_large":["https:\/\/www.casadainjecao.com.br\/loja\/wp-content\/uploads\/2023\/01\/Bobina-Ignicao-Renault-Clio-Kangoo-Peugeot-206-Flex-8200084401-920x920.jpg",640,640,true],"author_info":[],"comment_info":"","_links":{"self":[{"href":"https:\/\/www.casadainjecao.com.br\/loja\/wp-json\/wp\/v2\/product\/22671"}],"collection":[{"href":"https:\/\/www.casadainjecao.com.br\/loja\/wp-json\/wp\/v2\/product"}],"about":[{"href":"https:\/\/www.casadainjecao.com.br\/loja\/wp-json\/wp\/v2\/types\/product"}],"wp:featuredmedia":[{"embeddable":true,"href":"https:\/\/www.casadainjecao.com.br\/loja\/wp-json\/wp\/v2\/media\/38084"}],"wp:attachment":[{"href":"https:\/\/www.casadainjecao.com.br\/loja\/wp-json\/wp\/v2\/media?parent=22671"}],"wp:term":[{"taxonomy":"product_cat","embeddable":true,"href":"https:\/\/www.casadainjecao.com.br\/loja\/wp-json\/wp\/v2\/product_cat?post=22671"},{"taxonomy":"product_tag","embeddable":true,"href":"https:\/\/www.casadainjecao.com.br\/loja\/wp-json\/wp\/v2\/product_tag?post=22671"},{"taxonomy":"berocket_brand","embeddable":true,"href":"https:\/\/www.casadainjecao.com.br\/loja\/wp-json\/wp\/v2\/berocket_brand?post=22671"}],"curies":[{"name":"wp","href":"https:\/\/api.w.org\/{rel}","templated":true}]}}