{"id":22687,"date":"2023-01-12T18:43:39","date_gmt":"2023-01-12T21:43:39","guid":{"rendered":"https:\/\/www.casadainjecao.com.br\/loja\/?post_type=product&#038;p=22687"},"modified":"2026-04-29T16:30:08","modified_gmt":"2026-04-29T19:30:08","slug":"bobina-de-ignicao-renault-kangoo-clio-1-4-1-6-16v-7700100589","status":"publish","type":"product","link":"https:\/\/www.casadainjecao.com.br\/loja\/autopecas\/eletrica\/bobina-de-ignicao\/bobina-de-ignicao-renault-kangoo-clio-1-4-1-6-16v-7700100589\/","title":{"rendered":"Bobina de Igni\u00e7\u00e3o Renault Kangoo Clio 1.4\/1.6\/16v &#8211; "},"content":{"rendered":"<h2>Torken do Brasil Refer\u00eancia em qualidade e Confian\u00e7a em Pe\u00e7as Automotivas.<\/h2>\n<h2>Bobina de Igni\u00e7\u00e3o<\/h2>\n<p>Aplica\u00e7\u00e3o:<br \/>\nCompat\u00edvel com ve\u00edculos da linha Renault:<\/p>\n<p>Kangoo 1.4 \/ 1.6 16V \u2013 1997 1998 1999 2000 2001 2002 2003 2004 2005<br \/>\nClio 1.4 \/ 1.6 16V \u2013 1997 1998 1999 2000 2001 2002 2003 2004 2005<br \/>\nM\u00e9gane 1.6 \u2013 1995 1996<br \/>\nSc\u00e9nic 1.6 \u2013 1995 1996<\/p>\n<p>C\u00f3digos de refer\u00eancia:<br \/>\n7700100589 | 901052 | KH-5725<\/p>\n<p>Condi\u00e7\u00e3o:<br \/>\nProduto novo<br \/>\nMarca: Torken<\/p>\n<p>Garantia:<br \/>\n3 meses<\/p>\n<h3>ATEN\u00c7\u00c3O:<br \/>\nAntes de efetuar a compra, verifique se o c\u00f3digo da pe\u00e7a instalada em seu ve\u00edculo \u00e9 compat\u00edvel com este produto.<\/h3>\n<p>A Casa da Inje\u00e7\u00e3o oferece total garantia nos produtos comprados em nosso site.<\/p>\n<p>Cada item \u00e9 rigorosamente testado antes do envio<br \/>\nSe os itens estiverem danificados ou parcialmente defeituosos, entre em contato conosco.<br \/>\nSe houver qualquer defeito, n\u00f3s lhe enviaremos uma substitui\u00e7\u00e3o ap\u00f3s receber o pacote ou devolvemos seu dinheiro.<\/p>\n<p>Leia nossa\u00a0<a href=\"https:\/\/www.casadainjecao.com.br\/loja\/politica-de-devolucao\">pol\u00edtica de devolu\u00e7\u00e3o aqui<\/a><\/p>\n<p>\u2014\u2014\u2014\u2014\u2014\u2014\u2014\u2014\u2014\u2014\u2014\u2014\u2014\u2014\u2014\u2014\u2014\u2014\u2014\u2013<\/p>\n<p>Tem alguma d\u00favida?<\/p>\n<p>Entre em contato que podemos ajudar!<\/p>\n<p>Confira as informa\u00e7\u00f5es adicionais abaixo:<\/p>\n<p>Todos os nossos produtos s\u00e3o novos, semi-novos, originais e paralelos possuem garantia.<br \/>\nTodos os produtos anunciados est\u00e3o dispon\u00edveis em estoque e s\u00e3o enviados com extrema rapidez.<br \/>\nO frete pode ser simulado antes de efetuar a compra, basta clicar em \u201cver custos de envio\u201d.<br \/>\nVerifique o endere\u00e7o de entrega cadastrado e atualize caso necess\u00e1rio.<br \/>\nConfirme se a pe\u00e7a \u00e9 correta para o seu modelo de ve\u00edculo.<br \/>\nPara pe\u00e7as automotivas, recomendamos a instala\u00e7\u00e3o por um profissional especializado.<br \/>\nCaso possua outras d\u00favidas, entre em contato<\/p>\n","protected":false},"excerpt":{"rendered":"<h2>Bobina de Igni\u00e7\u00e3o Renault Kangoo Clio 1.4\/1.6\/16v &#8211; 7700100589<\/h2>\n","protected":false},"featured_media":26265,"template":"","meta":{"_seopress_robots_primary_cat":"none","_seopress_titles_title":"","_seopress_titles_desc":"","_seopress_robots_index":"","_seopress_analysis_target_kw":"","_kad_blocks_custom_css":"","_kad_blocks_head_custom_js":"","_kad_blocks_body_custom_js":"","_kad_blocks_footer_custom_js":"","_kadence_starter_templates_imported_post":false,"_joinchat":[]},"product_brand":[],"product_cat":[106,17],"product_tag":[49,57],"berocket_brand":[394],"class_list":{"0":"post-22687","1":"product","2":"type-product","3":"status-publish","4":"has-post-thumbnail","6":"product_cat-bobina-de-ignicao","7":"product_cat-eletrica","8":"product_tag-clio","9":"product_tag-kangoo","10":"berocket_brand-renault","11":"thunk-woo-product-list","12":"big-store-woo-hover-zoom","13":"open-single-product-tab-horizontal","14":"open-shadow-","15":"open-shadow-hover-","17":"first","18":"instock","19":"sale","20":"taxable","21":"shipping-taxable","22":"purchasable","23":"product-type-simple"},"taxonomy_info":{"product_cat":[{"value":106,"label":"Bobina de Igni\u00e7\u00e3o"},{"value":17,"label":"El\u00e9trica"}],"product_tag":[{"value":49,"label":"Clio"},{"value":57,"label":"Kangoo"}],"berocket_brand":[{"value":394,"label":"Renault"}]},"featured_image_src_large":["https:\/\/www.casadainjecao.com.br\/loja\/wp-content\/uploads\/2023\/01\/7700100589-1-726x780.jpg",640,688,true],"author_info":[],"comment_info":"","_links":{"self":[{"href":"https:\/\/www.casadainjecao.com.br\/loja\/wp-json\/wp\/v2\/product\/22687","targetHints":{"allow":["GET"]}}],"collection":[{"href":"https:\/\/www.casadainjecao.com.br\/loja\/wp-json\/wp\/v2\/product"}],"about":[{"href":"https:\/\/www.casadainjecao.com.br\/loja\/wp-json\/wp\/v2\/types\/product"}],"wp:featuredmedia":[{"embeddable":true,"href":"https:\/\/www.casadainjecao.com.br\/loja\/wp-json\/wp\/v2\/media\/26265"}],"wp:attachment":[{"href":"https:\/\/www.casadainjecao.com.br\/loja\/wp-json\/wp\/v2\/media?parent=22687"}],"wp:term":[{"taxonomy":"product_brand","embeddable":true,"href":"https:\/\/www.casadainjecao.com.br\/loja\/wp-json\/wp\/v2\/product_brand?post=22687"},{"taxonomy":"product_cat","embeddable":true,"href":"https:\/\/www.casadainjecao.com.br\/loja\/wp-json\/wp\/v2\/product_cat?post=22687"},{"taxonomy":"product_tag","embeddable":true,"href":"https:\/\/www.casadainjecao.com.br\/loja\/wp-json\/wp\/v2\/product_tag?post=22687"},{"taxonomy":"berocket_brand","embeddable":true,"href":"https:\/\/www.casadainjecao.com.br\/loja\/wp-json\/wp\/v2\/berocket_brand?post=22687"}],"curies":[{"name":"wp","href":"https:\/\/api.w.org\/{rel}","templated":true}]}}