{"id":22773,"date":"2023-01-13T17:43:22","date_gmt":"2023-01-13T20:43:22","guid":{"rendered":"https:\/\/www.casadainjecao.com.br\/loja\/?post_type=product&#038;p=22773"},"modified":"2025-05-17T22:28:05","modified_gmt":"2025-05-18T01:28:05","slug":"anel-retentor-de-borracha-renault-laguna-7701047893","status":"publish","type":"product","link":"https:\/\/www.casadainjecao.com.br\/loja\/autopecas\/motor\/aneis\/anel-retentor-de-borracha-renault-laguna-7701047893\/","title":{"rendered":"Anel Retentor de Borracha Renault Laguna &#8211; 7701047893"},"content":{"rendered":"<h2>Anel Retentor de Borracha<\/h2>\n<p><strong>RENAULT<\/strong><\/p>\n<p>Renault Laguna RT, RXE, V6, Executive 2.0 8v 2.0 16v 3.0 12v (1993 a 2011)<\/p>\n<p>Renault Sandero Authentique, expression flex, Privil\u00e9ge flex, Stepway flex, Vibe flex, GT line 1.0 16v 1.6 8v 1.6 16v (2002 a 2013)<\/p>\n<p>Renault\u00a0 Captur Intense flex, Zen 1.6 16v 2.0 16v (2001 a 2020)<\/p>\n<p>Renault Duster Expression, Dynamique flex 1.6 16v 2.0 16v (2001 a 2018)<\/p>\n<p>Renault M\u00e9gane II Dynamique flex, Expression, Extreme, Privil\u00e9ge 1.6 16v (2001 a 2016)<\/p>\n<p>Renault Laguna II Expression, Privil\u00e9ge v6 2.0 16v 3.0 24v (2000 a 2016)<\/p>\n<p>Renault Grand Sc\u00e9nic Dynamique 2.0 16v (2002 a 2018)<\/p>\n<p>Renault Sc\u00e9nic I RT, RXE, Egeus, Expression, Privil\u00e9ge, RN, Alize, Authentique, Expression, Privil\u00e9ge flex, Sportway 1.6 16v 2.0 8v 2.0 16v (1996 a 2017)<\/p>\n<h4><strong>C\u00f3digo de refer\u00eancia:<\/strong><\/h4>\n<p>7701047893<\/p>\n<p><strong>Condi\u00e7\u00f5es:<\/strong><\/p>\n<p>Novo Original \/ Marca Renault<\/p>\n<h4><strong>Garantia:<\/strong><\/h4>\n<p>3 Meses<strong>\u00a0<\/strong><\/p>\n<h3><strong>ATEN\u00c7\u00c3O<\/strong>: Antes de efetuar a compra verifique o c\u00f3digo da pe\u00e7a que est\u00e1 instalada no seu ve\u00edculo.<\/h3>\n<h3><strong>APLICA\u00c7\u00c3O:<\/strong><\/h3>\n<p>Linha Renault<\/p>\n<h4><strong>\u00a0O que \u00e9 e <\/strong><strong>para que serve o <\/strong>Anel Retentor de Borracha?<\/h4>\n<p>O Anel Retentor de borracha \u00e9 usado para vedar diferentes pe\u00e7as do motor como: virabrequim, eixo de comando de v\u00e1lvulas etc. Isso ajuda a evitar vazamentos de \u00f3leo, garantindo que o \u00f3leo permane\u00e7a dentro do motor e n\u00e3o escape para o ambiente.<\/p>\n<p>&nbsp;<\/p>\n<p>A Casa da Inje\u00e7\u00e3o oferece total garantia nos produtos comprados em nosso site.<\/p>\n<ol>\n<li>Cada item \u00e9 rigorosamente testado antes do envio<\/li>\n<li>Se os itens estiverem danificados ou parcialmente defeituosos, entre em contato conosco.<\/li>\n<\/ol>\n<p>Se houver qualquer defeito, n\u00f3s lhe enviaremos uma substitui\u00e7\u00e3o ap\u00f3s receber o pacote ou devolvemos seu dinheiro.<\/p>\n<p>Leia nossa<span style=\"color: #ff0000;\">\u00a0<a style=\"color: #ff0000;\" href=\"https:\/\/www.casadainjecao.com.br\/loja\/politica-de-devolucao\">pol\u00edtica de devolu\u00e7\u00e3o aqui<\/a><\/span><\/p>\n<p>\u2014\u2014\u2014\u2014\u2014\u2014\u2014\u2014\u2014\u2014\u2014\u2014\u2014\u2014\u2014\u2014\u2014\u2014\u2014\u2014-<\/p>\n<p><strong>Tem alguma d\u00favida?<\/strong><\/p>\n<p>Entre em contato que podemos ajudar!<\/p>\n<p>Confira as informa\u00e7\u00f5es adicionais abaixo:<\/p>\n<ul>\n<li>Todos os nossos produtos s\u00e3o novos, semi-novos, originais e paralelos possuem garantia.<\/li>\n<li>Todos os produtos anunciados est\u00e3o dispon\u00edveis em estoque e s\u00e3o enviados com extrema rapidez.<\/li>\n<li>O frete pode ser simulado antes de efetuar a compra, basta clicar em \u201cver custos de envio\u201d.<\/li>\n<li>Verifique o endere\u00e7o de entrega cadastrado e atualize caso necess\u00e1rio.<\/li>\n<li>Confirme se a pe\u00e7a \u00e9 correta para o seu modelo de ve\u00edculo.<\/li>\n<li>Para pe\u00e7as automotivas, recomendamos a instala\u00e7\u00e3o por um profissional especializado.<\/li>\n<\/ul>\n<p>Caso possua outras d\u00favidas, entre em contato.<\/p>\n<p>&nbsp;<\/p>\n<p>&nbsp;<\/p>\n","protected":false},"excerpt":{"rendered":"<h2>Anel Retentor de Borracha Renault Laguna &#8211; 7701047893<\/h2>\n<h2><\/h2>\n","protected":false},"featured_media":22776,"template":"","meta":{"_seopress_robots_primary_cat":"none","_seopress_titles_title":"","_seopress_titles_desc":"","_seopress_robots_index":"","_joinchat":[]},"product_cat":[192,22,238],"product_tag":[173,52,1788,150,147,91,1843],"berocket_brand":[394],"_links":{"self":[{"href":"https:\/\/www.casadainjecao.com.br\/loja\/wp-json\/wp\/v2\/product\/22773"}],"collection":[{"href":"https:\/\/www.casadainjecao.com.br\/loja\/wp-json\/wp\/v2\/product"}],"about":[{"href":"https:\/\/www.casadainjecao.com.br\/loja\/wp-json\/wp\/v2\/types\/product"}],"wp:featuredmedia":[{"embeddable":true,"href":"https:\/\/www.casadainjecao.com.br\/loja\/wp-json\/wp\/v2\/media\/22776"}],"wp:attachment":[{"href":"https:\/\/www.casadainjecao.com.br\/loja\/wp-json\/wp\/v2\/media?parent=22773"}],"wp:term":[{"taxonomy":"product_cat","embeddable":true,"href":"https:\/\/www.casadainjecao.com.br\/loja\/wp-json\/wp\/v2\/product_cat?post=22773"},{"taxonomy":"product_tag","embeddable":true,"href":"https:\/\/www.casadainjecao.com.br\/loja\/wp-json\/wp\/v2\/product_tag?post=22773"},{"taxonomy":"berocket_brand","embeddable":true,"href":"https:\/\/www.casadainjecao.com.br\/loja\/wp-json\/wp\/v2\/berocket_brand?post=22773"}],"curies":[{"name":"wp","href":"https:\/\/api.w.org\/{rel}","templated":true}]}}