{"id":22838,"date":"2023-01-17T11:53:30","date_gmt":"2023-01-17T14:53:30","guid":{"rendered":"https:\/\/www.casadainjecao.com.br\/loja\/?post_type=product&#038;p=22838"},"modified":"2024-03-19T11:53:36","modified_gmt":"2024-03-19T14:53:36","slug":"mola-valvula-admissao-escape-renault-master-8200317145","status":"publish","type":"product","link":"https:\/\/www.casadainjecao.com.br\/loja\/autopecas\/motor\/mola-de-valvula\/mola-valvula-admissao-escape-renault-master-8200317145\/","title":{"rendered":"Mola V\u00e1lvula Admiss\u00e3o Escape Renault Master &#8211; 820031"},"content":{"rendered":"<h1>Mola V\u00e1lvula Admiss\u00e3o Escape Renault Master &#8211; 8200317145<\/h1>\n","protected":false},"excerpt":{"rendered":"<h2 class=\"ui-pdp-title\">Mola V\u00e1lvula Admiss\u00e3o Escape<\/h2>\n<h2 class=\"ui-pdp-title\">Renault Master 2.3 16v Dci 2013&#8230;<br \/>\nRenault Megane III<br \/>\nRenault Laguna III<br \/>\nRenault Scenic III<\/h2>\n<h2>C\u00f3digo &#8211; 8200317145<\/h2>\n<h2>c &#8211; 70<\/h2>\n","protected":false},"featured_media":22841,"template":"","meta":{"_seopress_robots_primary_cat":"none","_seopress_titles_title":"","_seopress_titles_desc":"","_seopress_robots_index":"","_kad_blocks_custom_css":"","_kad_blocks_head_custom_js":"","_kad_blocks_body_custom_js":"","_kad_blocks_footer_custom_js":"","_joinchat":[]},"product_cat":[227,22],"product_tag":[1724,81,1309,1257],"berocket_brand":[394],"taxonomy_info":{"product_cat":[{"value":227,"label":"Mola de Valvula"},{"value":22,"label":"Motor"}],"product_tag":[{"value":1724,"label":"Laguna III"},{"value":81,"label":"Master"},{"value":1309,"label":"Megane III"},{"value":1257,"label":"Scenic III"}],"berocket_brand":[{"value":394,"label":"Renault"}]},"featured_image_src_large":["https:\/\/www.casadainjecao.com.br\/loja\/wp-content\/uploads\/2023\/01\/8200317145-780x780.jpg",640,640,true],"author_info":[],"comment_info":"","_links":{"self":[{"href":"https:\/\/www.casadainjecao.com.br\/loja\/wp-json\/wp\/v2\/product\/22838"}],"collection":[{"href":"https:\/\/www.casadainjecao.com.br\/loja\/wp-json\/wp\/v2\/product"}],"about":[{"href":"https:\/\/www.casadainjecao.com.br\/loja\/wp-json\/wp\/v2\/types\/product"}],"wp:featuredmedia":[{"embeddable":true,"href":"https:\/\/www.casadainjecao.com.br\/loja\/wp-json\/wp\/v2\/media\/22841"}],"wp:attachment":[{"href":"https:\/\/www.casadainjecao.com.br\/loja\/wp-json\/wp\/v2\/media?parent=22838"}],"wp:term":[{"taxonomy":"product_cat","embeddable":true,"href":"https:\/\/www.casadainjecao.com.br\/loja\/wp-json\/wp\/v2\/product_cat?post=22838"},{"taxonomy":"product_tag","embeddable":true,"href":"https:\/\/www.casadainjecao.com.br\/loja\/wp-json\/wp\/v2\/product_tag?post=22838"},{"taxonomy":"berocket_brand","embeddable":true,"href":"https:\/\/www.casadainjecao.com.br\/loja\/wp-json\/wp\/v2\/berocket_brand?post=22838"}],"curies":[{"name":"wp","href":"https:\/\/api.w.org\/{rel}","templated":true}]}}