{"id":23018,"date":"2023-01-24T18:52:12","date_gmt":"2023-01-24T21:52:12","guid":{"rendered":"https:\/\/www.casadainjecao.com.br\/loja\/?post_type=product&#038;p=23018"},"modified":"2024-12-19T18:16:26","modified_gmt":"2024-12-19T21:16:26","slug":"tampao-da-carcaca-termostatica-renault-scenic-8200293992","status":"publish","type":"product","link":"https:\/\/www.casadainjecao.com.br\/loja\/autopecas\/motor\/carcaca-valvula-termostatica\/tampao-da-carcaca-termostatica-renault-scenic-8200293992\/","title":{"rendered":"Tamp\u00e3o da Carca\u00e7a Term\u00f3statica Renault Scenic &#8211; 820"},"content":{"rendered":"<h1>Tamp\u00e3o da Carca\u00e7a Term\u00f3statica Renault Scenic &#8211; 8200293992<\/h1>\n","protected":false},"excerpt":{"rendered":"<h2>Tamp\u00e3o da Carca\u00e7a Term\u00f3statica<\/h2>\n<h2>Renault Scenic<\/h2>\n<h2>C\u00f3digo: &#8211; 8200293992, 6025410683<\/h2>\n","protected":false},"featured_media":23022,"template":"","meta":{"_seopress_robots_primary_cat":"none","_seopress_titles_title":"","_seopress_titles_desc":"","_seopress_robots_index":"","_seopress_analysis_target_kw":"","_kad_blocks_custom_css":"","_kad_blocks_head_custom_js":"","_kad_blocks_body_custom_js":"","_kad_blocks_footer_custom_js":"","_kadence_starter_templates_imported_post":false,"_joinchat":[]},"product_brand":[],"product_cat":[1361,24,22],"product_tag":[51],"berocket_brand":[394],"class_list":{"0":"post-23018","1":"product","2":"type-product","3":"status-publish","4":"has-post-thumbnail","6":"product_cat-carcaca-valvula-termostatica","7":"product_cat-interior","8":"product_cat-motor","9":"product_tag-scenic","10":"berocket_brand-renault","11":"thunk-woo-product-list","12":"big-store-woo-hover-zoom","13":"open-single-product-tab-horizontal","14":"open-shadow-","15":"open-shadow-hover-","17":"first","18":"outofstock","19":"taxable","20":"shipping-taxable","21":"purchasable","22":"product-type-simple"},"taxonomy_info":{"product_cat":[{"value":1361,"label":"Carca\u00e7a Valvula Termostatica"},{"value":24,"label":"Interior"},{"value":22,"label":"Motor"}],"product_tag":[{"value":51,"label":"Scenic"}],"berocket_brand":[{"value":394,"label":"Renault"}]},"featured_image_src_large":["https:\/\/www.casadainjecao.com.br\/loja\/wp-content\/uploads\/2023\/01\/cats-28-900x598.jpg",640,425,true],"author_info":[],"comment_info":"","_links":{"self":[{"href":"https:\/\/www.casadainjecao.com.br\/loja\/wp-json\/wp\/v2\/product\/23018","targetHints":{"allow":["GET"]}}],"collection":[{"href":"https:\/\/www.casadainjecao.com.br\/loja\/wp-json\/wp\/v2\/product"}],"about":[{"href":"https:\/\/www.casadainjecao.com.br\/loja\/wp-json\/wp\/v2\/types\/product"}],"wp:featuredmedia":[{"embeddable":true,"href":"https:\/\/www.casadainjecao.com.br\/loja\/wp-json\/wp\/v2\/media\/23022"}],"wp:attachment":[{"href":"https:\/\/www.casadainjecao.com.br\/loja\/wp-json\/wp\/v2\/media?parent=23018"}],"wp:term":[{"taxonomy":"product_brand","embeddable":true,"href":"https:\/\/www.casadainjecao.com.br\/loja\/wp-json\/wp\/v2\/product_brand?post=23018"},{"taxonomy":"product_cat","embeddable":true,"href":"https:\/\/www.casadainjecao.com.br\/loja\/wp-json\/wp\/v2\/product_cat?post=23018"},{"taxonomy":"product_tag","embeddable":true,"href":"https:\/\/www.casadainjecao.com.br\/loja\/wp-json\/wp\/v2\/product_tag?post=23018"},{"taxonomy":"berocket_brand","embeddable":true,"href":"https:\/\/www.casadainjecao.com.br\/loja\/wp-json\/wp\/v2\/berocket_brand?post=23018"}],"curies":[{"name":"wp","href":"https:\/\/api.w.org\/{rel}","templated":true}]}}