{"id":23093,"date":"2023-01-31T12:08:25","date_gmt":"2023-01-31T15:08:25","guid":{"rendered":"https:\/\/www.casadainjecao.com.br\/loja\/?post_type=product&#038;p=23093"},"modified":"2025-05-28T16:57:48","modified_gmt":"2025-05-28T19:57:48","slug":"bico-injetor-omega-vectra-marea-kadett-santana-0280150962","status":"publish","type":"product","link":"https:\/\/www.casadainjecao.com.br\/loja\/autopecas\/injecao-eletronica\/bico-injetor\/bico-injetor-omega-vectra-marea-kadett-santana-0280150962\/","title":{"rendered":"Bico Injetor Omega Vectra Marea Kadett Santana &#8211; 02801"},"content":{"rendered":"<h2 class=\"ui-pdp-title\">Bico Injetor\/V\u00e1lvula de Inje\u00e7\u00e3o<\/h2>\n<h3>Aplica\u00e7\u00e3o:<\/h3>\n<h2 class=\"ui-pdp-title\">Bico Injetor \u00e9 compat\u00edvel com os seguintes ve\u00edculos:<\/h2>\n<ul>\n<li>Daewoo Espero 2.0i &#8211; Ano: 1995 em Diante<\/li>\n<li>Fiat Marea 2.0 &#8211; Ano: 1998, 1999, 2000<\/li>\n<li>Fiat \u00d4mega 2.0 &#8211; Ano: 1992, 199, 1994<\/li>\n<li>Ford Escort XR3 2.0 &#8211; Ano: 1994, 1995, 1997<\/li>\n<li>Ford Royale 2.0 &#8211; Ano: 1994, 1995, 1996<\/li>\n<li>Ford Verona 1.8 &#8211; Ano: 1994, 1995, 1996<\/li>\n<li>Ford Versailles 2.0 &#8211; Ano: 1993, 1994, 1995, 1996<\/li>\n<li>Chevrolet Ipanema 2.0 &#8211; Ano: 1996, 1997<\/li>\n<li>Chevrolet Kadett 2.0 &#8211; Ano: 1996, 1997, 1998<\/li>\n<li>Chevrolet Ipanema 2.0 &#8211; Ano: 1996, 1997, 1998<\/li>\n<li>Chevrolet Kadett GSI 2.0 &#8211; Ano: 1991, 1992, 1993, 1994, 1995<\/li>\n<li>Chevrolet Suprema 2.0 &#8211; Ano: 1993, 1994<\/li>\n<li>Chevrolet Vectra 2.0 &#8211; Ano: 1993, 1994, 1995, 1996, 1997, 1998<\/li>\n<li>Volkswagen Quantum 2.0 &#8211; Ano: 1993, 1994, 1995, 1996<\/li>\n<li>Volkswagen Santana 2.0 &#8211; Ano: 1993, 1994, 1995, 1996<\/li>\n<\/ul>\n<h3><\/h3>\n<h3>O que \u00e9 e para que serve bico Injetor\/V\u00e1lvula de Inje\u00e7\u00e3o.<\/h3>\n<p>O bico injetor\/valvula de inje\u00e7\u00e3o desempenha um papel crucial no funcionamento eficiente e limpo dos motores a combust\u00e3o interna, influenciando o desempenho, a economia de combust\u00edvel e a redu\u00e7\u00e3o das emiss\u00f5es poluentes dos ve\u00edculos.<\/p>\n<ul>\n<li>\n<h3>C\u00f3digo de refer\u00eancia: 0280150962<\/h3>\n<h3>Proced\u00eancia:<\/h3>\n<p><strong>Novo \/ Marca Torken<\/strong><\/p>\n<h4>Garantia:<\/h4>\n<p><strong>3 Meses<\/strong><\/p>\n<p>&nbsp;<\/p>\n<p><span id=\"tl_17\" data-spm-anchor-id=\"a2g0o.detail.1000023.i1.30a079aeLEUutq\">A Casa da Inje\u00e7\u00e3o oferece total garantia nos produtos comprados em nosso site.<\/span><\/p>\n<p><span id=\"tl_17\" data-spm-anchor-id=\"a2g0o.detail.1000023.i1.30a079aeLEUutq\">1. Cada item \u00e9 rigorosamente testado antes do envio.<\/span><\/p>\n<p><span id=\"tl_18\">2. Se os itens estiverem danificados ou parcialmente defeituosos, entre em contato conosco.<\/span><\/p>\n<p><span id=\"tl_19\">Voc\u00ea deve enviar os itens de volta para n\u00f3s e pagar a taxa de devolu\u00e7\u00e3o.<\/span><\/p>\n<p><span id=\"tl_20\">N\u00f3s lhe enviaremos uma substitui\u00e7\u00e3o ap\u00f3s receber o pacote.<\/span><\/p>\n<p>Leia nossa\u00a0<a href=\"https:\/\/www.casadainjecao.com.br\/loja\/politica-de-devolucao\/\">pol\u00edtica de devolu\u00e7\u00e3o aqui<\/a>.<\/p>\n<hr \/>\n<p><strong>ATEN\u00c7\u00c3O<\/strong>: <strong>Antes de efetuar a compra verifique o c\u00f3digo do bico que est\u00e1 instalado no seu ve\u00edculo.<\/strong><\/p>\n<h4>O bico injetor, \u00e9 compat\u00edvel com as marcas Fiat, Ford, Chevrolet, Volkswagen, entre eles Marea, Escort, Ipanema, Santana, Daewoo Espero<\/h4>\n<h4>Tem alguma d\u00favida?<\/h4>\n<p>Entre em contato que podemos ajudar!<\/p>\n<p>Confira as informa\u00e7\u00f5es adicionais abaixo:<\/p>\n<ul>\n<li>Todos os nossos produtos s\u00e3o novos, semi novos, originais e Paralelos possuem garantia.<\/li>\n<li>Todos os produtos anunciados est\u00e3o dispon\u00edveis em estoque e s\u00e3o enviados com extrema rapidez.<\/li>\n<li>O frete pode ser simulado antes de efetuar a compra, basta clicar em \u201cver custos de envio\u201d.<\/li>\n<li>Verifique o endere\u00e7o de entrega cadastrado e atualize caso necess\u00e1rio.<\/li>\n<li>Confirme se a pe\u00e7a \u00e9 correta para o seu modelo de ve\u00edculo.<\/li>\n<li>Para pe\u00e7as automotivas, recomendamos a instala\u00e7\u00e3o por um profissional especializado.<\/li>\n<\/ul>\n<p>Caso possua outras d\u00favidas, entre em contato.<\/li>\n<\/ul>\n","protected":false},"excerpt":{"rendered":"<h2>Bico Injetor Omega Vectra Marea Kadett Santana &#8211; 0280150962<\/h2>\n","protected":false},"featured_media":23096,"template":"","meta":{"_seopress_robots_primary_cat":"none","_seopress_titles_title":"","_seopress_titles_desc":"","_seopress_robots_index":"","_joinchat":[]},"product_cat":[256,21],"product_tag":[1525,1469,1738,159],"berocket_brand":[381,383,396],"_links":{"self":[{"href":"https:\/\/www.casadainjecao.com.br\/loja\/wp-json\/wp\/v2\/product\/23093"}],"collection":[{"href":"https:\/\/www.casadainjecao.com.br\/loja\/wp-json\/wp\/v2\/product"}],"about":[{"href":"https:\/\/www.casadainjecao.com.br\/loja\/wp-json\/wp\/v2\/types\/product"}],"wp:featuredmedia":[{"embeddable":true,"href":"https:\/\/www.casadainjecao.com.br\/loja\/wp-json\/wp\/v2\/media\/23096"}],"wp:attachment":[{"href":"https:\/\/www.casadainjecao.com.br\/loja\/wp-json\/wp\/v2\/media?parent=23093"}],"wp:term":[{"taxonomy":"product_cat","embeddable":true,"href":"https:\/\/www.casadainjecao.com.br\/loja\/wp-json\/wp\/v2\/product_cat?post=23093"},{"taxonomy":"product_tag","embeddable":true,"href":"https:\/\/www.casadainjecao.com.br\/loja\/wp-json\/wp\/v2\/product_tag?post=23093"},{"taxonomy":"berocket_brand","embeddable":true,"href":"https:\/\/www.casadainjecao.com.br\/loja\/wp-json\/wp\/v2\/berocket_brand?post=23093"}],"curies":[{"name":"wp","href":"https:\/\/api.w.org\/{rel}","templated":true}]}}