{"id":23202,"date":"2023-02-01T14:54:41","date_gmt":"2023-02-01T17:54:41","guid":{"rendered":"https:\/\/www.casadainjecao.com.br\/loja\/?post_type=product&#038;p=23202"},"modified":"2025-10-17T18:11:46","modified_gmt":"2025-10-17T21:11:46","slug":"bico-injetor-honda-new-civic-2007-2010-8-furos-16450-rjc-a01","status":"publish","type":"product","link":"https:\/\/www.casadainjecao.com.br\/loja\/autopecas\/injecao-eletronica\/bico-injetor\/bico-injetor-honda-new-civic-2007-2010-8-furos-16450-rjc-a01\/","title":{"rendered":"Bico Injetor Honda New Civic 2007\/ 2010 8 Furos &#8211; 1645"},"content":{"rendered":"<h2>Bico Injetor\u00a0 8 Furos<\/h2>\n<p><strong>HONDA<\/strong><\/p>\n<p>Honda New Civic &#8211; 1.8 16 v Flex &#8211; 2007 a 2016<\/p>\n<p>Honda Fit e Honda New Fit 1.5 \/ 1.7 16v Flex &#8211; 2005 a 2019<\/p>\n<h4>C\u00f3digo de Refer\u00eancia:<\/h4>\n<p>16450-RJC-A01\/16450RJCA01\/16450-RNA A01 \/16450RNAA01\/701058<\/p>\n<h4>Condi\u00e7\u00f5es:<\/h4>\n<p>Novo Paralelo \/ Marca Torken<\/p>\n<h4 class=\"ui-pdp-description__content\">Garantia:<\/h4>\n<p class=\"ui-pdp-description__content\">3 Meses<\/p>\n<h3 class=\"ui-pdp-description__content\">ATEN\u00c7\u00c3O: Antes de efetuar a compra verifique o c\u00f3digo da pe\u00e7a que est\u00e1 instalada no seu ve\u00edculo.<\/h3>\n<h4 class=\"ui-pdp-description__content\">O que \u00e9 e para que serve o Bico Injetor?<\/h4>\n<p class=\"ui-pdp-description__content\">O Bico injetor pulveriza o combust\u00edvel em forma de n\u00e9voa fina, misturando-se ao ar para formar uma mistura homog\u00eanea e eficiente para a combust\u00e3o no motor.<\/p>\n<p>&nbsp;<\/p>\n<p>A Casa da Inje\u00e7\u00e3o oferece total garantia nos produtos comprados em nosso site.<\/p>\n<ol>\n<li>Cada item \u00e9 rigorosamente testado antes do envio<\/li>\n<li>Se os itens estiverem danificados ou parcialmente defeituosos, entre em contato conosco.<\/li>\n<\/ol>\n<p>Se houver qualquer defeito, n\u00f3s lhe enviaremos uma substitui\u00e7\u00e3o ap\u00f3s receber o pacote ou devolvemos seu dinheiro.<\/p>\n<p>Leia nossa\u00a0<span style=\"color: #ff0000;\"><a style=\"color: #ff0000;\" href=\"https:\/\/www.casadainjecao.com.br\/loja\/politica-de-devolucao\">pol\u00edtica de devolu\u00e7\u00e3o aqui<\/a><\/span><\/p>\n<p>\u2014\u2014\u2014\u2014\u2014\u2014\u2014\u2014\u2014\u2014\u2014\u2014\u2014\u2014\u2014\u2014\u2014\u2014\u2014\u2014-<\/p>\n<h4>Tem alguma d\u00favida?<\/h4>\n<p>Entre em contato que podemos ajudar!<\/p>\n<p>Confira as informa\u00e7\u00f5es adicionais abaixo:<\/p>\n<ul>\n<li>Todos os nossos produtos s\u00e3o novos, semi-novos, originais, paralelos e possuem garantia.<\/li>\n<li>Todos os produtos anunciados est\u00e3o dispon\u00edveis em estoque e s\u00e3o enviados com extrema rapidez.<\/li>\n<li>O frete pode ser simulado antes de efetuar a compra, basta clicar em \u201cver custos de envio\u201d.<\/li>\n<li>Verifique o endere\u00e7o de entrega cadastrado e atualize caso necess\u00e1rio.<\/li>\n<li>Confirme se a pe\u00e7a \u00e9 correta para o seu modelo de ve\u00edculo.<\/li>\n<li>Para pe\u00e7as automotivas, recomendamos a instala\u00e7\u00e3o por um profissional especializado.<\/li>\n<\/ul>\n","protected":false},"excerpt":{"rendered":"<h2>Bico Injetor Honda New Civic 2007\/ 2010 8 Furos &#8211; 16450-RJC-A01\/16450RJCA01\/16450-RNA A01 \/16450RNAA01\/701058<\/h2>\n","protected":false},"featured_media":23205,"template":"","meta":{"_seopress_robots_primary_cat":"none","_seopress_titles_title":"","_seopress_titles_desc":"","_seopress_robots_index":"","_joinchat":[]},"product_cat":[256,21],"product_tag":[1328],"berocket_brand":[385],"_links":{"self":[{"href":"https:\/\/www.casadainjecao.com.br\/loja\/wp-json\/wp\/v2\/product\/23202"}],"collection":[{"href":"https:\/\/www.casadainjecao.com.br\/loja\/wp-json\/wp\/v2\/product"}],"about":[{"href":"https:\/\/www.casadainjecao.com.br\/loja\/wp-json\/wp\/v2\/types\/product"}],"wp:featuredmedia":[{"embeddable":true,"href":"https:\/\/www.casadainjecao.com.br\/loja\/wp-json\/wp\/v2\/media\/23205"}],"wp:attachment":[{"href":"https:\/\/www.casadainjecao.com.br\/loja\/wp-json\/wp\/v2\/media?parent=23202"}],"wp:term":[{"taxonomy":"product_cat","embeddable":true,"href":"https:\/\/www.casadainjecao.com.br\/loja\/wp-json\/wp\/v2\/product_cat?post=23202"},{"taxonomy":"product_tag","embeddable":true,"href":"https:\/\/www.casadainjecao.com.br\/loja\/wp-json\/wp\/v2\/product_tag?post=23202"},{"taxonomy":"berocket_brand","embeddable":true,"href":"https:\/\/www.casadainjecao.com.br\/loja\/wp-json\/wp\/v2\/berocket_brand?post=23202"}],"curies":[{"name":"wp","href":"https:\/\/api.w.org\/{rel}","templated":true}]}}