{"id":23223,"date":"2023-02-01T16:51:47","date_gmt":"2023-02-01T19:51:47","guid":{"rendered":"https:\/\/www.casadainjecao.com.br\/loja\/?post_type=product&#038;p=23223"},"modified":"2026-02-07T21:52:05","modified_gmt":"2026-02-08T00:52:05","slug":"bico-injetor-pajero-tr4-tracker-lancer-vitara-cdh210-inp771","status":"publish","type":"product","link":"https:\/\/www.casadainjecao.com.br\/loja\/autopecas\/injecao-eletronica\/bico-injetor\/bico-injetor-pajero-tr4-tracker-lancer-vitara-cdh210-inp771\/","title":{"rendered":"Bico Injetor Pajero Tr4 Tracker Lancer Vitara &#8211; Cdh210"},"content":{"rendered":"<h1>BICO INJETOR \/ V\u00c1LVULA DE INJE\u00c7\u00c3O<\/h1>\n<h1>MITSUBISHI<br \/>\nPAJERO TR4 2.0 16V GASOLINA &#8211; 1999 A 2005<br \/>\nPAJERO IO 1.8 16V GASOLINA &#8211; 1999 A 2005<br \/>\nECLIPSE 3.0 &#8211; 2000 A 2005<br \/>\nGALANT 3.0 &#8211; 1999 2003<br \/>\nLANCER 1.8 &#8211; 1997 A 2002<\/h1>\n<h1>SUZUKI<br \/>\nVITARA 2.0 &#8211; 1999 A 2003<\/h1>\n<h1>GM<br \/>\nTRACKER 2.0 &#8211; 1999 A 2003<\/h1>\n<h1>C\u00f3digo: &#8211; CDH210 \/ INP771\/ Cdh210Inp771\/ Cdh210-Inp771<\/h1>\n","protected":false},"excerpt":{"rendered":"<h2>Bico Injetor Pajero Tr4 Tracker Lancer Vitara &#8211; Cdh210-Inp771<\/h2>\n","protected":false},"featured_media":23226,"template":"","meta":{"_seopress_robots_primary_cat":"none","_seopress_titles_title":"","_seopress_titles_desc":"","_seopress_robots_index":"","_joinchat":[]},"product_cat":[256,21],"product_tag":[1753,1754,1755,1752,111,1686],"berocket_brand":[391],"_links":{"self":[{"href":"https:\/\/www.casadainjecao.com.br\/loja\/wp-json\/wp\/v2\/product\/23223"}],"collection":[{"href":"https:\/\/www.casadainjecao.com.br\/loja\/wp-json\/wp\/v2\/product"}],"about":[{"href":"https:\/\/www.casadainjecao.com.br\/loja\/wp-json\/wp\/v2\/types\/product"}],"wp:featuredmedia":[{"embeddable":true,"href":"https:\/\/www.casadainjecao.com.br\/loja\/wp-json\/wp\/v2\/media\/23226"}],"wp:attachment":[{"href":"https:\/\/www.casadainjecao.com.br\/loja\/wp-json\/wp\/v2\/media?parent=23223"}],"wp:term":[{"taxonomy":"product_cat","embeddable":true,"href":"https:\/\/www.casadainjecao.com.br\/loja\/wp-json\/wp\/v2\/product_cat?post=23223"},{"taxonomy":"product_tag","embeddable":true,"href":"https:\/\/www.casadainjecao.com.br\/loja\/wp-json\/wp\/v2\/product_tag?post=23223"},{"taxonomy":"berocket_brand","embeddable":true,"href":"https:\/\/www.casadainjecao.com.br\/loja\/wp-json\/wp\/v2\/berocket_brand?post=23223"}],"curies":[{"name":"wp","href":"https:\/\/api.w.org\/{rel}","templated":true}]}}