{"id":23268,"date":"2023-02-13T09:24:51","date_gmt":"2023-02-13T12:24:51","guid":{"rendered":"https:\/\/www.casadainjecao.com.br\/loja\/?post_type=product&#038;p=23268"},"modified":"2023-08-16T13:06:32","modified_gmt":"2023-08-16T16:06:32","slug":"regulador-de-pressao-de-combustivel-weber-21811-00","status":"publish","type":"product","link":"https:\/\/www.casadainjecao.com.br\/loja\/autopecas\/injecao-eletronica\/regulador-de-pressao\/regulador-de-pressao-de-combustivel-weber-21811-00\/","title":{"rendered":"Regulador de Press\u00e3o de Combustivel Weber &#8211; 21811\/00"},"content":{"rendered":"<h1>Regulador de Press\u00e3o de Combustivel Weber &#8211; 21811\/00<\/h1>\n","protected":false},"excerpt":{"rendered":"<h2>Regulador de Press\u00e3o de Combustivel Weber<\/h2>\n<h2>RPM 78 350KPa<\/h2>\n<h2>Codigo:- 21811\/00\u00a0 \u00a0c=269<\/h2>\n","protected":false},"featured_media":23269,"template":"","meta":{"_seopress_robots_primary_cat":"none","_seopress_titles_title":"","_seopress_titles_desc":"","_seopress_robots_index":"","_seopress_analysis_target_kw":"","_kad_blocks_custom_css":"","_kad_blocks_head_custom_js":"","_kad_blocks_body_custom_js":"","_kad_blocks_footer_custom_js":"","_kadence_starter_templates_imported_post":false,"_joinchat":[]},"product_brand":[],"product_cat":[21,267],"product_tag":[274,276,1475,60,1549],"berocket_brand":[1644,384,396],"class_list":{"0":"post-23268","1":"product","2":"type-product","3":"status-publish","4":"has-post-thumbnail","6":"product_cat-injecao-eletronica","7":"product_cat-regulador-de-pressao","8":"product_tag-ecosport","9":"product_tag-fiesta","10":"product_tag-passat","11":"product_tag-saveiro","12":"product_tag-towner","13":"berocket_brand-effa","14":"berocket_brand-ford","15":"berocket_brand-volkswagen","16":"thunk-woo-product-list","17":"big-store-woo-hover-zoom","18":"open-single-product-tab-horizontal","19":"open-shadow-","20":"open-shadow-hover-","22":"first","23":"outofstock","24":"sale","25":"taxable","26":"shipping-taxable","27":"purchasable","28":"product-type-simple"},"taxonomy_info":{"product_cat":[{"value":21,"label":"Inje\u00e7\u00e3o Eletr\u00f4nica"},{"value":267,"label":"Regulador de Press\u00e3o"}],"product_tag":[{"value":274,"label":"Ecosport"},{"value":276,"label":"Fiesta"},{"value":1475,"label":"Passat"},{"value":60,"label":"saveiro"},{"value":1549,"label":"Towner"}],"berocket_brand":[{"value":1644,"label":"Effa"},{"value":384,"label":"Ford"},{"value":396,"label":"Volkswagen"}]},"featured_image_src_large":["https:\/\/www.casadainjecao.com.br\/loja\/wp-content\/uploads\/2023\/02\/regulador-de-pressao-weber-78rpm-350kpa-21811-00-767x780.jpg",640,651,true],"author_info":[],"comment_info":"","_links":{"self":[{"href":"https:\/\/www.casadainjecao.com.br\/loja\/wp-json\/wp\/v2\/product\/23268","targetHints":{"allow":["GET"]}}],"collection":[{"href":"https:\/\/www.casadainjecao.com.br\/loja\/wp-json\/wp\/v2\/product"}],"about":[{"href":"https:\/\/www.casadainjecao.com.br\/loja\/wp-json\/wp\/v2\/types\/product"}],"wp:featuredmedia":[{"embeddable":true,"href":"https:\/\/www.casadainjecao.com.br\/loja\/wp-json\/wp\/v2\/media\/23269"}],"wp:attachment":[{"href":"https:\/\/www.casadainjecao.com.br\/loja\/wp-json\/wp\/v2\/media?parent=23268"}],"wp:term":[{"taxonomy":"product_brand","embeddable":true,"href":"https:\/\/www.casadainjecao.com.br\/loja\/wp-json\/wp\/v2\/product_brand?post=23268"},{"taxonomy":"product_cat","embeddable":true,"href":"https:\/\/www.casadainjecao.com.br\/loja\/wp-json\/wp\/v2\/product_cat?post=23268"},{"taxonomy":"product_tag","embeddable":true,"href":"https:\/\/www.casadainjecao.com.br\/loja\/wp-json\/wp\/v2\/product_tag?post=23268"},{"taxonomy":"berocket_brand","embeddable":true,"href":"https:\/\/www.casadainjecao.com.br\/loja\/wp-json\/wp\/v2\/berocket_brand?post=23268"}],"curies":[{"name":"wp","href":"https:\/\/api.w.org\/{rel}","templated":true}]}}