{"id":23316,"date":"2023-02-15T14:21:02","date_gmt":"2023-02-15T17:21:02","guid":{"rendered":"https:\/\/www.casadainjecao.com.br\/loja\/?post_type=product&#038;p=23316"},"modified":"2026-04-17T17:25:20","modified_gmt":"2026-04-17T20:25:20","slug":"bico-injetor-vw-up-1-0-tsi-3cc-flex-04e906036r-0261500350","status":"publish","type":"product","link":"https:\/\/www.casadainjecao.com.br\/loja\/autopecas\/injecao-eletronica\/bico-injetor\/bico-injetor-vw-up-1-0-tsi-3cc-flex-04e906036r-0261500350\/","title":{"rendered":"Bico Injetor Vw Up 1.0 Tsi 3cc Flex &#8211; 04e906036ar"},"content":{"rendered":"<h2 data-start=\"400\" data-end=\"446\">BICO INJETOR NOVO \u2013 VOLKSWAGEN \/ AUDI<\/h2>\n<p data-start=\"447\" data-end=\"518\"><strong data-start=\"447\" data-end=\"518\">Solu\u00e7\u00e3o definitiva para falhas, consumo alto e perda de desempenho!<\/strong><\/p>\n<p data-start=\"520\" data-end=\"672\">Se o seu fiel companheiro est\u00e1 apresentando dificuldade na partida, falhas nas acelera\u00e7\u00f5es ou consumo excessivo de combust\u00edvel,\u00a0<strong data-start=\"648\" data-end=\"672\">n\u00f3s temos a solu\u00e7\u00e3o!<\/strong><\/p>\n<p data-start=\"674\" data-end=\"884\">Nosso\u00a0<strong data-start=\"680\" data-end=\"701\">Bico Injetor NOVO<\/strong>\u00a0oferece o desempenho original de f\u00e1brica, devolvendo ao seu motor a pot\u00eancia, economia e resposta que ele merece. D\u00ea adeus \u00e0 dificuldade de partida e sinta a diferen\u00e7a na acelera\u00e7\u00e3o!<\/p>\n<h3 data-start=\"891\" data-end=\"925\"><strong data-start=\"897\" data-end=\"925\">Especifica\u00e7\u00f5es T\u00e9cnicas:<\/strong><\/h3>\n<ul data-start=\"927\" data-end=\"1126\">\n<li data-start=\"927\" data-end=\"959\">\n<p data-start=\"929\" data-end=\"959\"><strong data-start=\"929\" data-end=\"939\">Marca:<\/strong>\u00a0Torken<\/p>\n<\/li>\n<li data-start=\"960\" data-end=\"997\">\n<p data-start=\"962\" data-end=\"997\"><strong data-start=\"962\" data-end=\"975\">Condi\u00e7\u00e3o:<\/strong>\u00a0Produto\u00a0<strong data-start=\"984\" data-end=\"995\">Novo<\/strong><\/p>\n<\/li>\n<li data-start=\"998\" data-end=\"1026\">\n<p data-start=\"1000\" data-end=\"1026\"><strong data-start=\"1000\" data-end=\"1011\">Modelo:<\/strong>\u00a0Bico Injetor<\/p>\n<\/li>\n<li data-start=\"1027\" data-end=\"1126\">\n<p data-start=\"1029\" data-end=\"1126\"><strong data-start=\"1029\" data-end=\"1054\">OEM \/ N\u00famero da pe\u00e7a:<\/strong><br data-start=\"1054\" data-end=\"1057\" \/>04E906036AR \/ 04E906036E \/ 04E906036AM \/ 04E906036AF \/ 04E906036A<\/p>\n<\/li>\n<\/ul>\n<h3 data-start=\"1128\" data-end=\"1278\"><strong data-start=\"1131\" data-end=\"1146\">Importante:<\/strong><br data-start=\"1146\" data-end=\"1149\" \/>Confirme a numera\u00e7\u00e3o da sua pe\u00e7a antes da compra. Se o n\u00famero for igual ao do seu bico injetor, a compatibilidade est\u00e1 garantida.<\/h3>\n<h3 data-start=\"1285\" data-end=\"1321\"><strong data-start=\"1292\" data-end=\"1319\">Aplica\u00e7\u00f5es Compat\u00edveis:<\/strong><\/h3>\n<h4 data-start=\"1323\" data-end=\"1336\"><strong data-start=\"1328\" data-end=\"1336\">AUDI<\/strong><\/h4>\n<ul data-start=\"1337\" data-end=\"1423\">\n<li data-start=\"1337\" data-end=\"1365\">\n<p data-start=\"1339\" data-end=\"1365\">A1 1.4 16V \u2014 2014 a 2019<\/p>\n<\/li>\n<li data-start=\"1366\" data-end=\"1394\">\n<p data-start=\"1368\" data-end=\"1394\">A3 1.4 16V \u2014 2013 a 2019<\/p>\n<\/li>\n<li data-start=\"1395\" data-end=\"1423\">\n<p data-start=\"1397\" data-end=\"1423\">Q3 1.4 16V \u2014 2014 a 2019<\/p>\n<\/li>\n<\/ul>\n<h4 data-start=\"1425\" data-end=\"1444\"><strong data-start=\"1430\" data-end=\"1444\">VOLKSWAGEN<\/strong><\/h4>\n<ul data-start=\"1445\" data-end=\"1642\">\n<li data-start=\"1445\" data-end=\"1475\">\n<p data-start=\"1447\" data-end=\"1475\">Novo Gol 1.4 \u2014 2014 a 2019<\/p>\n<\/li>\n<li data-start=\"1476\" data-end=\"1515\">\n<p data-start=\"1478\" data-end=\"1515\">Jetta Variant 1.4 16V \u2014 2017 a 2019<\/p>\n<\/li>\n<li data-start=\"1516\" data-end=\"1548\">\n<p data-start=\"1518\" data-end=\"1548\">Tiguan 1.4 16V \u2014 2017 a 2019<\/p>\n<\/li>\n<li data-start=\"1549\" data-end=\"1581\">\n<p data-start=\"1551\" data-end=\"1581\">Virtus 1.0 12V \u2014 2018 a 2019<\/p>\n<\/li>\n<li data-start=\"1582\" data-end=\"1616\">\n<p data-start=\"1584\" data-end=\"1616\">Polo 1.0 200 12V \u2014 2018 a 2019<\/p>\n<\/li>\n<li data-start=\"1617\" data-end=\"1642\">\n<p data-start=\"1619\" data-end=\"1642\">Up! 1.0 \u2014 2017 a 2019<\/p>\n<\/li>\n<\/ul>\n<p>Aten\u00e7\u00e3o importante:<\/p>\n<p>Antes da compra, verifique o c\u00f3digo da sua pe\u00e7a original. Em caso de d\u00favida, envie o n\u00famero do chassi do seu ve\u00edculo \u2014 nossa equipe ajuda a confirmar a compatibilidade correta<\/p>\n","protected":false},"excerpt":{"rendered":"<h2 data-start=\"274\" data-end=\"351\"><strong data-start=\"281\" data-end=\"351\">Bico Injetor 04E906036AF A1 A3 Q3 Jetta Tiguan Virtus Polo VW Audi<\/strong><\/h2>\n<h2><\/h2>\n<h2><\/h2>\n<h2 class=\"ui-pdp-title\"><\/h2>\n","protected":false},"featured_media":23323,"template":"","meta":{"_seopress_robots_primary_cat":"none","_seopress_titles_title":"","_seopress_titles_desc":"","_seopress_robots_index":"","_joinchat":[]},"product_cat":[256,21],"product_tag":[698,75,1085,1354],"berocket_brand":[396],"_links":{"self":[{"href":"https:\/\/www.casadainjecao.com.br\/loja\/wp-json\/wp\/v2\/product\/23316"}],"collection":[{"href":"https:\/\/www.casadainjecao.com.br\/loja\/wp-json\/wp\/v2\/product"}],"about":[{"href":"https:\/\/www.casadainjecao.com.br\/loja\/wp-json\/wp\/v2\/types\/product"}],"wp:featuredmedia":[{"embeddable":true,"href":"https:\/\/www.casadainjecao.com.br\/loja\/wp-json\/wp\/v2\/media\/23323"}],"wp:attachment":[{"href":"https:\/\/www.casadainjecao.com.br\/loja\/wp-json\/wp\/v2\/media?parent=23316"}],"wp:term":[{"taxonomy":"product_cat","embeddable":true,"href":"https:\/\/www.casadainjecao.com.br\/loja\/wp-json\/wp\/v2\/product_cat?post=23316"},{"taxonomy":"product_tag","embeddable":true,"href":"https:\/\/www.casadainjecao.com.br\/loja\/wp-json\/wp\/v2\/product_tag?post=23316"},{"taxonomy":"berocket_brand","embeddable":true,"href":"https:\/\/www.casadainjecao.com.br\/loja\/wp-json\/wp\/v2\/berocket_brand?post=23316"}],"curies":[{"name":"wp","href":"https:\/\/api.w.org\/{rel}","templated":true}]}}