{"id":23328,"date":"2023-02-16T07:16:36","date_gmt":"2023-02-16T10:16:36","guid":{"rendered":"https:\/\/www.casadainjecao.com.br\/loja\/?post_type=product&#038;p=23328"},"modified":"2024-07-29T13:40:07","modified_gmt":"2024-07-29T16:40:07","slug":"regulador-de-pressao-jetronic-mercedes-bens-0280161502","status":"publish","type":"product","link":"https:\/\/www.casadainjecao.com.br\/loja\/autopecas\/injecao-eletronica\/regulador-de-pressao\/regulador-de-pressao-jetronic-mercedes-bens-0280161502\/","title":{"rendered":"Regulador de Press\u00e3o Jetronic Mercedes Bens &#8211; 0280161"},"content":{"rendered":"<h1>Regulador de Press\u00e3o Jetronic Mercedes Bens\u00a0 &#8211; 0280161502<\/h1>\n","protected":false},"excerpt":{"rendered":"<h2><strong>Regulador de Press\u00e3o Jetronic\u00a0<\/strong><\/h2>\n<h2><strong>Mercedes Bens 200 E 2.0 09-92 &gt;06-95<br \/>\n200 TE 2.0 09-92 &gt;06-93<\/strong><\/h2>\n<h2><strong>Codigo:- 0280161502\/RP147002\/47502\/221<\/strong><\/h2>\n<h2>c-269<\/h2>\n<p>&nbsp;<\/p>\n","protected":false},"featured_media":23599,"template":"","meta":{"_seopress_robots_primary_cat":"none","_seopress_titles_title":"","_seopress_titles_desc":"","_seopress_robots_index":"","_kad_blocks_custom_css":"","_kad_blocks_head_custom_js":"","_kad_blocks_body_custom_js":"","_kad_blocks_footer_custom_js":"","_joinchat":[]},"product_cat":[21,267],"product_tag":[1767,1768],"berocket_brand":[390],"taxonomy_info":{"product_cat":[{"value":21,"label":"Inje\u00e7\u00e3o Eletr\u00f4nica"},{"value":267,"label":"Regulador de Press\u00e3o"}],"product_tag":[{"value":1767,"label":"200 E"},{"value":1768,"label":"200TE"}],"berocket_brand":[{"value":390,"label":"Mercedes-Benz"}]},"featured_image_src_large":["https:\/\/www.casadainjecao.com.br\/loja\/wp-content\/uploads\/2023\/02\/cats-20-732x780.jpg",640,682,true],"author_info":[],"comment_info":"","_links":{"self":[{"href":"https:\/\/www.casadainjecao.com.br\/loja\/wp-json\/wp\/v2\/product\/23328"}],"collection":[{"href":"https:\/\/www.casadainjecao.com.br\/loja\/wp-json\/wp\/v2\/product"}],"about":[{"href":"https:\/\/www.casadainjecao.com.br\/loja\/wp-json\/wp\/v2\/types\/product"}],"wp:featuredmedia":[{"embeddable":true,"href":"https:\/\/www.casadainjecao.com.br\/loja\/wp-json\/wp\/v2\/media\/23599"}],"wp:attachment":[{"href":"https:\/\/www.casadainjecao.com.br\/loja\/wp-json\/wp\/v2\/media?parent=23328"}],"wp:term":[{"taxonomy":"product_cat","embeddable":true,"href":"https:\/\/www.casadainjecao.com.br\/loja\/wp-json\/wp\/v2\/product_cat?post=23328"},{"taxonomy":"product_tag","embeddable":true,"href":"https:\/\/www.casadainjecao.com.br\/loja\/wp-json\/wp\/v2\/product_tag?post=23328"},{"taxonomy":"berocket_brand","embeddable":true,"href":"https:\/\/www.casadainjecao.com.br\/loja\/wp-json\/wp\/v2\/berocket_brand?post=23328"}],"curies":[{"name":"wp","href":"https:\/\/api.w.org\/{rel}","templated":true}]}}