{"id":23534,"date":"2023-03-01T07:47:04","date_gmt":"2023-03-01T10:47:04","guid":{"rendered":"https:\/\/www.casadainjecao.com.br\/loja\/?post_type=product&#038;p=23534"},"modified":"2026-04-23T15:45:38","modified_gmt":"2026-04-23T18:45:38","slug":"bico-injetor-volks-fox-gol-golf-polo-0280156403","status":"publish","type":"product","link":"https:\/\/www.casadainjecao.com.br\/loja\/autopecas\/injecao-eletronica\/bico-injetor\/bico-injetor-volks-fox-gol-golf-polo-0280156403\/","title":{"rendered":"Bico Injetor Combustivel Volkswagen Fox Gol Golf Polo &#8211"},"content":{"rendered":"<h2>Bico Injetor Combustivel<\/h2>\n<p>Volkswagen Golf 1.6 FLEX 2007 a 2012<\/p>\n<p>Volkswagem Gol Polo 1.6 2007 a 2008<\/p>\n<p>Volkswagem Gol G5 1.6 2008 a 2012<\/p>\n<p>Volkswagem Gol G6 1.6 2013 a 2016<\/p>\n<p>Volkswagem Fox 1.6 8V 2008 a 2009<\/p>\n<p>Volkswagem Saveiro G5 1.6 2009 a 2013<\/p>\n<p>Volkswagem Saveiro G6 1.6 2013 a 2017<\/p>\n<p>Volkswagem Voyage 1.6 2008 a 2017<\/p>\n<h4>C\u00f3digo de Refer\u00eancia:<\/h4>\n<p>0280156403, 032906031R<\/p>\n<h4>Condi\u00e7\u00f5es:<\/h4>\n<p>Produto Novo Importado \/ Marca Torken<\/p>\n<h4>Garantia:<\/h4>\n<p>3 Meses<\/p>\n<h3><span style=\"font-size: 13.5pt;\">ATEN\u00c7\u00c3O: Antes de efetuar a compra verifique o c\u00f3digo da sua pe\u00e7a que est\u00e1 instalada no seu ve\u00edculo.<\/span><\/h3>\n<p>&nbsp;<\/p>\n<p>A Casa da Inje\u00e7\u00e3o oferece total garantia nos produtos comprados em nosso site.<\/p>\n<p>Cada item \u00e9 rigorosamente testado antes do envio<\/p>\n<p>Se os itens estiverem danificados ou parcialmente defeituosos, entre em contato conosco.<\/p>\n<p>Procure um profissional devidamente licenciado para a instala\u00e7\u00e3o e fa\u00e7a revis\u00f5es periodicamente. A empresa n\u00e3o se responsabiliza por problemas oriundos da m\u00e1 instala\u00e7\u00e3o ou com a falta de cuidados peri\u00f3dicos dos componentes.<\/p>\n<p>Se houver qualquer defeito, n\u00f3s lhe enviaremos uma substitui\u00e7\u00e3o ap\u00f3s receber o pacote ou devolvemos seu dinheiro.<\/p>\n<p>Leia nossa\u00a0<a href=\"https:\/\/www.casadainjecao.com.br\/loja\/politica-de-devolucao\"><span style=\"color: blue;\">pol\u00edtica de devolu\u00e7\u00e3o aqui<\/span><\/a><\/p>\n<p>\u2014\u2014\u2014\u2014\u2014\u2014\u2014\u2014\u2014\u2014\u2014\u2014\u2014\u2014\u2014\u2014\u2014\u2014\u2014\u2013<\/p>\n<p>Tem alguma d\u00favida?<\/p>\n<p>Entre em contato que podemos ajudar!<\/p>\n<p>Confira as informa\u00e7\u00f5es adicionais abaixo:<\/p>\n<p>Todos os nossos produtos s\u00e3o novos, semi-novos, originais e paralelos possuem garantia.<\/p>\n<p>Todos os produtos anunciados est\u00e3o dispon\u00edveis em estoque e s\u00e3o enviados com extrema rapidez.<\/p>\n<p>O frete pode ser simulado antes de efetuar a compra, basta clicar em \u201cver custos de envio\u201d.<\/p>\n<p>Verifique o endere\u00e7o de entrega cadastrado e atualize caso necess\u00e1rio.<\/p>\n<p>Confirme se a pe\u00e7a \u00e9 correta para o seu modelo de ve\u00edculo.<\/p>\n<p>Para pe\u00e7as automotivas, recomendamos a instala\u00e7\u00e3o por um profissional especializado.<\/p>\n<p>Caso possua outras d\u00favidas, entre em contato.<\/p>\n","protected":false},"excerpt":{"rendered":"<h2>Bico Injetor Combustivel\u00a0Volkswagem Gol Polo Gol G5 Fox Saveiro Voyage\u00a0&#8211; 0280156403<\/h2>\n","protected":false},"featured_media":45026,"template":"","meta":{"_seopress_robots_primary_cat":"none","_seopress_titles_title":"","_seopress_titles_desc":"","_seopress_robots_index":"","_joinchat":[]},"product_cat":[256,261,21],"product_tag":[76,59,698,75,60,1086],"berocket_brand":[396],"_links":{"self":[{"href":"https:\/\/www.casadainjecao.com.br\/loja\/wp-json\/wp\/v2\/product\/23534"}],"collection":[{"href":"https:\/\/www.casadainjecao.com.br\/loja\/wp-json\/wp\/v2\/product"}],"about":[{"href":"https:\/\/www.casadainjecao.com.br\/loja\/wp-json\/wp\/v2\/types\/product"}],"wp:featuredmedia":[{"embeddable":true,"href":"https:\/\/www.casadainjecao.com.br\/loja\/wp-json\/wp\/v2\/media\/45026"}],"wp:attachment":[{"href":"https:\/\/www.casadainjecao.com.br\/loja\/wp-json\/wp\/v2\/media?parent=23534"}],"wp:term":[{"taxonomy":"product_cat","embeddable":true,"href":"https:\/\/www.casadainjecao.com.br\/loja\/wp-json\/wp\/v2\/product_cat?post=23534"},{"taxonomy":"product_tag","embeddable":true,"href":"https:\/\/www.casadainjecao.com.br\/loja\/wp-json\/wp\/v2\/product_tag?post=23534"},{"taxonomy":"berocket_brand","embeddable":true,"href":"https:\/\/www.casadainjecao.com.br\/loja\/wp-json\/wp\/v2\/berocket_brand?post=23534"}],"curies":[{"name":"wp","href":"https:\/\/api.w.org\/{rel}","templated":true}]}}