{"id":23611,"date":"2023-03-03T13:44:13","date_gmt":"2023-03-03T16:44:13","guid":{"rendered":"https:\/\/www.casadainjecao.com.br\/loja\/?post_type=product&#038;p=23611"},"modified":"2026-04-08T13:31:10","modified_gmt":"2026-04-08T16:31:10","slug":"corpo-borboleta-tbi-1-6-1-8-etorq-strada-original-55254306","status":"publish","type":"product","link":"https:\/\/www.casadainjecao.com.br\/loja\/autopecas\/injecao-eletronica\/corpo-de-borboleta\/corpo-borboleta-tbi-1-6-1-8-etorq-strada-original-55254306\/","title":{"rendered":"Corpo Borboleta Tbi Fiat Palio Motor E-torq Original &#8211;"},"content":{"rendered":"<h1>Corpo Borboleta Tbi Original<\/h1>\n<h3>Motor E-torq 1.6 16v 1.8 16v<\/h3>\n<h3>Fiat Argo &#8211; 2017 Diante<\/h3>\n<h3>Fiat Bravo 2011 at\u00e9 2016<\/h3>\n<h3>Fiat Cronos &#8211; 2018 Diante<\/h3>\n<h3>Fiat Doblo Fase 1 &#8211; 2010 at\u00e9 2021<\/h3>\n<h3>Fiat Grand Siena &#8211; 2012 at\u00e9 2021<\/h3>\n<h3>Fiat Idea Fase 1 &#8211; 2011 at\u00e9 2016<\/h3>\n<h3>Fiat Linea &#8211; 2009 at\u00e9 2016<\/h3>\n<h3>Fiat Novo Palio &#8211; 2012 at\u00e9 2017<\/h3>\n<h3>Fiat Palio Fase 3 &#8211; 2008 at\u00e9 2012<\/h3>\n<h3>Fiat Palio Weekend Fase 3 &#8211; 2008 at\u00e9 2020<\/h3>\n<h3>Fiat Punto &#8211; 2008 at\u00e9 2017<\/h3>\n<h3>Fiat Siena Fase 3 &#8211; 2008 at\u00e9 2012<\/h3>\n<h3>Fiat Strada Fase 3 &#8211; 2008\u00a0 at\u00e9 2020<\/h3>\n<h3>Fiat Toro &#8211; 2016 at\u00e9 2021<\/h3>\n<h3>Fiat Toro Mca &#8211; 2021 Diante<\/h3>\n<h3>C\u00f3digo de Refer\u00eancia:<\/h3>\n<h3>55254306, 50GTE, GTEF0101, 55223625<\/h3>\n<h5>Condi\u00e7\u00f5es:<\/h5>\n<h5>Novo Original \/ Marca Magneti Marelli<\/h5>\n<h5>Garantia:<\/h5>\n<h5>3 Meses<\/h5>\n<h5>Confirme a numera\u00e7\u00e3o antes da compra, se a numera\u00e7\u00e3o da pe\u00e7a do an\u00fancio for igual a da pe\u00e7a do seu ve\u00edculo, ser\u00e1 compat\u00edvel.<\/h5>\n<h5>O corpo de borboleta (tamb\u00e9m conhecido como TBI \u2013 Throttle Body Injection) controla a entrada de ar na admiss\u00e3o do motor para o cilindro, auxiliando o funcionamento da marcha lenta e da acelera\u00e7\u00e3o. Apesar de existir o filtro de ar, a borboleta acaba ficando \u201csuja\u201d pelos vapores que saem de outros componentes.<\/h5>\n<h5><\/h5>\n<h5>A Casa da Inje\u00e7\u00e3o oferece total garantia nos produtos comprados em nosso site.<\/h5>\n<ol>\n<li>\n<h5>Cada item \u00e9 rigorosamente testado antes do envio<\/h5>\n<\/li>\n<li>\n<h5>Se os itens estiverem danificados ou parcialmente defeituosos, entre em contato conosco.<\/h5>\n<\/li>\n<\/ol>\n<h5>Se houver qualquer defeito, n\u00f3s lhe enviaremos uma substitui\u00e7\u00e3o ap\u00f3s receber o pacote ou devolvemos seu dinheiro.<\/h5>\n<h5>Leia nossa\u00a0<a href=\"https:\/\/www.casadainjecao.com.br\/loja\/politica-de-devolucao\">pol\u00edtica de devolu\u00e7\u00e3o aqui<\/a><\/h5>\n<h5>\u2014\u2014\u2014\u2014\u2014\u2014\u2014\u2014\u2014\u2014\u2014\u2014\u2014\u2014\u2014\u2014\u2014\u2014\u2014\u2013<\/h5>\n<h5><strong>Tem alguma d\u00favida?<\/strong><\/h5>\n<h5>Entre em contato que podemos ajudar!<\/h5>\n<h5>Confira as informa\u00e7\u00f5es adicionais abaixo:<\/h5>\n<ul>\n<li>\n<h5>Todos os nossos produtos s\u00e3o novos, semi-novos, originais e paralelos possuem garantia.<\/h5>\n<\/li>\n<li>\n<h5>Todos os produtos anunciados est\u00e3o dispon\u00edveis em estoque e s\u00e3o enviados com extrema rapidez.<\/h5>\n<\/li>\n<li>\n<h5>O frete pode ser simulado antes de efetuar a compra, basta clicar em \u201cver custos de envio\u201d.<\/h5>\n<\/li>\n<li>\n<h5>Verifique o endere\u00e7o de entrega cadastrado e atualize caso necess\u00e1rio.<\/h5>\n<\/li>\n<li>\n<h5>Confirme se a pe\u00e7a \u00e9 correta para o seu modelo de ve\u00edculo.<\/h5>\n<\/li>\n<li>\n<h5>Para pe\u00e7as automotivas, recomendamos a instala\u00e7\u00e3o por um profissional especializado.<\/h5>\n<\/li>\n<\/ul>\n<h5>Caso possua outras d\u00favidas, entre em contato.<\/h5>\n","protected":false},"excerpt":{"rendered":"<h2>Corpo Borboleta Tbi Fiat Palio Toro Siena Strada 55254306<\/h2>\n","protected":false},"featured_media":45077,"template":"","meta":{"_seopress_robots_primary_cat":"none","_seopress_titles_title":"","_seopress_titles_desc":"","_seopress_robots_index":"","_kad_blocks_custom_css":"","_kad_blocks_head_custom_js":"","_kad_blocks_body_custom_js":"","_kad_blocks_footer_custom_js":"","_joinchat":[]},"product_cat":[258,21],"product_tag":[289,1489,1635,247,1713,709,1100,119,108,120,121,1041],"berocket_brand":[383],"taxonomy_info":{"product_cat":[{"value":258,"label":"Corpo de Borboleta"},{"value":21,"label":"Inje\u00e7\u00e3o Eletr\u00f4nica"}],"product_tag":[{"value":289,"label":"Argo"},{"value":1489,"label":"Bravo"},{"value":1635,"label":"Cronos"},{"value":247,"label":"Doblo"},{"value":1713,"label":"Grand Siena"},{"value":709,"label":"Idea"},{"value":1100,"label":"Linea"},{"value":119,"label":"Palio"},{"value":108,"label":"Punto"},{"value":120,"label":"Siena"},{"value":121,"label":"Strada"},{"value":1041,"label":"Toro"}],"berocket_brand":[{"value":383,"label":"Fiat"}]},"featured_image_src_large":["https:\/\/www.casadainjecao.com.br\/loja\/wp-content\/uploads\/2023\/03\/55254306-6-920x920.jpg",640,640,true],"author_info":[],"comment_info":"","_links":{"self":[{"href":"https:\/\/www.casadainjecao.com.br\/loja\/wp-json\/wp\/v2\/product\/23611"}],"collection":[{"href":"https:\/\/www.casadainjecao.com.br\/loja\/wp-json\/wp\/v2\/product"}],"about":[{"href":"https:\/\/www.casadainjecao.com.br\/loja\/wp-json\/wp\/v2\/types\/product"}],"wp:featuredmedia":[{"embeddable":true,"href":"https:\/\/www.casadainjecao.com.br\/loja\/wp-json\/wp\/v2\/media\/45077"}],"wp:attachment":[{"href":"https:\/\/www.casadainjecao.com.br\/loja\/wp-json\/wp\/v2\/media?parent=23611"}],"wp:term":[{"taxonomy":"product_cat","embeddable":true,"href":"https:\/\/www.casadainjecao.com.br\/loja\/wp-json\/wp\/v2\/product_cat?post=23611"},{"taxonomy":"product_tag","embeddable":true,"href":"https:\/\/www.casadainjecao.com.br\/loja\/wp-json\/wp\/v2\/product_tag?post=23611"},{"taxonomy":"berocket_brand","embeddable":true,"href":"https:\/\/www.casadainjecao.com.br\/loja\/wp-json\/wp\/v2\/berocket_brand?post=23611"}],"curies":[{"name":"wp","href":"https:\/\/api.w.org\/{rel}","templated":true}]}}