{"id":23652,"date":"2023-03-19T09:52:50","date_gmt":"2023-03-19T12:52:50","guid":{"rendered":"https:\/\/www.casadainjecao.com.br\/loja\/?post_type=product&#038;p=23652"},"modified":"2026-04-06T14:43:20","modified_gmt":"2026-04-06T17:43:20","slug":"acendedor-de-cigarro-universal-completo-12v-7903003","status":"publish","type":"product","link":"https:\/\/www.casadainjecao.com.br\/loja\/autopecas\/interior\/acendedores\/acendedor-de-cigarro-universal-completo-12v-7903003\/","title":{"rendered":"Acendedor De Cigarro Universal Completo 12v &#8211; 7903003"},"content":{"rendered":"<h1>Acendedor de Cigarro Universal<\/h1>\n<h3>Compat\u00edvel com todos os ve\u00edculos<\/h3>\n<h3>C\u00f3digo de Refer\u00eancia:<\/h3>\n<h3>793003<\/h3>\n<h5>Especifica\u00e7\u00f5es:<\/h5>\n<h5>Tens\u00e3o: 12v\u00a0Cor: Vermelho<\/h5>\n<h5>Condi\u00e7\u00f5es:<\/h5>\n<h5>Produto Novo Importado \/ Marca Torken<\/h5>\n<h5>O que \u00e9 o Acendedor de Cigarro?<\/h5>\n<h5>Acendedor de cigarro veicular consiste em uma tomada el\u00e9trica no painel do ve\u00edculo, onde se insere um plug com uma resist\u00eancia met\u00e1lica. Quando o plug \u00e9 pressionado, a resist\u00eancia aquece rapidamente com a energia el\u00e9trica do carro, permitindo acender o cigarro. Tamb\u00e9m pode ser usado como fonte de alimenta\u00e7\u00e3o de 12 volts para carregar dispositivos eletr\u00f4nicos, como celulares e GPS, com os adaptadores compat\u00edveis.<\/h5>\n<h5>A Casa da Inje\u00e7\u00e3o oferece total garantia nos produtos comprados em nosso site.<\/h5>\n<ol>\n<li>\n<h5>Cada item \u00e9 rigorosamente testado antes do envio<\/h5>\n<\/li>\n<li>\n<h5>Se os itens estiverem danificados ou parcialmente defeituosos, entre em contato conosco.<\/h5>\n<\/li>\n<\/ol>\n<h5>Se houver qualquer defeito, n\u00f3s lhe enviaremos uma substitui\u00e7\u00e3o ap\u00f3s receber o pacote ou devolvemos seu dinheiro.<\/h5>\n<h5>Leia nossa\u00a0<a href=\"https:\/\/www.casadainjecao.com.br\/loja\/politica-de-devolucao\">pol\u00edtica de devolu\u00e7\u00e3o aqui<\/a><\/h5>\n<h5>\u2014\u2014\u2014\u2014\u2014\u2014\u2014\u2014\u2014\u2014\u2014\u2014\u2014\u2014\u2014\u2014\u2014\u2014\u2014\u2013<\/h5>\n<h5><strong>Tem alguma d\u00favida?<\/strong><\/h5>\n<h5>Entre em contato que podemos ajudar!<\/h5>\n<h5>Confira as informa\u00e7\u00f5es adicionais abaixo:<\/h5>\n<ul>\n<li>\n<h5>Todos os nossos produtos s\u00e3o novos, semi-novos, originais e paralelos possuem garantia.<\/h5>\n<\/li>\n<li>\n<h5>Todos os produtos anunciados est\u00e3o dispon\u00edveis em estoque e s\u00e3o enviados com extrema rapidez.<\/h5>\n<\/li>\n<li>\n<h5>O frete pode ser simulado antes de efetuar a compra, basta clicar em \u201cver custos de envio\u201d.<\/h5>\n<\/li>\n<li>\n<h5>Verifique o endere\u00e7o de entrega cadastrado e atualize caso necess\u00e1rio.<\/h5>\n<\/li>\n<li>\n<h5>Confirme se a pe\u00e7a \u00e9 correta para o seu modelo de ve\u00edculo.<\/h5>\n<\/li>\n<li>\n<h5>Para pe\u00e7as automotivas, recomendamos a instala\u00e7\u00e3o por um profissional especializado.<\/h5>\n<\/li>\n<\/ul>\n<h5>Caso possua outras d\u00favidas, entre em contato.<\/h5>\n","protected":false},"excerpt":{"rendered":"<h1>Acendedor de Cigarro Carro Auto Veicular Universal Completo 12v &#8211; 7903003<\/h1>\n","protected":false},"featured_media":43965,"template":"","meta":{"_seopress_robots_primary_cat":"none","_seopress_titles_title":"","_seopress_titles_desc":"","_seopress_robots_index":"","_joinchat":[]},"product_cat":[336,24],"product_tag":[],"berocket_brand":[1326,378,379,380,381,1667,382,1133,1644,383,384,385,386,1143,1134,387,388,389,1695,406,390,391,392,1053,393,394,1528,1672,395,396,397,1593],"_links":{"self":[{"href":"https:\/\/www.casadainjecao.com.br\/loja\/wp-json\/wp\/v2\/product\/23652"}],"collection":[{"href":"https:\/\/www.casadainjecao.com.br\/loja\/wp-json\/wp\/v2\/product"}],"about":[{"href":"https:\/\/www.casadainjecao.com.br\/loja\/wp-json\/wp\/v2\/types\/product"}],"wp:featuredmedia":[{"embeddable":true,"href":"https:\/\/www.casadainjecao.com.br\/loja\/wp-json\/wp\/v2\/media\/43965"}],"wp:attachment":[{"href":"https:\/\/www.casadainjecao.com.br\/loja\/wp-json\/wp\/v2\/media?parent=23652"}],"wp:term":[{"taxonomy":"product_cat","embeddable":true,"href":"https:\/\/www.casadainjecao.com.br\/loja\/wp-json\/wp\/v2\/product_cat?post=23652"},{"taxonomy":"product_tag","embeddable":true,"href":"https:\/\/www.casadainjecao.com.br\/loja\/wp-json\/wp\/v2\/product_tag?post=23652"},{"taxonomy":"berocket_brand","embeddable":true,"href":"https:\/\/www.casadainjecao.com.br\/loja\/wp-json\/wp\/v2\/berocket_brand?post=23652"}],"curies":[{"name":"wp","href":"https:\/\/api.w.org\/{rel}","templated":true}]}}