{"id":23655,"date":"2023-03-19T10:04:19","date_gmt":"2023-03-19T13:04:19","guid":{"rendered":"https:\/\/www.casadainjecao.com.br\/loja\/?post_type=product&#038;p=23655"},"modified":"2026-04-29T13:56:49","modified_gmt":"2026-04-29T16:56:49","slug":"acendedor-de-cigarro-universal-completo-12v-7903004","status":"publish","type":"product","link":"https:\/\/www.casadainjecao.com.br\/loja\/autopecas\/interior\/acendedores\/acendedor-de-cigarro-universal-completo-12v-7903004\/","title":{"rendered":"Acendedor De Cigarro Universal Completo 12v &#8211; 7903004"},"content":{"rendered":"<h2>Acendedor de Cigarro Isqueiro Carro Auto Veicular Cor Laranja<br \/>\nUniversal Completo 12v Led na Cor Laranja<\/h2>\n<p>C\u00f3digo: \u2013 7903004<\/p>\n<p>A PARTE FIXA DO ACENDEDOR, PODE SER USADA COMO CARREGADOR DE BATERIAS PARA CELULARES E DEMAIS APARELHOS 12V<\/p>\n<p>A Casa da Inje\u00e7\u00e3o oferece total garantia nos produtos comprados em nosso site.<\/p>\n<ol>\n<li>Cada item \u00e9 rigorosamente testado antes do envio<\/li>\n<li>Se os itens estiverem danificados ou parcialmente defeituosos, entre em contato conosco.<\/li>\n<\/ol>\n<p>Se houver qualquer defeito, n\u00f3s lhe enviaremos uma substitui\u00e7\u00e3o ap\u00f3s receber o pacote ou devolvemos seu dinheiro.<\/p>\n<p>Leia nossa\u00a0<a href=\"https:\/\/www.casadainjecao.com.br\/loja\/politica-de-devolucao\">pol\u00edtica de devolu\u00e7\u00e3o aqui<\/a><\/p>\n<p>\u2014\u2014\u2014\u2014\u2014\u2014\u2014\u2014\u2014\u2014\u2014\u2014\u2014\u2014\u2014\u2014\u2014\u2014\u2014\u2013<\/p>\n<p><strong>Tem alguma d\u00favida?<\/strong><\/p>\n<p>Entre em contato que podemos ajudar!<\/p>\n<p>Confira as informa\u00e7\u00f5es adicionais abaixo:<\/p>\n<ul>\n<li>Todos os nossos produtos s\u00e3o novos, semi-novos, originais e paralelos possuem garantia.<\/li>\n<li>Todos os produtos anunciados est\u00e3o dispon\u00edveis em estoque e s\u00e3o enviados com extrema rapidez.<\/li>\n<li>O frete pode ser simulado antes de efetuar a compra, basta clicar em \u201cver custos de envio\u201d.<\/li>\n<li>Verifique o endere\u00e7o de entrega cadastrado e atualize caso necess\u00e1rio.<\/li>\n<li>Confirme se a pe\u00e7a \u00e9 correta para o seu modelo de ve\u00edculo.<\/li>\n<li>Para pe\u00e7as automotivas, recomendamos a instala\u00e7\u00e3o por um profissional especializado.<\/li>\n<\/ul>\n<p>Caso possua outras d\u00favidas, entre em contato.<\/p>\n","protected":false},"excerpt":{"rendered":"<h2>Acendedor de Cigarro Isqueiro Carro Auto Veicular Cor Laranja<\/h2>\n<h2>Universal Completo 12v Led na Cor Laranja<\/h2>\n<p>A PARTE FIXA DO ACENDEDOR, PODE SER USADA COMO CARREGADOR DE BATERIAS PARA CELULARES E DEMAIS APARELHOS 12V<\/p>\n","protected":false},"featured_media":43959,"template":"","meta":{"_seopress_robots_primary_cat":"none","_seopress_titles_title":"","_seopress_titles_desc":"","_seopress_robots_index":"","_kad_blocks_custom_css":"","_kad_blocks_head_custom_js":"","_kad_blocks_body_custom_js":"","_kad_blocks_footer_custom_js":"","_joinchat":[]},"product_cat":[336,24],"product_tag":[],"berocket_brand":[1326,378,379,380,381,1667,382,1133,1644,383,384,385,386,1143,1134,387,388,389,1695,406,390,391,392,1053,393,394,1528,1672,395,396,397,1593],"taxonomy_info":{"product_cat":[{"value":336,"label":"Acendedores"},{"value":24,"label":"Interior"}],"berocket_brand":[{"value":1326,"label":"Asia Motors"},{"value":378,"label":"Audi"},{"value":379,"label":"BMW"},{"value":380,"label":"CaoaChery"},{"value":381,"label":"Chevrolet"},{"value":1667,"label":"Chrysler"},{"value":382,"label":"Citroen"},{"value":1133,"label":"Dodge"},{"value":1644,"label":"Effa"},{"value":383,"label":"Fiat"},{"value":384,"label":"Ford"},{"value":385,"label":"Honda"},{"value":386,"label":"Hyundai"},{"value":1143,"label":"Iveco"},{"value":1134,"label":"Jac"},{"value":387,"label":"Jeep"},{"value":388,"label":"Kia"},{"value":389,"label":"Land Rover"},{"value":1695,"label":"Marcopolo"},{"value":406,"label":"Mazda"},{"value":390,"label":"Mercedes-Benz"},{"value":391,"label":"Mitsubishi"},{"value":392,"label":"Nissan"},{"value":1053,"label":"Outras"},{"value":393,"label":"Peugeot"},{"value":394,"label":"Renault"},{"value":1528,"label":"Scania"},{"value":1672,"label":"Suzuki"},{"value":395,"label":"Toyota"},{"value":396,"label":"Volkswagen"},{"value":397,"label":"Volvo"},{"value":1593,"label":"Yamaha"}]},"featured_image_src_large":["https:\/\/www.casadainjecao.com.br\/loja\/wp-content\/uploads\/2023\/03\/7903004-1-920x920.jpg",640,640,true],"author_info":[],"comment_info":"","_links":{"self":[{"href":"https:\/\/www.casadainjecao.com.br\/loja\/wp-json\/wp\/v2\/product\/23655"}],"collection":[{"href":"https:\/\/www.casadainjecao.com.br\/loja\/wp-json\/wp\/v2\/product"}],"about":[{"href":"https:\/\/www.casadainjecao.com.br\/loja\/wp-json\/wp\/v2\/types\/product"}],"wp:featuredmedia":[{"embeddable":true,"href":"https:\/\/www.casadainjecao.com.br\/loja\/wp-json\/wp\/v2\/media\/43959"}],"wp:attachment":[{"href":"https:\/\/www.casadainjecao.com.br\/loja\/wp-json\/wp\/v2\/media?parent=23655"}],"wp:term":[{"taxonomy":"product_cat","embeddable":true,"href":"https:\/\/www.casadainjecao.com.br\/loja\/wp-json\/wp\/v2\/product_cat?post=23655"},{"taxonomy":"product_tag","embeddable":true,"href":"https:\/\/www.casadainjecao.com.br\/loja\/wp-json\/wp\/v2\/product_tag?post=23655"},{"taxonomy":"berocket_brand","embeddable":true,"href":"https:\/\/www.casadainjecao.com.br\/loja\/wp-json\/wp\/v2\/berocket_brand?post=23655"}],"curies":[{"name":"wp","href":"https:\/\/api.w.org\/{rel}","templated":true}]}}