{"id":23846,"date":"2023-03-29T17:23:36","date_gmt":"2023-03-29T20:23:36","guid":{"rendered":"https:\/\/www.casadainjecao.com.br\/loja\/?post_type=product&#038;p=23846"},"modified":"2026-01-18T07:38:12","modified_gmt":"2026-01-18T10:38:12","slug":"jogo-de-bico-injetor-peugeot-206-207-citroen-c3-c4-1-6-2-0-16v-flex-0280156272","status":"publish","type":"product","link":"https:\/\/www.casadainjecao.com.br\/loja\/autopecas\/injecao-eletronica\/bico-injetor\/jogo-de-bico-injetor-peugeot-206-207-citroen-c3-c4-1-6-2-0-16v-flex-0280156272\/","title":{"rendered":"Jogo De Bico Injetor Peugeot 206 207\/ Citroen C3 C4 1.6 2.0 "},"content":{"rendered":"<h2>Bico Injetor<\/h2>\n<h2>Peugeot\/Citroen<\/h2>\n<h2><span style=\"font-weight: 400;\">Aplica\u00e7\u00e3o:<\/span><br style=\"font-weight: 400;\" \/><span style=\"font-weight: 400;\">206 1.6 2.0 2005 &gt; 2008<\/span><br style=\"font-weight: 400;\" \/><span style=\"font-weight: 400;\">207 1.6 2.0 2008 &gt; 2013<\/span><br style=\"font-weight: 400;\" \/><span style=\"font-weight: 400;\">306 1.6 2.0 2006 &gt; 2012<\/span><br style=\"font-weight: 400;\" \/><span style=\"font-weight: 400;\">307 1.6 2.0 2006 &gt; 2012<\/span><br style=\"font-weight: 400;\" \/><span style=\"font-weight: 400;\">HOGGAR 1.6 2.0 2010 &gt; 2012<\/span><br style=\"font-weight: 400;\" \/><span style=\"font-weight: 400;\">C3 1.6 2.0 2008 &gt; 2012<\/span><br style=\"font-weight: 400;\" \/><span style=\"font-weight: 400;\">C4 1.6 2.0 2009 &gt; 2013<\/span><br style=\"font-weight: 400;\" \/><span style=\"font-weight: 400;\">PICASSO 1.6 2.0 2006 &gt; 2012<\/span><br style=\"font-weight: 400;\" \/><span style=\"font-weight: 400;\">XSARA 1.6 2.0 2006 &gt; 2012<\/span><\/h2>\n<h3>Especifica\u00e7\u00f5es T\u00e9cnicas:<br \/>\n&#8211; Marca: Torken<br \/>\n&#8211; Condi\u00e7\u00e3o do item: Novo Importado<br \/>\n&#8211; Modelo: BICO INJETOR<br \/>\n&#8211; C\u00f3digo: 0280156272<\/h3>\n<h2>Com 4 Unidades<\/h2>\n<h3><strong>ATEN\u00c7\u00c3O: Antes de efetuar a compra verifique o c\u00f3digo da sua pe\u00e7a que est\u00e1 instalada no seu ve\u00edculo.<\/strong><\/h3>\n<h5><strong>A Casa da Inje\u00e7\u00e3o oferece total garantia nos produtos comprados em nosso site.<\/strong><\/h5>\n<h5><strong>Cada item \u00e9 rigorosamente testado antes do envio<\/strong><\/h5>\n<h5><strong>Se os itens estiverem danificados ou parcialmente defeituosos, entre em contato conosco.<\/strong><\/h5>\n<h5><strong>Procure um profissional devidamente licenciado para a instala\u00e7\u00e3o e fa\u00e7a revis\u00f5es periodicamente. A empresa n\u00e3o se responsabiliza por problemas oriundos da m\u00e1 instala\u00e7\u00e3o ou com a falta de cuidados peri\u00f3dicos dos componentes.<\/strong><\/h5>\n<h5><strong>Se houver qualquer defeito, n\u00f3s lhe enviaremos uma substitui\u00e7\u00e3o ap\u00f3s receber o pacote ou devolvemos seu dinheiro.<\/strong><\/h5>\n<h5><strong>Leia nossa <\/strong><a href=\"https:\/\/www.casadainjecao.com.br\/loja\/politica-de-devolucao\">pol\u00edtica de devolu\u00e7\u00e3o aqui<\/a><\/h5>\n<h5><strong>\u2014\u2014\u2014\u2014\u2014\u2014\u2014\u2014\u2014\u2014\u2014\u2014\u2014\u2014\u2014\u2014\u2014\u2014\u2014\u2013<\/strong><\/h5>\n<h5><strong>Tem alguma d\u00favida?<\/strong><\/h5>\n<h5><strong>Entre em contato que podemos ajudar!<\/strong><\/h5>\n<h5><strong>Confira as informa\u00e7\u00f5es adicionais abaixo:<\/strong><\/h5>\n<h5><strong>Todos os nossos produtos s\u00e3o novos, semi-novos, originais e paralelos possuem garantia.<\/strong><\/h5>\n<h5><strong>Todos os produtos anunciados est\u00e3o dispon\u00edveis em estoque e s\u00e3o enviados com extrema rapidez.<\/strong><\/h5>\n<h5><strong>O frete pode ser simulado antes de efetuar a compra, basta clicar em \u201cver custos de envio\u201d.<\/strong><\/h5>\n<h5><strong>Verifique o endere\u00e7o de entrega cadastrado e atualize caso necess\u00e1rio.<\/strong><\/h5>\n<h5><strong>Confirme se a pe\u00e7a \u00e9 correta para o seu modelo de ve\u00edculo.<\/strong><\/h5>\n<h5><strong>Para pe\u00e7as automotivas, recomendamos a instala\u00e7\u00e3o por um profissional especializado.<\/strong><\/h5>\n<h5><strong>Caso possua outras d\u00favidas, entre em contato.<\/strong><\/h5>\n","protected":false},"excerpt":{"rendered":"<h2>Jogo De Bico Injetor Peugeot 206 207\/ Citroen C3 C4 1.6 2.0 16v Flex &#8211; 0280156272<\/h2>\n","protected":false},"featured_media":37007,"template":"","meta":{"_seopress_robots_primary_cat":"none","_seopress_titles_title":"","_seopress_titles_desc":"","_seopress_robots_index":"","_joinchat":[]},"product_cat":[256,21],"product_tag":[782,783,1516,132,245,1640],"berocket_brand":[382,393],"_links":{"self":[{"href":"https:\/\/www.casadainjecao.com.br\/loja\/wp-json\/wp\/v2\/product\/23846"}],"collection":[{"href":"https:\/\/www.casadainjecao.com.br\/loja\/wp-json\/wp\/v2\/product"}],"about":[{"href":"https:\/\/www.casadainjecao.com.br\/loja\/wp-json\/wp\/v2\/types\/product"}],"wp:featuredmedia":[{"embeddable":true,"href":"https:\/\/www.casadainjecao.com.br\/loja\/wp-json\/wp\/v2\/media\/37007"}],"wp:attachment":[{"href":"https:\/\/www.casadainjecao.com.br\/loja\/wp-json\/wp\/v2\/media?parent=23846"}],"wp:term":[{"taxonomy":"product_cat","embeddable":true,"href":"https:\/\/www.casadainjecao.com.br\/loja\/wp-json\/wp\/v2\/product_cat?post=23846"},{"taxonomy":"product_tag","embeddable":true,"href":"https:\/\/www.casadainjecao.com.br\/loja\/wp-json\/wp\/v2\/product_tag?post=23846"},{"taxonomy":"berocket_brand","embeddable":true,"href":"https:\/\/www.casadainjecao.com.br\/loja\/wp-json\/wp\/v2\/berocket_brand?post=23846"}],"curies":[{"name":"wp","href":"https:\/\/api.w.org\/{rel}","templated":true}]}}