{"id":23884,"date":"2023-03-30T18:14:07","date_gmt":"2023-03-30T21:14:07","guid":{"rendered":"https:\/\/www.casadainjecao.com.br\/loja\/?post_type=product&#038;p=23884"},"modified":"2026-05-02T23:12:24","modified_gmt":"2026-05-03T02:12:24","slug":"bico-injetor-bmw-x1-325i-7531634","status":"publish","type":"product","link":"https:\/\/www.casadainjecao.com.br\/loja\/autopecas\/injecao-eletronica\/bico-injetor\/bico-injetor-bmw-x1-325i-7531634\/","title":{"rendered":"Bico Injetor Bmw X1 325i &#8211; 7531634"},"content":{"rendered":"<h2>Torken do Brasil Refer\u00eancia em qualidade e Confian\u00e7a em Pe\u00e7as Automotivas.<\/h2>\n<h2>Bico Injetor \/ V\u00e1lvula de Inje\u00e7\u00e3o<\/h2>\n<p>Aplica\u00e7\u00f5es<br \/>\nCompat\u00edvel com os ve\u00edculos:<\/p>\n<p>X1 3.0 V6 24V Gasolina \u2013 2008 2009 2010 2011<br \/>\nX3 2.5 V6 24V Gasolina \u2013 2006 2007 2008 2009 2010 2011 2012<br \/>\nX3 3.0 V6 24V Gasolina \u2013 2006 2007 2008 2009 2010 2011 2012<br \/>\nX5 3.0 V6 24V Gasolina \u2013 2006 2007 2008 2009 2010<br \/>\nZ4 3.0 V6 24V Gasolina \u2013 2004 2005 2006 2007 2008 2009 2010 2011<br \/>\n125i 3.0 V6 24V Gasolina \u2013 2006 2007 2008 2009 2010 2011 2012 2013<br \/>\n130i 3.0 V6 24V Gasolina \u2013 2006 2007 2008 2009 2010 2011 2012 2013<br \/>\n323i 2.5 V6 24V Gasolina \u2013 2005 2006 2007 2008 2009 2010<br \/>\n325i 2.5 V6 24V Gasolina \u2013 2005 2006 2007 2008 2009 2010<br \/>\n330i 3.0 V6 24V Gasolina \u2013 2005 2006 2007 2008 2009 2010<br \/>\n523i 3.0 V6 24V Gasolina \u2013 2004 2005 2006 2007 2008 2009<br \/>\n525i 3.0 V6 24V Gasolina \u2013 2004 2005 2006 2007 2008 2009 2010 2011 2012 2013<br \/>\n530i 3.0 V6 24V Gasolina \u2013 2004 2005 2006 2007 2008 2009 2010 2011 2012 2013<\/p>\n<p>Especifica\u00e7\u00f5es T\u00e9cnicas<br \/>\nMarca: Torken<br \/>\nCondi\u00e7\u00e3o: Produto novo<br \/>\nC\u00f3digos de refer\u00eancia: 7531634 \/ 8019C09028<br \/>\nGarantia: 3 meses<br \/>\nConte\u00fado da Embalagem<br \/>\n01 Bico Injetor<\/p>\n<p>Aten\u00e7\u00e3o<br \/>\nAntes de efetuar a compra, verifique se o c\u00f3digo da pe\u00e7a instalada no seu ve\u00edculo \u00e9 compat\u00edvel com este produto.<br \/>\nEm caso de d\u00favida, consulte um profissional.<\/p>\n<p>&nbsp;<\/p>\n<h3><strong>ATEN\u00c7\u00c3O<\/strong>: Antes de efetuar a compra verifique o c\u00f3digo da pe\u00e7a que est\u00e1 instalado no seu ve\u00edculo.<\/h3>\n<p>A Casa da Inje\u00e7\u00e3o oferece total garantia nos produtos comprados em nosso site.<\/p>\n<ol>\n<li>Cada item \u00e9 rigorosamente testado antes do envio<\/li>\n<li>Se os itens estiverem danificados ou parcialmente defeituosos, entre em contato conosco.<\/li>\n<\/ol>\n<p>Se houver qualquer defeito, n\u00f3s lhe enviaremos uma substitui\u00e7\u00e3o ap\u00f3s receber o pacote ou devolvemos seu dinheiro.<\/p>\n<p>Leia nossa\u00a0<a href=\"https:\/\/www.casadainjecao.com.br\/loja\/politica-de-devolucao\">pol\u00edtica de devolu\u00e7\u00e3o aqui<\/a><\/p>\n<p>\u2014\u2014\u2014\u2014\u2014\u2014\u2014\u2014\u2014\u2014\u2014\u2014\u2014\u2014\u2014\u2014\u2014\u2014\u2014\u2013<\/p>\n<h4>Tem alguma d\u00favida?<\/h4>\n<p>Entre em contato que podemos ajudar!<\/p>\n<p>Confira as informa\u00e7\u00f5es adicionais abaixo:<\/p>\n<ul>\n<li>Todos os nossos produtos s\u00e3o novos, semi-novos, originais, paralelos e possuem garantia.<\/li>\n<li>Todos os produtos anunciados est\u00e3o dispon\u00edveis em estoque e s\u00e3o enviados com extrema rapidez.<\/li>\n<li>O frete pode ser simulado antes de efetuar a compra, basta clicar em \u201cver custos de envio\u201d.<\/li>\n<li>Verifique o endere\u00e7o de entrega cadastrado e atualize caso necess\u00e1rio.<\/li>\n<li>Confirme se a pe\u00e7a \u00e9 correta para o seu modelo de ve\u00edculo.<\/li>\n<li>Para pe\u00e7as automotivas, recomendamos a instala\u00e7\u00e3o por um profissional especializado.<\/li>\n<\/ul>\n<p>Caso possua outras d\u00favidas, entre em contato.<\/p>\n","protected":false},"excerpt":{"rendered":"<h2>Bico Injetor Compat\u00edvel Bmw X1 325i &#8211; 7531634<\/h2>\n","protected":false},"featured_media":32370,"template":"","meta":{"_seopress_robots_primary_cat":"none","_seopress_titles_title":"","_seopress_titles_desc":"","_seopress_robots_index":"","_joinchat":[]},"product_cat":[256,21],"product_tag":[1791],"berocket_brand":[379],"_links":{"self":[{"href":"https:\/\/www.casadainjecao.com.br\/loja\/wp-json\/wp\/v2\/product\/23884"}],"collection":[{"href":"https:\/\/www.casadainjecao.com.br\/loja\/wp-json\/wp\/v2\/product"}],"about":[{"href":"https:\/\/www.casadainjecao.com.br\/loja\/wp-json\/wp\/v2\/types\/product"}],"wp:featuredmedia":[{"embeddable":true,"href":"https:\/\/www.casadainjecao.com.br\/loja\/wp-json\/wp\/v2\/media\/32370"}],"wp:attachment":[{"href":"https:\/\/www.casadainjecao.com.br\/loja\/wp-json\/wp\/v2\/media?parent=23884"}],"wp:term":[{"taxonomy":"product_cat","embeddable":true,"href":"https:\/\/www.casadainjecao.com.br\/loja\/wp-json\/wp\/v2\/product_cat?post=23884"},{"taxonomy":"product_tag","embeddable":true,"href":"https:\/\/www.casadainjecao.com.br\/loja\/wp-json\/wp\/v2\/product_tag?post=23884"},{"taxonomy":"berocket_brand","embeddable":true,"href":"https:\/\/www.casadainjecao.com.br\/loja\/wp-json\/wp\/v2\/berocket_brand?post=23884"}],"curies":[{"name":"wp","href":"https:\/\/api.w.org\/{rel}","templated":true}]}}