{"id":23891,"date":"2023-03-30T19:00:15","date_gmt":"2023-03-30T22:00:15","guid":{"rendered":"https:\/\/www.casadainjecao.com.br\/loja\/?post_type=product&#038;p=23891"},"modified":"2023-07-01T11:33:50","modified_gmt":"2023-07-01T14:33:50","slug":"bico-injetor-mitsubishi-pajero-full-sport-3-5-v6-1955003970","status":"publish","type":"product","link":"https:\/\/www.casadainjecao.com.br\/loja\/autopecas\/injecao-eletronica\/bico-injetor\/bico-injetor-mitsubishi-pajero-full-sport-3-5-v6-1955003970\/","title":{"rendered":"Bico Injetor Mitsubishi Pajero Full\/Sport 3.5 V6 -1955003970"},"content":{"rendered":"<h1>Bico Injetor Mitsubishi Pajero Full\/Sport 3.5 V6 -1955003970<\/h1>\n","protected":false},"excerpt":{"rendered":"<h2>Bico Injetor Mitsubishi<\/h2>\n<h2>APLICA\u00c7\u00c3O:<br \/>\nL200 TRITON 3.5 V6 FLEX 2008 \u00c1 2010<br \/>\nPAJERO SPORT FULL 3.5 V6 24V GASOLINA &#8211; 1999 \u00c1 2005<br \/>\nModelos Full \/ Sport \/ GLS \/ GLX<\/h2>\n<h2>C\u00f3digo: &#8211; 1955003970<\/h2>\n<h2>c=277<\/h2>\n","protected":false},"featured_media":23894,"template":"","meta":{"_seopress_robots_primary_cat":"none","_seopress_titles_title":"","_seopress_titles_desc":"","_seopress_robots_index":"","_kad_blocks_custom_css":"","_kad_blocks_head_custom_js":"","_kad_blocks_body_custom_js":"","_kad_blocks_footer_custom_js":"","_joinchat":[]},"product_cat":[256,21],"product_tag":[1537,1792],"berocket_brand":[391],"taxonomy_info":{"product_cat":[{"value":256,"label":"Bico Injetor"},{"value":21,"label":"Inje\u00e7\u00e3o Eletr\u00f4nica"}],"product_tag":[{"value":1537,"label":"L200 Triton"},{"value":1792,"label":"PAJERO SPORT FULL"}],"berocket_brand":[{"value":391,"label":"Mitsubishi"}]},"featured_image_src_large":["https:\/\/www.casadainjecao.com.br\/loja\/wp-content\/uploads\/2023\/03\/970.jpg",239,500,false],"author_info":[],"comment_info":"","_links":{"self":[{"href":"https:\/\/www.casadainjecao.com.br\/loja\/wp-json\/wp\/v2\/product\/23891"}],"collection":[{"href":"https:\/\/www.casadainjecao.com.br\/loja\/wp-json\/wp\/v2\/product"}],"about":[{"href":"https:\/\/www.casadainjecao.com.br\/loja\/wp-json\/wp\/v2\/types\/product"}],"wp:featuredmedia":[{"embeddable":true,"href":"https:\/\/www.casadainjecao.com.br\/loja\/wp-json\/wp\/v2\/media\/23894"}],"wp:attachment":[{"href":"https:\/\/www.casadainjecao.com.br\/loja\/wp-json\/wp\/v2\/media?parent=23891"}],"wp:term":[{"taxonomy":"product_cat","embeddable":true,"href":"https:\/\/www.casadainjecao.com.br\/loja\/wp-json\/wp\/v2\/product_cat?post=23891"},{"taxonomy":"product_tag","embeddable":true,"href":"https:\/\/www.casadainjecao.com.br\/loja\/wp-json\/wp\/v2\/product_tag?post=23891"},{"taxonomy":"berocket_brand","embeddable":true,"href":"https:\/\/www.casadainjecao.com.br\/loja\/wp-json\/wp\/v2\/berocket_brand?post=23891"}],"curies":[{"name":"wp","href":"https:\/\/api.w.org\/{rel}","templated":true}]}}