{"id":23917,"date":"2023-03-31T12:09:27","date_gmt":"2023-03-31T15:09:27","guid":{"rendered":"https:\/\/www.casadainjecao.com.br\/loja\/?post_type=product&#038;p=23917"},"modified":"2026-03-27T14:06:08","modified_gmt":"2026-03-27T17:06:08","slug":"bico-injetor-ford-ecosport-focus-2-0-16v-flex-duratec-0280158162","status":"publish","type":"product","link":"https:\/\/www.casadainjecao.com.br\/loja\/autopecas\/injecao-eletronica\/bico-injetor\/bico-injetor-ford-ecosport-focus-2-0-16v-flex-duratec-0280158162\/","title":{"rendered":"Bico Injetor Ford Ecosport Focus 2.0 16v Flex &#8211; 028015"},"content":{"rendered":"<h3 data-start=\"182\" data-end=\"247\"><strong data-start=\"189\" data-end=\"245\">Bico Injetor 2.0 16V Torken \u2013 0280158162 (1 Unidade)<\/strong><\/h3>\n<p data-start=\"248\" data-end=\"297\"><strong data-start=\"248\" data-end=\"297\">Compat\u00edvel com: Ford Focus, EcoSport e Fusion<\/strong><\/p>\n<p data-start=\"304\" data-end=\"592\"><strong data-start=\"307\" data-end=\"346\">Restaure o desempenho do seu motor!<\/strong><br data-start=\"346\" data-end=\"349\" \/>Este bico injetor oferece a reposi\u00e7\u00e3o ideal para o sistema de inje\u00e7\u00e3o do seu ve\u00edculo. Produto novo, com \u00f3tima precis\u00e3o na pulveriza\u00e7\u00e3o de combust\u00edvel, garantindo\u00a0<strong data-start=\"531\" data-end=\"591\">melhor desempenho, economia e menor emiss\u00e3o de poluentes<\/strong>.<\/p>\n<h3 data-start=\"599\" data-end=\"637\"><strong data-start=\"605\" data-end=\"637\">Aplica\u00e7\u00e3o (Compatibilidade):<\/strong><\/h3>\n<p data-start=\"639\" data-end=\"647\"><strong data-start=\"639\" data-end=\"647\">FORD<\/strong><\/p>\n<ul data-start=\"648\" data-end=\"786\">\n<li data-start=\"648\" data-end=\"696\">\n<p data-start=\"650\" data-end=\"696\"><strong data-start=\"650\" data-end=\"680\">Focus 2.0 16V Duratec Flex<\/strong>\u00a0\u2013 2008 a 2016<\/p>\n<\/li>\n<li data-start=\"697\" data-end=\"740\">\n<p data-start=\"699\" data-end=\"740\"><strong data-start=\"699\" data-end=\"724\">EcoSport 2.0 16V Flex<\/strong>\u00a0\u2013 2010 a 2017<\/p>\n<\/li>\n<li data-start=\"741\" data-end=\"786\">\n<p data-start=\"743\" data-end=\"786\"><strong data-start=\"743\" data-end=\"770\">Fusion 2.5 16V Gasolina<\/strong>\u00a0\u2013 2009 a 2013<\/p>\n<\/li>\n<\/ul>\n<h3 data-start=\"793\" data-end=\"828\"><strong data-start=\"800\" data-end=\"828\">Especifica\u00e7\u00f5es T\u00e9cnicas:<\/strong><\/h3>\n<ul data-start=\"829\" data-end=\"1068\">\n<li data-start=\"829\" data-end=\"850\">\n<p data-start=\"831\" data-end=\"850\"><strong data-start=\"831\" data-end=\"841\">Marca:<\/strong>\u00a0Torken<\/p>\n<\/li>\n<li data-start=\"851\" data-end=\"879\">\n<p data-start=\"853\" data-end=\"879\"><strong data-start=\"853\" data-end=\"864\">Modelo:<\/strong>\u00a0Bico Injetor<\/p>\n<\/li>\n<li data-start=\"880\" data-end=\"909\">\n<p data-start=\"882\" data-end=\"909\"><strong data-start=\"882\" data-end=\"897\">Quantidade:<\/strong>\u00a01 unidade<\/p>\n<\/li>\n<li data-start=\"910\" data-end=\"977\">\n<p data-start=\"912\" data-end=\"929\"><strong data-start=\"912\" data-end=\"927\">C\u00f3digo OEM:<\/strong><\/p>\n<ul data-start=\"932\" data-end=\"977\">\n<li data-start=\"932\" data-end=\"946\">\n<p data-start=\"934\" data-end=\"946\">0280158162<\/p>\n<\/li>\n<li data-start=\"949\" data-end=\"963\">\n<p data-start=\"951\" data-end=\"963\">9E5Z9F593A<\/p>\n<\/li>\n<li data-start=\"966\" data-end=\"977\">\n<p data-start=\"968\" data-end=\"977\">9E5G-AA<\/p>\n<\/li>\n<\/ul>\n<\/li>\n<li data-start=\"978\" data-end=\"1012\">\n<p data-start=\"980\" data-end=\"1012\"><strong data-start=\"980\" data-end=\"993\">Condi\u00e7\u00e3o:<\/strong>\u00a0Produto\u00a0<strong data-start=\"1002\" data-end=\"1010\">Novo<\/strong><\/p>\n<\/li>\n<li data-start=\"1013\" data-end=\"1068\">\n<p data-start=\"1015\" data-end=\"1068\"><strong data-start=\"1015\" data-end=\"1028\">Garantia:<\/strong>\u00a03 meses contra defeitos de fabrica\u00e7\u00e3o<\/p>\n<\/li>\n<\/ul>\n<h3 data-start=\"1075\" data-end=\"1097\"><strong data-start=\"1082\" data-end=\"1097\">Importante:<\/strong><\/h3>\n<p data-start=\"1098\" data-end=\"1249\">Ve\u00edculos do mesmo ano\/modelo podem usar bicos diferentes. Para evitar erros,\u00a0<strong data-start=\"1175\" data-end=\"1207\">nos envie o n\u00famero do chassi<\/strong>\u00a0ou foto da pe\u00e7a original antes da compra.<\/p>\n<h3 data-start=\"1256\" data-end=\"1297\"><strong data-start=\"1263\" data-end=\"1297\">Por que escolher este produto?<\/strong><\/h3>\n<ul data-start=\"1298\" data-end=\"1466\">\n<li data-start=\"1298\" data-end=\"1338\">\n<p data-start=\"1300\" data-end=\"1338\">Produto novo, pronto para instala\u00e7\u00e3o<\/p>\n<\/li>\n<li data-start=\"1339\" data-end=\"1378\">\n<p data-start=\"1341\" data-end=\"1378\">Qualidade confi\u00e1vel da marca Torken<\/p>\n<\/li>\n<li data-start=\"1379\" data-end=\"1418\">\n<p data-start=\"1381\" data-end=\"1418\">Substitui\u00e7\u00e3o direta, sem adapta\u00e7\u00f5es<\/p>\n<\/li>\n<li data-start=\"1419\" data-end=\"1466\">\n<p data-start=\"1421\" data-end=\"1466\">Melhor rendimento e economia de combust\u00edvel<\/p>\n<\/li>\n<\/ul>\n","protected":false},"excerpt":{"rendered":"<p>BICO INJETOR ECOSPORT FOCUS FUSION 2.0 16V &#8211; 0280158162<\/p>\n","protected":false},"featured_media":44963,"template":"","meta":{"_seopress_robots_primary_cat":"none","_seopress_titles_title":"","_seopress_titles_desc":"","_seopress_robots_index":"","_kad_blocks_custom_css":"","_kad_blocks_head_custom_js":"","_kad_blocks_body_custom_js":"","_kad_blocks_footer_custom_js":"","_joinchat":[]},"product_cat":[256,21],"product_tag":[1860,122,275],"berocket_brand":[384],"taxonomy_info":{"product_cat":[{"value":256,"label":"Bico Injetor"},{"value":21,"label":"Inje\u00e7\u00e3o Eletr\u00f4nica"}],"product_tag":[{"value":1860,"label":"Ecoesport"},{"value":122,"label":"Focus"},{"value":275,"label":"Fusion"}],"berocket_brand":[{"value":384,"label":"Ford"}]},"featured_image_src_large":["https:\/\/www.casadainjecao.com.br\/loja\/wp-content\/uploads\/2023\/03\/BIP162-920x920.jpg",640,640,true],"author_info":[],"comment_info":"","_links":{"self":[{"href":"https:\/\/www.casadainjecao.com.br\/loja\/wp-json\/wp\/v2\/product\/23917"}],"collection":[{"href":"https:\/\/www.casadainjecao.com.br\/loja\/wp-json\/wp\/v2\/product"}],"about":[{"href":"https:\/\/www.casadainjecao.com.br\/loja\/wp-json\/wp\/v2\/types\/product"}],"wp:featuredmedia":[{"embeddable":true,"href":"https:\/\/www.casadainjecao.com.br\/loja\/wp-json\/wp\/v2\/media\/44963"}],"wp:attachment":[{"href":"https:\/\/www.casadainjecao.com.br\/loja\/wp-json\/wp\/v2\/media?parent=23917"}],"wp:term":[{"taxonomy":"product_cat","embeddable":true,"href":"https:\/\/www.casadainjecao.com.br\/loja\/wp-json\/wp\/v2\/product_cat?post=23917"},{"taxonomy":"product_tag","embeddable":true,"href":"https:\/\/www.casadainjecao.com.br\/loja\/wp-json\/wp\/v2\/product_tag?post=23917"},{"taxonomy":"berocket_brand","embeddable":true,"href":"https:\/\/www.casadainjecao.com.br\/loja\/wp-json\/wp\/v2\/berocket_brand?post=23917"}],"curies":[{"name":"wp","href":"https:\/\/api.w.org\/{rel}","templated":true}]}}