{"id":23922,"date":"2023-03-31T13:30:04","date_gmt":"2023-03-31T16:30:04","guid":{"rendered":"https:\/\/www.casadainjecao.com.br\/loja\/?post_type=product&#038;p=23922"},"modified":"2026-03-27T14:11:28","modified_gmt":"2026-03-27T17:11:28","slug":"kit-4x-bico-injetor-ford-ecosport-focus-2-0-16v-flex-duratec-0280158162","status":"publish","type":"product","link":"https:\/\/www.casadainjecao.com.br\/loja\/autopecas\/injecao-eletronica\/bico-injetor\/kit-4x-bico-injetor-ford-ecosport-focus-2-0-16v-flex-duratec-0280158162\/","title":{"rendered":"Kit 4x Bico Injetor Ford Ecosport Focus 2.0 16v Flex Duratec"},"content":{"rendered":"<h2 data-start=\"211\" data-end=\"279\"><strong data-start=\"218\" data-end=\"277\">Kit com 4 Bicos Injetores 2.0 16V &#8211; 0280158162<\/strong><\/h2>\n<p data-start=\"280\" data-end=\"323\"><strong data-start=\"280\" data-end=\"323\">Compat\u00edvel com Focus, EcoSport e Fusion<\/strong><\/p>\n<p data-start=\"330\" data-end=\"660\"><strong data-start=\"333\" data-end=\"388\">Mais economia, mais desempenho, motor revitalizado!<\/strong><br data-start=\"388\" data-end=\"391\" \/>Adquira j\u00e1 o\u00a0<strong data-start=\"404\" data-end=\"439\">kit com 4 bicos injetores novos,<\/strong>\u00a0e restaure o desempenho original do seu motor. Melhor que comprar separadamente, este kit \u00e9 ideal para substitui\u00e7\u00e3o completa \u2014 garantindo funcionamento uniforme, queima eficiente e menor consumo de combust\u00edvel.<\/p>\n<h3 data-start=\"667\" data-end=\"705\"><strong data-start=\"673\" data-end=\"705\">Aplica\u00e7\u00e3o (Compatibilidade):<\/strong><\/h3>\n<p data-start=\"707\" data-end=\"715\"><strong data-start=\"707\" data-end=\"715\">FORD<\/strong><\/p>\n<ul data-start=\"716\" data-end=\"854\">\n<li data-start=\"716\" data-end=\"764\">\n<p data-start=\"718\" data-end=\"764\"><strong data-start=\"718\" data-end=\"748\">Focus 2.0 16V Duratec Flex<\/strong>\u00a0\u2013 2008 a 2016<\/p>\n<\/li>\n<li data-start=\"765\" data-end=\"808\">\n<p data-start=\"767\" data-end=\"808\"><strong data-start=\"767\" data-end=\"792\">EcoSport 2.0 16V Flex<\/strong>\u00a0\u2013 2010 a 2017<\/p>\n<\/li>\n<li data-start=\"809\" data-end=\"854\">\n<p data-start=\"811\" data-end=\"854\"><strong data-start=\"811\" data-end=\"838\">Fusion 2.5 16V Gasolina<\/strong>\u00a0\u2013 2009 a 2013<\/p>\n<\/li>\n<\/ul>\n<h3 data-start=\"861\" data-end=\"896\"><strong data-start=\"868\" data-end=\"896\">Especifica\u00e7\u00f5es T\u00e9cnicas:<\/strong><\/h3>\n<ul data-start=\"897\" data-end=\"1143\">\n<li data-start=\"897\" data-end=\"918\">\n<p data-start=\"899\" data-end=\"918\"><strong data-start=\"899\" data-end=\"909\">Marca:<\/strong>\u00a0Torken<\/p>\n<\/li>\n<li data-start=\"919\" data-end=\"947\">\n<p data-start=\"921\" data-end=\"947\"><strong data-start=\"921\" data-end=\"932\">Modelo:<\/strong>\u00a0Bico Injetor<\/p>\n<\/li>\n<li data-start=\"948\" data-end=\"982\">\n<p data-start=\"950\" data-end=\"982\"><strong data-start=\"950\" data-end=\"963\">Condi\u00e7\u00e3o:<\/strong>\u00a0Produto\u00a0<strong data-start=\"972\" data-end=\"980\">Novo<\/strong><\/p>\n<\/li>\n<li data-start=\"983\" data-end=\"1020\">\n<p data-start=\"985\" data-end=\"1020\"><strong data-start=\"985\" data-end=\"1007\">Quantidade no kit:<\/strong>\u00a04 unidades<\/p>\n<\/li>\n<li data-start=\"1021\" data-end=\"1088\">\n<p data-start=\"1023\" data-end=\"1040\"><strong data-start=\"1023\" data-end=\"1038\">C\u00f3digo OEM:<\/strong><\/p>\n<ul data-start=\"1043\" data-end=\"1088\">\n<li data-start=\"1043\" data-end=\"1057\">\n<p data-start=\"1045\" data-end=\"1057\">0280158162<\/p>\n<\/li>\n<li data-start=\"1060\" data-end=\"1074\">\n<p data-start=\"1062\" data-end=\"1074\">9E5Z9F593A<\/p>\n<\/li>\n<li data-start=\"1077\" data-end=\"1088\">\n<p data-start=\"1079\" data-end=\"1088\">9E5G-AA<\/p>\n<\/li>\n<\/ul>\n<\/li>\n<li data-start=\"1089\" data-end=\"1143\">\n<p data-start=\"1091\" data-end=\"1143\"><strong data-start=\"1091\" data-end=\"1104\">Garantia:<\/strong>\u00a03 meses contra defeito de fabrica\u00e7\u00e3o<\/p>\n<\/li>\n<\/ul>\n<h3 data-start=\"1150\" data-end=\"1191\"><strong data-start=\"1157\" data-end=\"1191\">Por que escolher este produto?<\/strong><\/h3>\n<ul data-start=\"1192\" data-end=\"1398\">\n<li data-start=\"1192\" data-end=\"1226\">\n<p data-start=\"1194\" data-end=\"1226\">Produto novo de alta qualidade<\/p>\n<\/li>\n<li data-start=\"1227\" data-end=\"1266\">\n<p data-start=\"1229\" data-end=\"1266\">Substitui\u00e7\u00e3o direta, sem adapta\u00e7\u00f5es<\/p>\n<\/li>\n<li data-start=\"1267\" data-end=\"1317\">\n<p data-start=\"1269\" data-end=\"1317\">Reduz falhas de inje\u00e7\u00e3o e melhora o desempenho<\/p>\n<\/li>\n<li data-start=\"1318\" data-end=\"1350\">\n<p data-start=\"1320\" data-end=\"1350\">Mais economia de combust\u00edvel<\/p>\n<\/li>\n<li data-start=\"1351\" data-end=\"1398\">\n<p data-start=\"1353\" data-end=\"1398\">Ideal para manuten\u00e7\u00e3o preventiva ou corretiva<\/p>\n<\/li>\n<\/ul>\n<h3 data-start=\"1405\" data-end=\"1435\"><strong data-start=\"1412\" data-end=\"1435\">Aten\u00e7\u00e3o importante:<\/strong><\/h3>\n<p data-start=\"1436\" data-end=\"1616\">Antes da compra, verifique o c\u00f3digo da sua pe\u00e7a original. Em caso de d\u00favida,\u00a0<strong data-start=\"1513\" data-end=\"1541\">envie o n\u00famero do chassi<\/strong>\u00a0do seu ve\u00edculo \u2014 nossa equipe ajuda a confirmar a compatibilidade correta.<\/p>\n","protected":false},"excerpt":{"rendered":"<h2>4x Bico Injetor Ford Ecosport Focus 2.0 16v Flex 0280158162<\/h2>\n","protected":false},"featured_media":44962,"template":"","meta":{"_seopress_robots_primary_cat":"none","_seopress_titles_title":"","_seopress_titles_desc":"","_seopress_robots_index":"","_joinchat":[]},"product_cat":[256,21],"product_tag":[],"berocket_brand":[384],"_links":{"self":[{"href":"https:\/\/www.casadainjecao.com.br\/loja\/wp-json\/wp\/v2\/product\/23922"}],"collection":[{"href":"https:\/\/www.casadainjecao.com.br\/loja\/wp-json\/wp\/v2\/product"}],"about":[{"href":"https:\/\/www.casadainjecao.com.br\/loja\/wp-json\/wp\/v2\/types\/product"}],"wp:featuredmedia":[{"embeddable":true,"href":"https:\/\/www.casadainjecao.com.br\/loja\/wp-json\/wp\/v2\/media\/44962"}],"wp:attachment":[{"href":"https:\/\/www.casadainjecao.com.br\/loja\/wp-json\/wp\/v2\/media?parent=23922"}],"wp:term":[{"taxonomy":"product_cat","embeddable":true,"href":"https:\/\/www.casadainjecao.com.br\/loja\/wp-json\/wp\/v2\/product_cat?post=23922"},{"taxonomy":"product_tag","embeddable":true,"href":"https:\/\/www.casadainjecao.com.br\/loja\/wp-json\/wp\/v2\/product_tag?post=23922"},{"taxonomy":"berocket_brand","embeddable":true,"href":"https:\/\/www.casadainjecao.com.br\/loja\/wp-json\/wp\/v2\/berocket_brand?post=23922"}],"curies":[{"name":"wp","href":"https:\/\/api.w.org\/{rel}","templated":true}]}}