{"id":23994,"date":"2023-04-03T19:07:55","date_gmt":"2023-04-03T22:07:55","guid":{"rendered":"https:\/\/www.casadainjecao.com.br\/loja\/?post_type=product&#038;p=23994"},"modified":"2026-05-02T22:49:31","modified_gmt":"2026-05-03T01:49:31","slug":"bico-injetor-vw-gol-g2-special-g3-1-0mi-8v-0280155812","status":"publish","type":"product","link":"https:\/\/www.casadainjecao.com.br\/loja\/autopecas\/injecao-eletronica\/bico-injetor\/bico-injetor-vw-gol-g2-special-g3-1-0mi-8v-0280155812\/","title":{"rendered":"Bico Injetor VW Gol G2 Special G3 1.0mi 8v &#8211; 028015581"},"content":{"rendered":"<h2>Torken do Brasil Refer\u00eancia em qualidade e Confian\u00e7a em Pe\u00e7as Automotivas.<\/h2>\n<h2>Bico Injetor \/ V\u00e1lvula de Inje\u00e7\u00e3o<\/h2>\n<p>Aplica\u00e7\u00f5es<br \/>\nCompat\u00edvel com os ve\u00edculos:<\/p>\n<p>Gol 1.0 16V S\u00e9rie Ouro 3P \u2013 1997 1998 1999<br \/>\nGol 1.0 MI 16V 3P \u2013 1999<br \/>\nGol 1.0 MI 16V 5P \u2013 1999<br \/>\nGol 1.0 MI 3P \u2013 1997 a 1998<br \/>\nGol 1.0 Special 2P \u2013 1999 2000 2001 2002 2003 2004 2005<br \/>\nGol 1.0 Special 3P \u2013 1999 2000 2001 2002 2003 2004 2005<br \/>\nGol 1.0 Special 4P \u2013 2003<br \/>\nGol 1.0 Special Free (\u00c1lcool\/Gasolina) \u2013 2003 2004<br \/>\nGol II 1.0 MI 8V \u2013 1996 1997 1998 1999<br \/>\nGol III 1.0 MI \u2013 1999 2000 2001<\/p>\n<p>Especifica\u00e7\u00f5es T\u00e9cnicas<br \/>\nMarca: Torken<br \/>\nCondi\u00e7\u00e3o: Produto novo<br \/>\nC\u00f3digos de refer\u00eancia: 0280155812 \/ 0280155813 \/ 10641 \/ 0309060311 \/ 30906031<br \/>\nGarantia: 3 meses<br \/>\nConte\u00fado da Embalagem<br \/>\n01 Bico Injetor<\/p>\n<p>Garantia: 3 meses<\/p>\n<p><strong>ATEN\u00c7\u00c3O<\/strong>: Antes de efetuar a compra verifique o c\u00f3digo da pe\u00e7a que est\u00e1 instalada no seu ve\u00edculo.<\/p>\n<p>A Casa da Inje\u00e7\u00e3o oferece total garantia nos produtos comprados em nosso site.<\/p>\n<ol>\n<li>Cada item \u00e9 rigorosamente testado antes do envio<\/li>\n<li>Se os itens estiverem danificados ou parcialmente defeituosos, entre em contato conosco.<\/li>\n<\/ol>\n<p>Se houver qualquer defeito, n\u00f3s lhe enviaremos uma substitui\u00e7\u00e3o ap\u00f3s receber o pacote ou devolvemos seu dinheiro.<\/p>\n<p>Leia nossa\u00a0<span style=\"color: #ff0000;\"><a style=\"color: #ff0000;\" href=\"https:\/\/www.casadainjecao.com.br\/loja\/politica-de-devolucao\">pol\u00edtica de devolu\u00e7\u00e3o aqui<\/a><\/span><\/p>\n<p>\u2014\u2014\u2014\u2014\u2014\u2014\u2014\u2014\u2014\u2014\u2014\u2014\u2014\u2014\u2014\u2014\u2014\u2014\u2014\u2013<\/p>\n<p><strong>Tem alguma d\u00favida?<\/strong><\/p>\n<p>Entre em contato que podemos ajudar!<\/p>\n<p>Confira as informa\u00e7\u00f5es adicionais abaixo:<\/p>\n<ul>\n<li>Todos os nossos produtos s\u00e3o novos, semi-novos, originais e paralelos possuem garantia.<\/li>\n<li>Todos os produtos anunciados est\u00e3o dispon\u00edveis em estoque e s\u00e3o enviados com extrema rapidez.<\/li>\n<li>O frete pode ser simulado antes de efetuar a compra, basta clicar em \u201cver custos de envio\u201d.<\/li>\n<li>Verifique o endere\u00e7o de entrega cadastrado e atualize caso necess\u00e1rio.<\/li>\n<li>Confirme se a pe\u00e7a \u00e9 correta para o seu modelo de ve\u00edculo.<\/li>\n<li>Para pe\u00e7as automotivas, recomendamos a instala\u00e7\u00e3o por um profissional especializado.<\/li>\n<\/ul>\n<p>Caso possua outras d\u00favidas, entre em contato.<\/p>\n","protected":false},"excerpt":{"rendered":"<h2>Bico Injetor Compat\u00edvel Com Gol G2 G3 1.0 Mi 8v 0280155812<\/h2>\n<p>&nbsp;<\/p>\n","protected":false},"featured_media":29925,"template":"","meta":{"_seopress_robots_primary_cat":"none","_seopress_titles_title":"","_seopress_titles_desc":"","_seopress_robots_index":"","_joinchat":[]},"product_cat":[256,21],"product_tag":[59],"berocket_brand":[396],"_links":{"self":[{"href":"https:\/\/www.casadainjecao.com.br\/loja\/wp-json\/wp\/v2\/product\/23994"}],"collection":[{"href":"https:\/\/www.casadainjecao.com.br\/loja\/wp-json\/wp\/v2\/product"}],"about":[{"href":"https:\/\/www.casadainjecao.com.br\/loja\/wp-json\/wp\/v2\/types\/product"}],"wp:featuredmedia":[{"embeddable":true,"href":"https:\/\/www.casadainjecao.com.br\/loja\/wp-json\/wp\/v2\/media\/29925"}],"wp:attachment":[{"href":"https:\/\/www.casadainjecao.com.br\/loja\/wp-json\/wp\/v2\/media?parent=23994"}],"wp:term":[{"taxonomy":"product_cat","embeddable":true,"href":"https:\/\/www.casadainjecao.com.br\/loja\/wp-json\/wp\/v2\/product_cat?post=23994"},{"taxonomy":"product_tag","embeddable":true,"href":"https:\/\/www.casadainjecao.com.br\/loja\/wp-json\/wp\/v2\/product_tag?post=23994"},{"taxonomy":"berocket_brand","embeddable":true,"href":"https:\/\/www.casadainjecao.com.br\/loja\/wp-json\/wp\/v2\/berocket_brand?post=23994"}],"curies":[{"name":"wp","href":"https:\/\/api.w.org\/{rel}","templated":true}]}}