{"id":23997,"date":"2023-04-03T20:06:44","date_gmt":"2023-04-03T23:06:44","guid":{"rendered":"https:\/\/www.casadainjecao.com.br\/loja\/?post_type=product&#038;p=23997"},"modified":"2026-04-16T09:24:04","modified_gmt":"2026-04-16T12:24:04","slug":"kit-4-bico-injetor-vw-gol-g2-special-g3-1-0mi-8v-0280155812","status":"publish","type":"product","link":"https:\/\/www.casadainjecao.com.br\/loja\/autopecas\/injecao-eletronica\/bico-injetor\/kit-4-bico-injetor-vw-gol-g2-special-g3-1-0mi-8v-0280155812\/","title":{"rendered":"Kit 4 Bicos Injetores VW Gol G2 Special G3 1.0 8v &#8211; 02"},"content":{"rendered":"<h2>Kit com 4 Bicos Injetores<\/h2>\n<p><strong>VOLKSWAGEN<\/strong><\/p>\n<p>Volkswagen Gol 1.0 16v Serie Ouro 3p 1997\/1999<\/p>\n<p>Volkswagen Gol 1.0 Mi 16v 3p 1999<\/p>\n<p>Volkswagen Gol 1.0 Mi 16v 5p 1999<\/p>\n<p>Volkswagen Gol 1.0 Mi 3p 1997\/1998<\/p>\n<p>Volkswagen Gol 1.0 Special 2p 1999\/2002<\/p>\n<p>Volkswagen Gol 1.0 Special 2p 2004\/2005<\/p>\n<p>Volkswagen Gol 1.0 Special 2p \u00c1lcool 2003<\/p>\n<p>Volkswagen Gol 1.0 Special 2p Gasolina 2003<\/p>\n<p>Volkswagen Gol 1.0 Special 3p 1999\/2005<\/p>\n<p>Volkswagen Gol 1.0 Special 4p 2003<\/p>\n<p>Volkswagen Gol 1.0 Special Free 3p \u00c1lcool 2003\/2004<\/p>\n<p>Volkswagen Gol 1.0 Special Free 3p Gasolina 2003\/2004<\/p>\n<p>Volkswagen Gol II 1.0Mi 1.0 1999<\/p>\n<p>Volkswagen Gol II 1.0Mi 8V 1.0 1996\/1999<\/p>\n<p>Volkswagen Gol II Special 1.0Mi 8V 1.0 1999\/2005<\/p>\n<p>Volkswagen Gol III 1.0Mi 1.0 1999\/2001<\/p>\n<h4>C\u00f3digo de Refer\u00eancia:<\/h4>\n<p>0280155812, 0280155813, 10641, 0309060311, 30906031<\/p>\n<h4>Condi\u00e7\u00f5es:<\/h4>\n<p>Produto Novo Paralelo \/ Marca Torken<\/p>\n<h4>Especifica\u00e7\u00f5es:<\/h4>\n<p>Kit com 4 unidade de bicos injetores<\/p>\n<h4>Garantia:<\/h4>\n<p>3 Meses<\/p>\n<h3><strong>ATEN\u00c7\u00c3O<\/strong>: Antes de efetuar a compra verifique o c\u00f3digo da pe\u00e7a que est\u00e1 instalada no seu ve\u00edculo.<\/h3>\n<h4>O que \u00e9 e para que serve o Bico Injetor?<\/h4>\n<p>O Bico injetor \u00e9 respons\u00e1veis \u200b\u200bpor pulverizar o combust\u00edvel diretamente no motor momentos precisos, para garantir uma queima eficiente do combust\u00edvel e um desempenho suave do motor.<\/p>\n","protected":false},"excerpt":{"rendered":"<h2>Kit 4 Bicos Injetores VW Gol G2 Special G3 1.0 8v &#8211; 0280155812, 0280155813, 10641, 0309060311, 30906031<\/h2>\n","protected":false},"featured_media":29926,"template":"","meta":{"_seopress_robots_primary_cat":"none","_seopress_titles_title":"","_seopress_titles_desc":"","_seopress_robots_index":"","_joinchat":[]},"product_cat":[256,21],"product_tag":[59],"berocket_brand":[396],"_links":{"self":[{"href":"https:\/\/www.casadainjecao.com.br\/loja\/wp-json\/wp\/v2\/product\/23997"}],"collection":[{"href":"https:\/\/www.casadainjecao.com.br\/loja\/wp-json\/wp\/v2\/product"}],"about":[{"href":"https:\/\/www.casadainjecao.com.br\/loja\/wp-json\/wp\/v2\/types\/product"}],"wp:featuredmedia":[{"embeddable":true,"href":"https:\/\/www.casadainjecao.com.br\/loja\/wp-json\/wp\/v2\/media\/29926"}],"wp:attachment":[{"href":"https:\/\/www.casadainjecao.com.br\/loja\/wp-json\/wp\/v2\/media?parent=23997"}],"wp:term":[{"taxonomy":"product_cat","embeddable":true,"href":"https:\/\/www.casadainjecao.com.br\/loja\/wp-json\/wp\/v2\/product_cat?post=23997"},{"taxonomy":"product_tag","embeddable":true,"href":"https:\/\/www.casadainjecao.com.br\/loja\/wp-json\/wp\/v2\/product_tag?post=23997"},{"taxonomy":"berocket_brand","embeddable":true,"href":"https:\/\/www.casadainjecao.com.br\/loja\/wp-json\/wp\/v2\/berocket_brand?post=23997"}],"curies":[{"name":"wp","href":"https:\/\/api.w.org\/{rel}","templated":true}]}}