{"id":24018,"date":"2023-04-04T19:49:10","date_gmt":"2023-04-04T22:49:10","guid":{"rendered":"https:\/\/www.casadainjecao.com.br\/loja\/?post_type=product&#038;p=24018"},"modified":"2024-08-15T13:09:34","modified_gmt":"2024-08-15T16:09:34","slug":"sensor-de-rotacao-renault-sandero-logan-sandero-stepway-8200772182","status":"publish","type":"product","link":"https:\/\/www.casadainjecao.com.br\/loja\/autopecas\/injecao-eletronica\/sensor-de-rotacao\/sensor-de-rotacao-renault-sandero-logan-sandero-stepway-8200772182\/","title":{"rendered":"Sensor Rota\u00e7\u00e3o Renault Sandero Logan Sandero Stepway &#821"},"content":{"rendered":"<h1>Sensor de Rota\u00e7\u00e3o<\/h1>\n<p><strong>Serve para Renault modelos: Sandero, Logan, Sandero, Clio, Kangoo, Twingo, M\u00e9gane I, Clio II, Sandero II, Kangoo Express, Symbol<\/strong><\/p>\n<p>O Sensor de Rota\u00e7\u00e3o est\u00e1 vinculado ao sistema do <a href=\"https:\/\/www.casadainjecao.com.br\/loja\/?s=&amp;product_cat=motor&amp;post_type=product\">motor.<\/a><\/p>\n<h2><strong>APLICA\u00c7\u00c3O:<\/strong><\/h2>\n<ul>\n<li><strong>RENAULT<\/strong><\/li>\n<li>Renault Sandero Autehnetique, Expression, Privil\u00e9ge, Stepway, Vibe (flex), Privil\u00e9ge, GT Line 1.0 16v 1.6 8 1.6 16v &#8211; 2002 a 2013<\/li>\n<li>Renault Sandero II Authentique, Expression, Stepway, RS, Vibe (flex), Dynamique, Stepway, Flex, GT Line 1.0 12v 1.0 16v 1.6 8v 1.6 16v 2.0 16v &#8211; 2013 a 2022<\/li>\n<li>Renault Logan Authentique, Expression, Privil\u00e9ge (flex) 1.0 16v 1.6 8v 1.6 16v &#8211; 2002 a 2013<\/li>\n<li>Renault Clio II SI, RL, RN, RT, Alize, Authentique, Expression, Privil\u00e9ge (power) (hi flex), Campus, Clio (flex), Dynamique (power), Privil\u00e9ge (flex), Dynamique (flex) &#8211; 1998 a 2018<\/li>\n<li>Renault Kangoo RN, RT, RL, Sportway, Authentique, Expression, Sportway (flex) 1.0 8v 1.0 16v 1.6 8v 1.6 16v &#8211; 1997 a 2018<\/li>\n<li>Renault Kangoo Express RL, RL (hi flex), Authentique, Express (flex) 1.0 8v 1.6 8v 1.6 16v &#8211; 1997 a 2018<\/li>\n<li>Renault Twingo E2 Pack, E5 Initiale, 22C, 2 PR, E2 1.0 8v 1.0 16v 1.1 8v 1.2 8v &#8211; 1993 a 2017<\/li>\n<li>Symbol Expression, Privil\u00e9ge, Connection (flex) 1.6 8v 1.6 16v &#8211; 2007 a 2018<\/li>\n<li>M\u00e9gane I Alize, Egeus, Expression, RT, RXE 1.6 8v 1.6 16v 2.0 8v &#8211;\u00a0 1995 a 2016<\/li>\n<\/ul>\n<p><strong>O que \u00e9 e para que serve o Sensor de Rota\u00e7\u00e3o?<\/strong><\/p>\n<p>O Sensor de Rota\u00e7\u00e3o, tamb\u00e9m conhecido como sensor de posi\u00e7\u00e3o do virabrequim \u00e9 um componente essencial no sistema de gerenciamento do motor de um ve\u00edculo. Sua principal fun\u00e7\u00e3o \u00e9 monitorar a velocidade de rota\u00e7\u00e3o do virabrequim do motor. Fornecendo informa\u00e7\u00f5es precisas sobre a posi\u00e7\u00e3o do virabrequim e a velocidade com que ele est\u00e1 girando.<\/p>\n<p><strong>C\u00f3digo refer\u00eancia: <\/strong><\/p>\n<p>8200772182<\/p>\n<h4>Condi\u00e7\u00f5es:<\/h4>\n<p>Novo Original \/ Marca Continental<\/p>\n<h4>Garantia:<\/h4>\n<p>3 Meses<\/p>\n<p>A Casa da Inje\u00e7\u00e3o oferece total garantia nos produtos comprados em nosso site.<\/p>\n<ol>\n<li>Cada item \u00e9 rigorosamente testado antes do envio<\/li>\n<li>Se os itens estiverem danificados ou parcialmente defeituosos, entre em contato conosco.<\/li>\n<\/ol>\n<p>Se houver qualquer defeito, n\u00f3s lhe enviaremos uma substitui\u00e7\u00e3o ap\u00f3s receber o pacote ou devolvemos seu dinheiro.<\/p>\n<p>Leia nossa <a href=\"https:\/\/www.casadainjecao.com.br\/loja\/politica-de-devolucao\">pol\u00edtica de devolu\u00e7\u00e3o aqui<\/a><\/p>\n<p>&#8212;&#8212;&#8212;&#8212;&#8212;&#8212;&#8212;&#8212;&#8212;&#8212;&#8212;&#8212;&#8212;&#8212;&#8212;&#8212;&#8212;&#8212;&#8212;&#8211;<\/p>\n<p><strong>ATEN\u00c7\u00c3O<\/strong>: Antes de efetuar a compra verifique o c\u00f3digo do Sensor de Rota\u00e7\u00e3o que est\u00e1 instalado no seu ve\u00edculo.<\/p>\n<p>O Sensor de Rota\u00e7\u00e3o \u00e9 compat\u00edvel com as marcas Renault Sandero, Logan, Sandero, Clio, Kangoo, Twingo<\/p>\n<p>&#8212;&#8212;&#8212;&#8212;&#8212;&#8212;&#8212;&#8212;&#8212;&#8212;&#8212;&#8212;&#8212;&#8212;&#8212;&#8212;&#8212;&#8212;&#8212;&#8212;-<\/p>\n<h4>Tem alguma d\u00favida?<\/h4>\n<p>Entre em contato que podemos ajudar!<\/p>\n<p>Confira as informa\u00e7\u00f5es adicionais abaixo:<\/p>\n<ul>\n<li>Todos os nossos produtos s\u00e3o novos, semi-novos, originais, paralelos e possuem garantia.<\/li>\n<li>Todos os produtos anunciados est\u00e3o dispon\u00edveis em estoque e s\u00e3o enviados com extrema rapidez.<\/li>\n<li>O frete pode ser simulado antes de efetuar a compra, basta clicar em \u201cver custos de envio\u201d.<\/li>\n<li>Verifique o endere\u00e7o de entrega cadastrado e atualize caso necess\u00e1rio.<\/li>\n<li>Confirme se a pe\u00e7a \u00e9 correta para o seu modelo de ve\u00edculo.<\/li>\n<li>Para pe\u00e7as automotivas, recomendamos a instala\u00e7\u00e3o por um profissional especializado.<\/li>\n<\/ul>\n<p>Caso possua outras d\u00favidas, entre em contato.<\/p>\n<p>&nbsp;<\/p>\n<p>&nbsp;<\/p>\n<p>&nbsp;<\/p>\n<p>&nbsp;<\/p>\n<p>&nbsp;<\/p>\n","protected":false},"excerpt":{"rendered":"<h2>Sensor De Rota\u00e7\u00e3o<\/h2>\n<h2><strong>Renault Sandero, Logan, Sandero, Clio, Kangoo, Twingo, M\u00e9gane I, Clio II, Sandero II, Kangoo Express, Symbol<\/strong><\/h2>\n<h2>Codigo: 8200772182, A2053255627<\/h2>\n","protected":false},"featured_media":26634,"template":"","meta":{"_seopress_robots_primary_cat":"","_seopress_titles_title":"","_seopress_titles_desc":"","_seopress_robots_index":"","_seopress_analysis_target_kw":"","_kad_blocks_custom_css":"","_kad_blocks_head_custom_js":"","_kad_blocks_body_custom_js":"","_kad_blocks_footer_custom_js":"","_kadence_starter_templates_imported_post":false,"_joinchat":[]},"product_brand":[],"product_cat":[21,1322,269],"product_tag":[49,57,66,1239,91],"berocket_brand":[392,394],"class_list":{"0":"post-24018","1":"product","2":"type-product","3":"status-publish","4":"has-post-thumbnail","6":"product_cat-injecao-eletronica","7":"product_cat-sensor-de-rotacao","8":"product_cat-sensores-injecao-eletronica","9":"product_tag-clio","10":"product_tag-kangoo","11":"product_tag-logan","12":"product_tag-renault-twingo-ii","13":"product_tag-sandero","14":"berocket_brand-nissan","15":"berocket_brand-renault","16":"thunk-woo-product-list","17":"big-store-woo-hover-zoom","18":"open-single-product-tab-horizontal","19":"open-shadow-","20":"open-shadow-hover-","22":"first","23":"outofstock","24":"sale","25":"taxable","26":"shipping-taxable","27":"purchasable","28":"product-type-simple"},"taxonomy_info":{"product_cat":[{"value":21,"label":"Inje\u00e7\u00e3o Eletr\u00f4nica"},{"value":1322,"label":"Sensor de Rota\u00e7\u00e3o"},{"value":269,"label":"Sensores"}],"product_tag":[{"value":49,"label":"Clio"},{"value":57,"label":"Kangoo"},{"value":66,"label":"Logan"},{"value":1239,"label":"Renault Twingo II"},{"value":91,"label":"Sandero"}],"berocket_brand":[{"value":392,"label":"Nissan"},{"value":394,"label":"Renault"}]},"featured_image_src_large":["https:\/\/www.casadainjecao.com.br\/loja\/wp-content\/uploads\/2023\/04\/8200772182-859x780.jpg",640,581,true],"author_info":[],"comment_info":"","_links":{"self":[{"href":"https:\/\/www.casadainjecao.com.br\/loja\/wp-json\/wp\/v2\/product\/24018","targetHints":{"allow":["GET"]}}],"collection":[{"href":"https:\/\/www.casadainjecao.com.br\/loja\/wp-json\/wp\/v2\/product"}],"about":[{"href":"https:\/\/www.casadainjecao.com.br\/loja\/wp-json\/wp\/v2\/types\/product"}],"wp:featuredmedia":[{"embeddable":true,"href":"https:\/\/www.casadainjecao.com.br\/loja\/wp-json\/wp\/v2\/media\/26634"}],"wp:attachment":[{"href":"https:\/\/www.casadainjecao.com.br\/loja\/wp-json\/wp\/v2\/media?parent=24018"}],"wp:term":[{"taxonomy":"product_brand","embeddable":true,"href":"https:\/\/www.casadainjecao.com.br\/loja\/wp-json\/wp\/v2\/product_brand?post=24018"},{"taxonomy":"product_cat","embeddable":true,"href":"https:\/\/www.casadainjecao.com.br\/loja\/wp-json\/wp\/v2\/product_cat?post=24018"},{"taxonomy":"product_tag","embeddable":true,"href":"https:\/\/www.casadainjecao.com.br\/loja\/wp-json\/wp\/v2\/product_tag?post=24018"},{"taxonomy":"berocket_brand","embeddable":true,"href":"https:\/\/www.casadainjecao.com.br\/loja\/wp-json\/wp\/v2\/berocket_brand?post=24018"}],"curies":[{"name":"wp","href":"https:\/\/api.w.org\/{rel}","templated":true}]}}