{"id":24028,"date":"2023-04-05T06:51:51","date_gmt":"2023-04-05T09:51:51","guid":{"rendered":"https:\/\/www.casadainjecao.com.br\/loja\/?post_type=product&#038;p=24028"},"modified":"2024-11-21T10:35:35","modified_gmt":"2024-11-21T13:35:35","slug":"jogo-fixacao-vidro-traseiro-renault-laguna-7701469164","status":"publish","type":"product","link":"https:\/\/www.casadainjecao.com.br\/loja\/autopecas\/carroceria\/presilhas-carroceria\/jogo-fixacao-vidro-traseiro-renault-laguna-7701469164\/","title":{"rendered":"Jogo Fixa\u00e7\u00e3o Vidro Traseiro Renault Laguna &#8211; 7701469"},"content":{"rendered":"<h1>Jogo Fixa\u00e7\u00e3o Vidro Traseiro Renault Laguna &#8211; 7701469164<\/h1>\n","protected":false},"excerpt":{"rendered":"<h2>Jogo Fixa\u00e7\u00e3o Vidro Traseiro<\/h2>\n<h2>Renault Laguna<\/h2>\n<h2>Codigo:&#8211; 7701469164<\/h2>\n","protected":false},"featured_media":24335,"template":"","meta":{"_seopress_robots_primary_cat":"none","_seopress_titles_title":"","_seopress_titles_desc":"","_seopress_robots_index":"","_seopress_analysis_target_kw":"","_kad_blocks_custom_css":"","_kad_blocks_head_custom_js":"","_kad_blocks_body_custom_js":"","_kad_blocks_footer_custom_js":"","_kadence_starter_templates_imported_post":false,"_joinchat":[]},"product_brand":[],"product_cat":[83,23,1214,1200],"product_tag":[128],"berocket_brand":[394],"class_list":{"0":"post-24028","1":"product","2":"type-product","3":"status-publish","4":"has-post-thumbnail","6":"product_cat-carroceria","7":"product_cat-exterior","8":"product_cat-presilhas-carroceria","9":"product_cat-vidro","10":"product_tag-laguna","11":"berocket_brand-renault","12":"thunk-woo-product-list","13":"big-store-woo-hover-zoom","14":"open-single-product-tab-horizontal","15":"open-shadow-","16":"open-shadow-hover-","18":"first","19":"instock","20":"sale","21":"taxable","22":"shipping-taxable","23":"purchasable","24":"product-type-simple"},"taxonomy_info":{"product_cat":[{"value":83,"label":"Carroceria"},{"value":23,"label":"Exterior"},{"value":1214,"label":"Presilhas"},{"value":1200,"label":"Vidro"}],"product_tag":[{"value":128,"label":"Laguna"}],"berocket_brand":[{"value":394,"label":"Renault"}]},"featured_image_src_large":["https:\/\/www.casadainjecao.com.br\/loja\/wp-content\/uploads\/2023\/04\/7701469164-900x674.jpg",640,479,true],"author_info":[],"comment_info":"","_links":{"self":[{"href":"https:\/\/www.casadainjecao.com.br\/loja\/wp-json\/wp\/v2\/product\/24028","targetHints":{"allow":["GET"]}}],"collection":[{"href":"https:\/\/www.casadainjecao.com.br\/loja\/wp-json\/wp\/v2\/product"}],"about":[{"href":"https:\/\/www.casadainjecao.com.br\/loja\/wp-json\/wp\/v2\/types\/product"}],"wp:featuredmedia":[{"embeddable":true,"href":"https:\/\/www.casadainjecao.com.br\/loja\/wp-json\/wp\/v2\/media\/24335"}],"wp:attachment":[{"href":"https:\/\/www.casadainjecao.com.br\/loja\/wp-json\/wp\/v2\/media?parent=24028"}],"wp:term":[{"taxonomy":"product_brand","embeddable":true,"href":"https:\/\/www.casadainjecao.com.br\/loja\/wp-json\/wp\/v2\/product_brand?post=24028"},{"taxonomy":"product_cat","embeddable":true,"href":"https:\/\/www.casadainjecao.com.br\/loja\/wp-json\/wp\/v2\/product_cat?post=24028"},{"taxonomy":"product_tag","embeddable":true,"href":"https:\/\/www.casadainjecao.com.br\/loja\/wp-json\/wp\/v2\/product_tag?post=24028"},{"taxonomy":"berocket_brand","embeddable":true,"href":"https:\/\/www.casadainjecao.com.br\/loja\/wp-json\/wp\/v2\/berocket_brand?post=24028"}],"curies":[{"name":"wp","href":"https:\/\/api.w.org\/{rel}","templated":true}]}}