{"id":24035,"date":"2023-04-05T07:08:24","date_gmt":"2023-04-05T10:08:24","guid":{"rendered":"https:\/\/www.casadainjecao.com.br\/loja\/?post_type=product&#038;p=24035"},"modified":"2023-10-16T11:25:50","modified_gmt":"2023-10-16T14:25:50","slug":"calco-caixa-de-engrenagem-renault-duster-7705095713","status":"publish","type":"product","link":"https:\/\/www.casadainjecao.com.br\/loja\/autopecas\/transmissao\/cambio\/calco-caixa-de-engrenagem-renault-duster-7705095713\/","title":{"rendered":"Cal\u00e7o Caixa de Engrenagem Renault Duster &#8211; 7705095713"},"content":{"rendered":"<h2>Cal\u00e7o Caixa de Engrenagem Renault Duster &#8211; 7705095713<\/h2>\n<h3>Serve para Renault seguintes marcas: Laguna, M\u00e9gane, Sandero, Captur, Duster, Sc\u00e9nic, Grand Sc\u00e9nic, Logan.<\/h3>\n<p>O Cal\u00e7o Caixa de Engrenagem est\u00e1 vinculada ao sistema de <a href=\"https:\/\/www.casadainjecao.com.br\/loja\/?s=transmissao&amp;product_cat=0&amp;post_type=product\">transmiss\u00e3o.<\/a><\/p>\n<h3>APLICA\u00c7\u00c3O:<\/h3>\n<p>O Cal\u00e7o Caixa de Engrenagem \u00e9 compat\u00edvel com os seguintes modelos:<\/p>\n<p><strong>RENAULT:<\/strong><\/p>\n<ul>\n<li>Renault Laguna II Expression, Privil\u00e9ge (v6) 2.0 16v 3.0 24v &#8211; 2000 a 2016<\/li>\n<li>Renault M\u00e9gane I Sedan Egeus, RT, RXE, Alize, Privil\u00e9ge 1.6 16v 2.0 8v 16v &#8211; 1996 a 2017<\/li>\n<li>Renault M\u00e9gane I RN, RT, RXE, Alize, Egeus, Expression 1.6 8v 1.6 16v 2.0 8v &#8211; 1995 a 2016<\/li>\n<li>Renault Sandero Authentique, Expression, Privil\u00e9ge, Stepway, Vibe (flex), GT Line 1.0 16v 1.6 8v 1.6 16v &#8211; 2002 a 2013<\/li>\n<li>Renault M\u00e9gane II Dynamique (flex), Expression, Extreme, Privil\u00e9ge 1.6 16v &#8211; 2001 a 2016<\/li>\n<li>Renault Sc\u00e9nic I RT, RXE, Egeus, Expression, Privil\u00e9ge, RN, Alize, Authentique, Expression, Privil\u00e9ge (flex), Sportway 1.6 16v 2.0 8v 2.0 16v &#8211; 1996 a 2017<\/li>\n<li>Renault Grand Sc\u00e9nic Dynamique 2.0 16v &#8211; 2002 a 2018<\/li>\n<li>Renault Logan Authentique, Expression, Privil\u00e9ge (flex) 1.0 16v 1.6 8v 1.6 16v &#8211; 2002 a 2013<\/li>\n<li>Renault Duster Expression, Dynamique (flex), Duster 1.6 16v 2.0 16v &#8211; 2001 a 2018<\/li>\n<li>Renault Captur Intense (flex), Zen 1.6 16v 2.0 16v &#8211; 2001 a 2020<\/li>\n<\/ul>\n<h3>O que \u00e9 e para que serve Cal\u00e7o Caixa de Engrenagem?<\/h3>\n<p>O Cal\u00e7o de Caixa de Engrenagem \u00e9 uma pe\u00e7a usada para ajustar a altura ou o alinhamento da caixa de c\u00e2mbio (ou caixa de marchas) em rela\u00e7\u00e3o ao chassi ou ao suporte. Esta pe\u00e7a foi projetada para garantir que a caixa de c\u00e2mbio esteja posicionada corretamente no ve\u00edculo.<\/p>\n<h4>C\u00f3digo refer\u00eancia:<\/h4>\n<p>7705095713<\/p>\n<h4>Condi\u00e7\u00f5es:<\/h4>\n<p>Novo\/ Marca Renault<\/p>\n<h4>Garantia:<\/h4>\n<p>3 Meses<\/p>\n<p>A Casa da Inje\u00e7\u00e3o oferece total garantia nos produtos comprados em nosso site.<\/p>\n<ol>\n<li>Cada item \u00e9 rigorosamente testado antes do envio<\/li>\n<li>Se os itens estiverem danificados ou parcialmente defeituosos, entre em contato conosco.<\/li>\n<\/ol>\n<p>Se houver qualquer defeito, n\u00f3s lhe enviaremos uma substitui\u00e7\u00e3o ap\u00f3s receber o pacote ou devolvemos seu dinheiro.<\/p>\n<p>Leia nossa <a href=\"https:\/\/www.casadainjecao.com.br\/loja\/politica-de-devolucao\">pol\u00edtica de devolu\u00e7\u00e3o aqui<\/a><\/p>\n<p>&#8212;&#8212;&#8212;&#8212;&#8212;&#8212;&#8212;&#8212;&#8212;&#8212;&#8212;&#8212;&#8212;&#8212;&#8212;&#8212;&#8212;&#8212;&#8212;&#8211;<\/p>\n<p><strong>ATEN\u00c7\u00c3O<\/strong>: Antes de efetuar a compra verifique o c\u00f3digo do Cal\u00e7o Caixa de Engrenagem que est\u00e1 instalado no seu ve\u00edculo.<\/p>\n<p>O Cal\u00e7o Caixa de Engrenagem \u00e9 compat\u00edvel com as marcas Renault Laguna, M\u00e9gane, Sandero, Captur, Duster, Sc\u00e9nic, Grand Sc\u00e9nic, Logan.<\/p>\n<p>&#8212;&#8212;&#8212;&#8212;&#8212;&#8212;&#8212;&#8212;&#8212;&#8212;&#8212;&#8212;&#8212;&#8212;&#8212;&#8212;&#8212;&#8212;&#8212;&#8212;-<\/p>\n<h4>Tem alguma d\u00favida?<\/h4>\n<p>Entre em contato que podemos ajudar!<\/p>\n<p>Confira as informa\u00e7\u00f5es adicionais abaixo:<\/p>\n<ul>\n<li>Todos os nossos produtos s\u00e3o novos, semi-novos, originais, paralelos e possuem garantia.<\/li>\n<li>Todos os produtos anunciados est\u00e3o dispon\u00edveis em estoque e s\u00e3o enviados com extrema rapidez.<\/li>\n<li>O frete pode ser simulado antes de efetuar a compra, basta clicar em \u201cver custos de envio\u201d.<\/li>\n<li>Verifique o endere\u00e7o de entrega cadastrado e atualize caso necess\u00e1rio.<\/li>\n<li>Confirme se a pe\u00e7a \u00e9 correta para o seu modelo de ve\u00edculo.<\/li>\n<li>Para pe\u00e7as automotivas, recomendamos a instala\u00e7\u00e3o por um profissional especializado.<\/li>\n<\/ul>\n<p>Caso possua outras d\u00favidas, entre em contato.<\/p>\n<h2><\/h2>\n","protected":false},"excerpt":{"rendered":"<h2>Cal\u00e7o Caixa de Engrenagem Renault Duster 7705095713<\/h2>\n","protected":false},"featured_media":26764,"template":"","meta":{"_seopress_robots_primary_cat":"none","_seopress_titles_title":"","_seopress_titles_desc":"","_seopress_robots_index":"","_kad_blocks_custom_css":"","_kad_blocks_head_custom_js":"","_kad_blocks_body_custom_js":"","_kad_blocks_footer_custom_js":"","_joinchat":[]},"product_cat":[320,326,26],"product_tag":[52],"berocket_brand":[394],"taxonomy_info":{"product_cat":[{"value":320,"label":"Cambio"},{"value":326,"label":"Engrenagens"},{"value":26,"label":"Transmiss\u00e3o"}],"product_tag":[{"value":52,"label":"Duster"}],"berocket_brand":[{"value":394,"label":"Renault"}]},"featured_image_src_large":["https:\/\/www.casadainjecao.com.br\/loja\/wp-content\/uploads\/2022\/08\/7705095713-793x780.jpg",640,630,true],"author_info":[],"comment_info":"","_links":{"self":[{"href":"https:\/\/www.casadainjecao.com.br\/loja\/wp-json\/wp\/v2\/product\/24035"}],"collection":[{"href":"https:\/\/www.casadainjecao.com.br\/loja\/wp-json\/wp\/v2\/product"}],"about":[{"href":"https:\/\/www.casadainjecao.com.br\/loja\/wp-json\/wp\/v2\/types\/product"}],"wp:featuredmedia":[{"embeddable":true,"href":"https:\/\/www.casadainjecao.com.br\/loja\/wp-json\/wp\/v2\/media\/26764"}],"wp:attachment":[{"href":"https:\/\/www.casadainjecao.com.br\/loja\/wp-json\/wp\/v2\/media?parent=24035"}],"wp:term":[{"taxonomy":"product_cat","embeddable":true,"href":"https:\/\/www.casadainjecao.com.br\/loja\/wp-json\/wp\/v2\/product_cat?post=24035"},{"taxonomy":"product_tag","embeddable":true,"href":"https:\/\/www.casadainjecao.com.br\/loja\/wp-json\/wp\/v2\/product_tag?post=24035"},{"taxonomy":"berocket_brand","embeddable":true,"href":"https:\/\/www.casadainjecao.com.br\/loja\/wp-json\/wp\/v2\/berocket_brand?post=24035"}],"curies":[{"name":"wp","href":"https:\/\/api.w.org\/{rel}","templated":true}]}}