{"id":24088,"date":"2023-04-06T10:03:54","date_gmt":"2023-04-06T13:03:54","guid":{"rendered":"https:\/\/www.casadainjecao.com.br\/loja\/?post_type=product&#038;p=24088"},"modified":"2023-10-16T16:38:43","modified_gmt":"2023-10-16T19:38:43","slug":"polia-tensora-da-correia-alternador-gm-astra-zafira-2-0-8-16v-084313056","status":"publish","type":"product","link":"https:\/\/www.casadainjecao.com.br\/loja\/autopecas\/motor\/polias\/polia-tensora-da-correia-alternador-gm-astra-zafira-2-0-8-16v-084313056\/","title":{"rendered":"Polia Tensora Correia Alternador GM Astra Zafira 2.0 8\/16v &"},"content":{"rendered":"<h2>Polia Tensora Correia do Alternador<\/h2>\n<h3><strong>Serve Para GM modelos: Astra, Zafira, Ford Ka, Ford Fiesta, Courier, Volkswagem, Golf, Bora, Polo.<\/strong><\/h3>\n<p>A Polia Tensora Correia do Alternador est\u00e1 ligada ao sistema do <a href=\"https:\/\/www.casadainjecao.com.br\/loja\/?s=polia&amp;product_cat=0&amp;post_type=product\">motor<\/a>.<\/p>\n<h3>APLICA\u00c7\u00c3O:<\/h3>\n<p>A Polia Tensora Correia do Alternador \u00e9 compat\u00edvel com os seguintes ve\u00edculos:<\/p>\n<p><strong>General Motors GM<\/strong><\/p>\n<ul>\n<li>Astra<\/li>\n<li>Zafira 2.0<\/li>\n<li>Ford Ka<\/li>\n<li>Ford Fiesta<\/li>\n<li>Courier<\/li>\n<\/ul>\n<p><strong>Volkswagen<\/strong><\/p>\n<ul>\n<li>Golf<\/li>\n<li>Bora<\/li>\n<li>Polo<\/li>\n<\/ul>\n<p><strong>Medidas: (70x17x26)<\/strong><\/p>\n<h3><strong>O que \u00e9<span style=\"font-size: 16px;\"> e para que serve a Polia Tensora Correia do Aternador?<\/span><\/strong><\/h3>\n<p>A Polia Tensora Correia do Alternador \u00e9 um componente importante no sistema de acionamento de acess\u00f3rios do motor de um ve\u00edculo. Sua fun\u00e7\u00e3o principal \u00e9 manter a tens\u00e3o adequada na correia do alternador, que \u00e9 respons\u00e1vel por transmitir a energia do motor para o alternador, permitindo assim que o alternador gere eletricidade para carregar a bateria e alimentar os sistemas el\u00e9tricos do ve\u00edculo.<\/p>\n<h4>C\u00f3digo de refer\u00eancia:<\/h4>\n<p>084313056,\u00a0NYTRON1160, GATES38018, ZEN12832, ZEN12764, SKFVKM4839, DAYCODYV610<\/p>\n<h4>Condi\u00e7\u00f5es:<\/h4>\n<p>Novo Original\/ Marca GM, Volkswagen<\/p>\n<h4>Garantia:<\/h4>\n<p>3 Meses<\/p>\n<p>A Casa da Inje\u00e7\u00e3o oferece total garantia nos produtos comprados em nosso site.<\/p>\n<ol>\n<li>Cada item \u00e9 rigorosamente testado antes do envio<\/li>\n<li>Se os itens estiverem danificados ou parcialmente defeituosos, entre em contato conosco.<\/li>\n<\/ol>\n<p>Se houver qualquer defeito, n\u00f3s lhe enviaremos uma substitui\u00e7\u00e3o ap\u00f3s receber o pacote ou devolvemos seu dinheiro.<\/p>\n<p>Leia nossa <a href=\"https:\/\/www.casadainjecao.com.br\/loja\/politica-de-devolucao\">pol\u00edtica de devolu\u00e7\u00e3o aqui<\/a><\/p>\n<p>&#8212;&#8212;&#8212;&#8212;&#8212;&#8212;&#8212;&#8212;&#8212;&#8212;&#8212;&#8212;&#8212;&#8212;&#8212;&#8212;&#8212;&#8212;&#8212;&#8211;<\/p>\n<p><strong>ATEN\u00c7\u00c3O<\/strong>: Antes de efetuar a compra verifique o c\u00f3digo da <span style=\"font-size: 16px;\">Polia Tensora Correia do Aternador <\/span>que est\u00e1 instalado no seu ve\u00edculo.<\/p>\n<p>A Polia Tensora Coreia do Altenador \u00e9 compat\u00edvel com as marcas GM: Astra, Zafira, Ford Ka, Ford Fiesta, Courier; Volkswagen Golf, Bora, Polo.<\/p>\n<p>&#8212;&#8212;&#8212;&#8212;&#8212;&#8212;&#8212;&#8212;&#8212;&#8212;&#8212;&#8212;&#8212;&#8212;&#8212;&#8212;&#8212;&#8212;&#8212;&#8212;-<\/p>\n<h4>Tem alguma d\u00favida?<\/h4>\n<p>Entre em contato que podemos ajudar!<\/p>\n<p>Confira as informa\u00e7\u00f5es adicionais abaixo:<\/p>\n<ul>\n<li>Todos os nossos produtos s\u00e3o novos, semi-novos, originais, paralelos e possuem garantia.<\/li>\n<li>Todos os produtos anunciados est\u00e3o dispon\u00edveis em estoque e s\u00e3o enviados com extrema rapidez.<\/li>\n<li>O frete pode ser simulado antes de efetuar a compra, basta clicar em \u201cver custos de envio\u201d.<\/li>\n<li>Verifique o endere\u00e7o de entrega cadastrado e atualize caso necess\u00e1rio.<\/li>\n<li>Confirme se a pe\u00e7a \u00e9 correta para o seu modelo de ve\u00edculo.<\/li>\n<li>Para pe\u00e7as automotivas, recomendamos a instala\u00e7\u00e3o por um profissional especializado.<\/li>\n<\/ul>\n<p>Caso possua outras d\u00favidas, entre em contato.<\/p>\n<p>&nbsp;<\/p>\n<p>&nbsp;<\/p>\n<h1><\/h1>\n","protected":false},"excerpt":{"rendered":"<h2>Polia Tensora Da Correia Alternador INA\u00a0 &#8211; GM Astra Zafira 2.0 Ford Ka Fiesta Courier Volkswagem Golf Bora Polo &#8211; 084313056, NYTRON1160, GATES38018, ZEN12832, ZEN12764, SKFVKM4839, DAYCODYV610<\/h2>\n<p>&nbsp;<\/p>\n","protected":false},"featured_media":26753,"template":"","meta":{"_seopress_robots_primary_cat":"none","_seopress_titles_title":"","_seopress_titles_desc":"","_seopress_robots_index":"","_joinchat":[]},"product_cat":[22,231],"product_tag":[116,1408],"berocket_brand":[381],"_links":{"self":[{"href":"https:\/\/www.casadainjecao.com.br\/loja\/wp-json\/wp\/v2\/product\/24088"}],"collection":[{"href":"https:\/\/www.casadainjecao.com.br\/loja\/wp-json\/wp\/v2\/product"}],"about":[{"href":"https:\/\/www.casadainjecao.com.br\/loja\/wp-json\/wp\/v2\/types\/product"}],"wp:featuredmedia":[{"embeddable":true,"href":"https:\/\/www.casadainjecao.com.br\/loja\/wp-json\/wp\/v2\/media\/26753"}],"wp:attachment":[{"href":"https:\/\/www.casadainjecao.com.br\/loja\/wp-json\/wp\/v2\/media?parent=24088"}],"wp:term":[{"taxonomy":"product_cat","embeddable":true,"href":"https:\/\/www.casadainjecao.com.br\/loja\/wp-json\/wp\/v2\/product_cat?post=24088"},{"taxonomy":"product_tag","embeddable":true,"href":"https:\/\/www.casadainjecao.com.br\/loja\/wp-json\/wp\/v2\/product_tag?post=24088"},{"taxonomy":"berocket_brand","embeddable":true,"href":"https:\/\/www.casadainjecao.com.br\/loja\/wp-json\/wp\/v2\/berocket_brand?post=24088"}],"curies":[{"name":"wp","href":"https:\/\/api.w.org\/{rel}","templated":true}]}}