{"id":24124,"date":"2023-04-17T14:44:38","date_gmt":"2023-04-17T17:44:38","guid":{"rendered":"https:\/\/www.casadainjecao.com.br\/loja\/?post_type=product&#038;p=24124"},"modified":"2026-02-05T12:45:12","modified_gmt":"2026-02-05T15:45:12","slug":"interruptor-luz-freio-fiat-palio-uno-strada-doblo-46840510","status":"publish","type":"product","link":"https:\/\/www.casadainjecao.com.br\/loja\/autopecas\/freios\/interruptor\/interruptor-luz-freio-fiat-palio-uno-strada-doblo-46840510\/","title":{"rendered":"Interruptor Luz Freio Fiat Palio Uno Strada Doblo &#8211; 46"},"content":{"rendered":"<h2>Interruptor Luz do Freio<\/h2>\n<p><strong>FIAT<\/strong><\/p>\n<p>Fiat Bravo &#8211; 2011 a 2016<\/p>\n<p>Fiat\u00a0Doblo &#8211; 2002 a 2018<\/p>\n<p>Fiat\u00a0Ducato &#8211; 2006 a 2017<\/p>\n<p>Fiat\u00a0Fiorino &#8211; 2004 a 2013<\/p>\n<p>Fiat\u00a0Grand Siena &#8211; 2012 em diante<\/p>\n<p>Fiat\u00a0Idea &#8211; 2006 a 2016<\/p>\n<p>Fiat\u00a0Linea &#8211; 2009 a 2016<\/p>\n<p>Fiat\u00a0New Fiorino &#8211; 2011 em diante<\/p>\n<p>Fiat\u00a0New Palio &#8211; 2012 a 2017<\/p>\n<p>Fiat\u00a0New Uno &#8211; 2011 a 2019<\/p>\n<p>Fiat\u00a0Palio Fase 1\/2\/3\/4 &#8211; 2001 a 2013<\/p>\n<p>Fiat\u00a0Palio Weekend Fase 1\/2\/3\/4 &#8211; 2001 a 2019<\/p>\n<p>Fiat\u00a0Punto &#8211; 2008 a 2017<\/p>\n<p>Fiat\u00a0Siena Fase 1\/2\/3\/4 &#8211; 2001 a 2017<\/p>\n<p>Fiat\u00a0Stilo &#8211; 2003 a 2007<\/p>\n<p>Fiat\u00a0Stilo Fase 1 &#8211; 2008 a 2011<\/p>\n<p>Fiat\u00a0Strada Fase 1\/2\/3\/4 &#8211; 2001 em diante<\/p>\n<p>Fiat Uno &#8211; 2004 a 2013<\/p>\n<h4>C\u00f3digo de refer\u00eancia:<\/h4>\n<p>46840510<\/p>\n<h4>Condi\u00e7\u00f5es:<\/h4>\n<p>Novo Original \/ Fiat<\/p>\n<h4>Especifica\u00e7\u00f5es:<\/h4>\n<p>4 Terminal<\/p>\n<h4>Garantia:<\/h4>\n<p>3 Meses<\/p>\n<h3><strong>ATEN\u00c7\u00c3O<\/strong>: Antes de efetuar a compra verifique o c\u00f3digo da pe\u00e7a que est\u00e1 instalada no seu ve\u00edculo.<\/h3>\n<h4>O que \u00e9 e para que serve o Interruptor da Luz do Freio?<\/h4>\n<p>O Interruptor da Luz do Freio serve para acionar as luzes sempre que o motorista pisa no pedal de freio. Essas luzes de freio s\u00e3o as luzes vermelhas localizadas na traseira do ve\u00edculo e servem para alertar os motoristas que est\u00e3o atr\u00e1s de voc\u00ea que voc\u00ea est\u00e1 desacelerando ou parando.<\/p>\n<p>&nbsp;<\/p>\n<p>A Casa da Inje\u00e7\u00e3o oferece total garantia nos produtos comprados em nosso site.<\/p>\n<ol>\n<li>Cada item \u00e9 rigorosamente testado antes do envio<\/li>\n<li>Se os itens estiverem danificados ou parcialmente defeituosos, entre em contato conosco.<\/li>\n<\/ol>\n<p>Se houver qualquer defeito, n\u00f3s lhe enviaremos uma substitui\u00e7\u00e3o ap\u00f3s receber o pacote ou devolvemos seu dinheiro.<\/p>\n<p>Leia nossa <span style=\"color: #ff0000;\"><a style=\"color: #ff0000;\" href=\"https:\/\/www.casadainjecao.com.br\/loja\/politica-de-devolucao\">pol\u00edtica de devolu\u00e7\u00e3o aqui<\/a><\/span><\/p>\n<p><span style=\"color: #000000;\">&#8212;&#8212;&#8212;&#8212;&#8212;&#8212;&#8212;&#8212;&#8212;&#8212;&#8212;&#8212;&#8212;&#8212;&#8212;&#8212;&#8212;&#8212;&#8212;&#8212;&#8212;&#8212;&#8212;&#8212;&#8212;&#8212;&#8212;<\/span><\/p>\n<h4>Tem alguma d\u00favida?<\/h4>\n<p>Entre em contato que podemos ajudar!<\/p>\n<p>Confira as informa\u00e7\u00f5es adicionais abaixo:<\/p>\n<ul>\n<li>Todos os nossos produtos s\u00e3o novos, semi-novos, originais, paralelos e possuem garantia.<\/li>\n<li>Todos os produtos anunciados est\u00e3o dispon\u00edveis em estoque e s\u00e3o enviados com extrema rapidez.<\/li>\n<li>O frete pode ser simulado antes de efetuar a compra, basta clicar em \u201cver custos de envio\u201d.<\/li>\n<li>Verifique o endere\u00e7o de entrega cadastrado e atualize caso necess\u00e1rio.<\/li>\n<li>Confirme se a pe\u00e7a \u00e9 correta para o seu modelo de ve\u00edculo.<\/li>\n<li>Para pe\u00e7as automotivas, recomendamos a instala\u00e7\u00e3o por um profissional especializado.<\/li>\n<\/ul>\n<p>Caso possua outras d\u00favidas, entre em contato.<\/p>\n","protected":false},"excerpt":{"rendered":"<h2>Interruptor Luz Freio Fiat Palio Uno Strada Doblo &#8211; 46840510<\/h2>\n<p>&nbsp;<\/p>\n","protected":false},"featured_media":25536,"template":"","meta":{"_seopress_robots_primary_cat":"none","_seopress_titles_title":"","_seopress_titles_desc":"","_seopress_robots_index":"","_joinchat":[]},"product_cat":[20,180],"product_tag":[695,247,1093,274,286,276,280,709,429,1100,119,108,120,1613,121,214],"berocket_brand":[383],"_links":{"self":[{"href":"https:\/\/www.casadainjecao.com.br\/loja\/wp-json\/wp\/v2\/product\/24124"}],"collection":[{"href":"https:\/\/www.casadainjecao.com.br\/loja\/wp-json\/wp\/v2\/product"}],"about":[{"href":"https:\/\/www.casadainjecao.com.br\/loja\/wp-json\/wp\/v2\/types\/product"}],"wp:featuredmedia":[{"embeddable":true,"href":"https:\/\/www.casadainjecao.com.br\/loja\/wp-json\/wp\/v2\/media\/25536"}],"wp:attachment":[{"href":"https:\/\/www.casadainjecao.com.br\/loja\/wp-json\/wp\/v2\/media?parent=24124"}],"wp:term":[{"taxonomy":"product_cat","embeddable":true,"href":"https:\/\/www.casadainjecao.com.br\/loja\/wp-json\/wp\/v2\/product_cat?post=24124"},{"taxonomy":"product_tag","embeddable":true,"href":"https:\/\/www.casadainjecao.com.br\/loja\/wp-json\/wp\/v2\/product_tag?post=24124"},{"taxonomy":"berocket_brand","embeddable":true,"href":"https:\/\/www.casadainjecao.com.br\/loja\/wp-json\/wp\/v2\/berocket_brand?post=24124"}],"curies":[{"name":"wp","href":"https:\/\/api.w.org\/{rel}","templated":true}]}}