{"id":24249,"date":"2023-04-26T16:12:59","date_gmt":"2023-04-26T19:12:59","guid":{"rendered":"https:\/\/www.casadainjecao.com.br\/loja\/?post_type=product&#038;p=24249"},"modified":"2026-02-17T09:39:01","modified_gmt":"2026-02-17T12:39:01","slug":"sensor-de-fase-fiat-palio-punto-doblo-linea-e-torq-5293161aa","status":"publish","type":"product","link":"https:\/\/www.casadainjecao.com.br\/loja\/autopecas\/injecao-eletronica\/sensor-de-virabrequim\/sensor-de-fase-fiat-palio-punto-doblo-linea-e-torq-5293161aa\/","title":{"rendered":"Sensor de Fase Fiat Palio Punto Doblo Linea E-torq &#8211; 5"},"content":{"rendered":"<h2>Sensor de Fase<\/h2>\n<p><strong>FIAT<\/strong><\/p>\n<p>Fiat Bravo 1.8 4Cil 16v Flex 2010 at\u00e9 2016 E.TorQ<\/p>\n<p>Fiat Dobl\u00f4 1.8 4Cil 16v Flex 2010 at\u00e9 2019 E.TorQ<\/p>\n<p>Fiat Grand Siena 1.6 4Cil 16v Flex 2010 at\u00e9 2019 E.TorQ<\/p>\n<p>Fiat Idea 1.6 4Cil 16v Flex 2010 at\u00e9 2016 E.TorQ<\/p>\n<p>Fiat Idea 1.8 4Cil 16v Flex 2010 at\u00e9 2016 E.TorQ<\/p>\n<p>Fiat Linea 1.8 4Cil 16v Flex 2010 at\u00e9 2016 E.TorQ<\/p>\n<p>Fiat Palio Weekend 1.6 4Cil 16v Flex 2010 at\u00e9 2017 E.TorQ<\/p>\n<p>Fiat Palio Weekend 1.8 4Cil 16v Flex 2010 at\u00e9 2019 E.TorQ<\/p>\n<p>Fiat Palio 1.6 4Cil 16v Flex 2010 at\u00e9 2017 E.TorQ<\/p>\n<p>Fiat Palio 1.8 4Cil 16v Flex 2010 at\u00e9 2017 E.TorQ<\/p>\n<p>Fiat Punto 1.6 4Cil 16v Flex 2010 at\u00e9 2017 E.TorQ<\/p>\n<p>Fiat Punto 1.8 4Cil 16v Flex 2010 at\u00e9 2017 E.TorQ<\/p>\n<p>Fiat Siena 1.6 4Cil 16v Flex 2010 at\u00e9 2012 E.TorQ<\/p>\n<p>Fiat Strada 1.8 4Cil 16v Flex 2010 at\u00e9 2019 E.TorQ<\/p>\n<p><strong>BMW<\/strong><\/p>\n<p>BMW Mini Cooper 1.6 4Cil 16v Gasolina 2001 at\u00e9 2006<\/p>\n<p>BMW Mini One 1.6 4Cil 16v Gasolina 2001 at\u00e9 2006<\/p>\n<h4>C\u00f3digo de Refer\u00eancia:<\/h4>\n<p>SF5293161aa<\/p>\n<p><strong>Condi\u00e7\u00f5es:<\/strong><\/p>\n<p>Novo Paralelo \/ Marca Torken<\/p>\n<h4><strong>Garantia:<\/strong><\/h4>\n<p>3 Meses<strong>\u00a0<\/strong><\/p>\n<h3>ATEN\u00c7\u00c3O: Antes de efetuar a compra verifique o c\u00f3digo da sua pe\u00e7a que est\u00e1 instalada no seu ve\u00edculo.<\/h3>\n<h3><strong>APLICA\u00c7\u00c3O:<\/strong><\/h3>\n<p>Linha Fiat \/ BMW<\/p>\n<h4><strong>O que \u00e9 e para que serve o Sensor de Fase?<\/strong><\/h4>\n<p>O Sensor de Fase tamb\u00e9m conhecido como Sensor de Posi\u00e7\u00e3o do Eixo de Comando de V\u00e1lvulas ou Sensor de Posi\u00e7\u00e3o do Virabrequim, \u00e9 um componente importante em sistemas de controle de motor de ve\u00edculos com motores a combust\u00e3o interna. Ele tem a fun\u00e7\u00e3o de monitorar a posi\u00e7\u00e3o angular do eixo de comando de v\u00e1lvulas (no cabe\u00e7ote do motor) ou do virabrequim (no bloco do motor).<\/p>\n<p>&nbsp;<\/p>\n<p>A Casa da Inje\u00e7\u00e3o oferece total garantia nos produtos comprados em nosso site.<\/p>\n<ol>\n<li>Cada item \u00e9 rigorosamente testado antes do envio<\/li>\n<li>Se os itens estiverem danificados ou parcialmente defeituosos, entre em contato conosco.<\/li>\n<\/ol>\n<p>Se houver qualquer defeito, n\u00f3s lhe enviaremos uma substitui\u00e7\u00e3o ap\u00f3s receber o pacote ou devolvemos seu dinheiro.<\/p>\n<p>Leia nossa\u00a0<span style=\"color: #ff0000;\"><a style=\"color: #ff0000;\" href=\"https:\/\/www.casadainjecao.com.br\/loja\/politica-de-devolucao\">pol\u00edtica de devolu\u00e7\u00e3o aqui<\/a><\/span><\/p>\n<p>\u2014\u2014\u2014\u2014\u2014\u2014\u2014\u2014\u2014\u2014\u2014\u2014\u2014\u2014\u2014\u2014\u2014\u2014\u2014\u2013<\/p>\n<p><strong>Tem alguma d\u00favida?<\/strong><\/p>\n<p>Entre em contato que podemos ajudar!<\/p>\n<p>Confira as informa\u00e7\u00f5es adicionais abaixo:<\/p>\n<ul>\n<li>Todos os nossos produtos s\u00e3o novos, semi-novos, originais e paralelos possuem garantia.<\/li>\n<li>Todos os produtos anunciados est\u00e3o dispon\u00edveis em estoque e s\u00e3o enviados com extrema rapidez.<\/li>\n<li>O frete pode ser simulado antes de efetuar a compra, basta clicar em \u201cver custos de envio\u201d.<\/li>\n<li>Verifique o endere\u00e7o de entrega cadastrado e atualize caso necess\u00e1rio.<\/li>\n<li>Confirme se a pe\u00e7a \u00e9 correta para o seu modelo de ve\u00edculo.<\/li>\n<li>Para pe\u00e7as automotivas, recomendamos a instala\u00e7\u00e3o por um profissional especializado.<\/li>\n<\/ul>\n<p>Caso possua outras d\u00favidas, entre em contato.<\/p>\n<p>&nbsp;<\/p>\n<h2><\/h2>\n","protected":false},"excerpt":{"rendered":"<h2>Sensor de Fase Fiat Palio Punto Doblo Linea E-torq &#8211; 5293161aa<\/h2>\n<h2><\/h2>\n","protected":false},"featured_media":24253,"template":"","meta":{"_seopress_robots_primary_cat":"none","_seopress_titles_title":"","_seopress_titles_desc":"","_seopress_robots_index":"","_joinchat":[]},"product_cat":[17,21,1510,155],"product_tag":[1489,247,1713,709,1100,1950,1951,119,1892,108,120,121],"berocket_brand":[379,383],"_links":{"self":[{"href":"https:\/\/www.casadainjecao.com.br\/loja\/wp-json\/wp\/v2\/product\/24249"}],"collection":[{"href":"https:\/\/www.casadainjecao.com.br\/loja\/wp-json\/wp\/v2\/product"}],"about":[{"href":"https:\/\/www.casadainjecao.com.br\/loja\/wp-json\/wp\/v2\/types\/product"}],"wp:featuredmedia":[{"embeddable":true,"href":"https:\/\/www.casadainjecao.com.br\/loja\/wp-json\/wp\/v2\/media\/24253"}],"wp:attachment":[{"href":"https:\/\/www.casadainjecao.com.br\/loja\/wp-json\/wp\/v2\/media?parent=24249"}],"wp:term":[{"taxonomy":"product_cat","embeddable":true,"href":"https:\/\/www.casadainjecao.com.br\/loja\/wp-json\/wp\/v2\/product_cat?post=24249"},{"taxonomy":"product_tag","embeddable":true,"href":"https:\/\/www.casadainjecao.com.br\/loja\/wp-json\/wp\/v2\/product_tag?post=24249"},{"taxonomy":"berocket_brand","embeddable":true,"href":"https:\/\/www.casadainjecao.com.br\/loja\/wp-json\/wp\/v2\/berocket_brand?post=24249"}],"curies":[{"name":"wp","href":"https:\/\/api.w.org\/{rel}","templated":true}]}}