{"id":24469,"date":"2023-05-12T08:16:47","date_gmt":"2023-05-12T11:16:47","guid":{"rendered":"https:\/\/www.casadainjecao.com.br\/loja\/?post_type=product&#038;p=24469"},"modified":"2024-11-21T19:55:16","modified_gmt":"2024-11-21T22:55:16","slug":"chave-citroen-c3-tendence-capa-ce0536","status":"publish","type":"product","link":"https:\/\/www.casadainjecao.com.br\/loja\/autopecas\/interior\/chave-citroen-c3-tendence-capa-ce0536\/","title":{"rendered":"Capa Chave Peugeot C3 Tendence &#8211; CE0536"},"content":{"rendered":"<h2>Capa Chave Citroen C3 Tendence<\/h2>\n<h3>Serve Para Peugeot C3<strong id=\"tl_15\" data-spm-anchor-id=\"a2g0o.detail.1000023.i1.7bdeYB5yYB5yZh\">\u00a0207 307 308 407 807<\/strong><\/h3>\n<h3>APLICA\u00c7\u00c3O:<\/h3>\n<p>A Capa de Chave \u00e9 compat\u00edvel com os seguintes ve\u00edculos:<\/p>\n<h3>Peugeot<\/h3>\n<ul>\n<li>C3<strong id=\"tl_15\" data-spm-anchor-id=\"a2g0o.detail.1000023.i1.7bdeYB5yYB5yZh\">\u00a0<\/strong><\/li>\n<li>207<\/li>\n<li>307<\/li>\n<li>308<\/li>\n<li>407<\/li>\n<li>807<\/li>\n<\/ul>\n<h4>C\u00f3digo de refer\u00eancia:<\/h4>\n<p>CE0536<\/p>\n<h4>Condi\u00e7\u00f5es:<\/h4>\n<p>Produto Novo<\/p>\n<p>Marca Torken<\/p>\n<h4>Garantia:<\/h4>\n<p>3 Meses<\/p>\n<p><strong>ATEN\u00c7\u00c3O: Antes de efetuar a compra verifique o c\u00f3digo da sua pe\u00e7a que est\u00e1 instalada no seu ve\u00edculo.<\/strong><\/p>\n<p>A Casa da Inje\u00e7\u00e3o oferece total garantia nos produtos comprados em nosso site.<\/p>\n<ol>\n<li>Cada item \u00e9 rigorosamente testado antes do envio<\/li>\n<li>Se os itens estiverem danificados ou parcialmente defeituosos, entre em contato conosco.<\/li>\n<\/ol>\n<p>Se houver qualquer defeito, n\u00f3s lhe enviaremos uma substitui\u00e7\u00e3o ap\u00f3s receber o pacote ou devolvemos seu dinheiro.<\/p>\n<p>Leia nossa <a href=\"https:\/\/www.casadainjecao.com.br\/loja\/politica-de-devolucao\">pol\u00edtica de devolu\u00e7\u00e3o aqui<\/a><\/p>\n<h4>Tem alguma d\u00favida?<\/h4>\n<p>Entre em contato que podemos ajudar!<\/p>\n<p>Confira as informa\u00e7\u00f5es adicionais abaixo:<\/p>\n<ul>\n<li>Todos os nossos produtos s\u00e3o novos, originais e possuem garantia.<\/li>\n<li>Todos os produtos anunciados est\u00e3o dispon\u00edveis em estoque e s\u00e3o enviados com extrema rapidez.<\/li>\n<li>O frete pode ser simulado antes de efetuar a compra, basta clicar em \u201cver custos de envio\u201d.<\/li>\n<li>Verifique o endere\u00e7o de entrega cadastrado e atualize caso necess\u00e1rio.<\/li>\n<li>Confirme se a pe\u00e7a \u00e9 correta para o seu modelo de ve\u00edculo.<\/li>\n<li>Para pe\u00e7as automotivas, recomendamos a instala\u00e7\u00e3o por um profissional especializado.<\/li>\n<\/ul>\n<p>Caso possua outras d\u00favidas, entre em contato.<\/p>\n<p>&nbsp;<\/p>\n<p>&nbsp;<\/p>\n<p>&nbsp;<\/p>\n","protected":false},"excerpt":{"rendered":"<h2>Chave Capa Citroen C3 Tendence<\/h2>\n<h2>Codigo: CE0536<\/h2>\n","protected":false},"featured_media":24474,"template":"","meta":{"_seopress_robots_primary_cat":"none","_seopress_titles_title":"","_seopress_titles_desc":"","_seopress_robots_index":"","_joinchat":[]},"product_cat":[24],"product_tag":[246,1387],"berocket_brand":[382],"_links":{"self":[{"href":"https:\/\/www.casadainjecao.com.br\/loja\/wp-json\/wp\/v2\/product\/24469"}],"collection":[{"href":"https:\/\/www.casadainjecao.com.br\/loja\/wp-json\/wp\/v2\/product"}],"about":[{"href":"https:\/\/www.casadainjecao.com.br\/loja\/wp-json\/wp\/v2\/types\/product"}],"wp:featuredmedia":[{"embeddable":true,"href":"https:\/\/www.casadainjecao.com.br\/loja\/wp-json\/wp\/v2\/media\/24474"}],"wp:attachment":[{"href":"https:\/\/www.casadainjecao.com.br\/loja\/wp-json\/wp\/v2\/media?parent=24469"}],"wp:term":[{"taxonomy":"product_cat","embeddable":true,"href":"https:\/\/www.casadainjecao.com.br\/loja\/wp-json\/wp\/v2\/product_cat?post=24469"},{"taxonomy":"product_tag","embeddable":true,"href":"https:\/\/www.casadainjecao.com.br\/loja\/wp-json\/wp\/v2\/product_tag?post=24469"},{"taxonomy":"berocket_brand","embeddable":true,"href":"https:\/\/www.casadainjecao.com.br\/loja\/wp-json\/wp\/v2\/berocket_brand?post=24469"}],"curies":[{"name":"wp","href":"https:\/\/api.w.org\/{rel}","templated":true}]}}