{"id":24548,"date":"2023-05-14T09:54:05","date_gmt":"2023-05-14T12:54:05","guid":{"rendered":"https:\/\/www.casadainjecao.com.br\/loja\/?post_type=product&#038;p=24548"},"modified":"2025-05-28T15:18:50","modified_gmt":"2025-05-28T18:18:50","slug":"engrenagem-gm-fiat-tbi-1-0-1-4-1-8-sistema-delphi-2058","status":"publish","type":"product","link":"https:\/\/www.casadainjecao.com.br\/loja\/autopecas\/injecao-eletronica\/corpo-de-borboleta\/engrenagem-gm-fiat-tbi-1-0-1-4-1-8-sistema-delphi-2058\/","title":{"rendered":"Engrenagem Corpo de Borboleta TBI GM Fiat Sistema Delphi &#8"},"content":{"rendered":"<h1>Engrenagem TBI Corpo de Borboleta<\/h1>\n<h3>Serve para os seguintes modelos: Fiat, GM<\/h3>\n<p>A Engrenagem TBI est\u00e1 vinculado ao sistema de <a href=\"https:\/\/www.casadainjecao.com.br\/loja\/?s=engrenagem+corpo+de+borboleta&amp;product_cat=0&amp;post_type=product\">motor.<\/a><\/p>\n<h2>Aplica\u00e7\u00e3o:<\/h2>\n<p>A Engrenagem TBI do Corpo de Borboleta \u00e9 compat\u00edvel com os seguintes modelos<\/p>\n<ul>\n<li><strong>FIAT:<\/strong><\/li>\n<li>Fiat Doblo 1.8 &#8211; 2006 a 2009<\/li>\n<li>Fiat Idea 1.8 &#8211; 2006 a 2009<\/li>\n<li>Fiat Palio 1.8 &#8211;\u00a0 2006 a 2009<\/li>\n<li>Fiat Palio Weekend 1.8 &#8211; 2006 a 2009<\/li>\n<li>Fiat Punto 1.8 &#8211; 2006 a 2009<\/li>\n<li>Fiat Siena 1.8 &#8211; 2006 a 2009<\/li>\n<li>Fiat Stilo 1.8 &#8211; 2006 a 2009<\/li>\n<\/ul>\n<p>&nbsp;<\/p>\n<ul>\n<li><strong>\u00a0GM<\/strong><\/li>\n<li>GM Corsa Sedan 1.8 &#8211; 2006 a 2009<\/li>\n<li>GM Meriva 1.8 &#8211; 2006 a 2009<\/li>\n<li>GM Corsa Hatch 1.4<\/li>\n<li>GM Montana 1.4<\/li>\n<li>GM Corsa Hatch 1.8<\/li>\n<li>GM Montana 1.8<\/li>\n<\/ul>\n<h4>C\u00f3digo de refer\u00eancia:<\/h4>\n<p>2058<\/p>\n<h4>Condi\u00e7\u00f5es:<\/h4>\n<p>Novo Original \/ Marca Fiat, GM<\/p>\n<h4>Garantia:<\/h4>\n<p>3 Meses<\/p>\n<p>A Casa da Inje\u00e7\u00e3o oferece total garantia nos produtos comprados em nosso site.<\/p>\n<ol>\n<li>Cada item \u00e9 rigorosamente testado antes do envio<\/li>\n<li>Se os itens estiverem danificados ou parcialmente defeituosos, entre em contato conosco.<\/li>\n<\/ol>\n<p>Se houver qualquer defeito, n\u00f3s lhe enviaremos uma substitui\u00e7\u00e3o ap\u00f3s receber o pacote ou devolvemos seu dinheiro.<\/p>\n<p>Leia nossa <a href=\"https:\/\/www.casadainjecao.com.br\/loja\/politica-de-devolucao\">pol\u00edtica de devolu\u00e7\u00e3o aqui<\/a><\/p>\n<p>&#8212;&#8212;&#8212;&#8212;&#8212;&#8212;&#8212;&#8212;&#8212;&#8212;&#8212;&#8212;&#8212;&#8212;&#8212;&#8212;&#8212;&#8212;&#8212;&#8211;<\/p>\n<p><strong>ATEN\u00c7\u00c3O<\/strong>: Antes de efetuar a compra verifique a Engrenagem TBI do Corpo de Borboleta que est\u00e1 instalado no seu ve\u00edculo.<\/p>\n<p>A Engrenagem TBI do Corpo de Borboleta \u00e9 compat\u00edvel com as marcas Fiat Doblo, Idea, Palio, Palio Weekend, Punto, Siena, Stilo.<\/p>\n<p>A Engrenagem TBI do Corpo de Borboleta \u00e9 compat\u00edvel com as marcas GM Corsa Sedan, Meriva, Corsa Hatch, Montana.<\/p>\n<p>&#8212;&#8212;&#8212;&#8212;&#8212;&#8212;&#8212;&#8212;&#8212;&#8212;&#8212;&#8212;&#8212;&#8212;&#8212;&#8212;&#8212;&#8212;&#8212;&#8212;-<\/p>\n<h4>Tem alguma d\u00favida?<\/h4>\n<p>Entre em contato que podemos ajudar!<\/p>\n<p>Confira as informa\u00e7\u00f5es adicionais abaixo:<\/p>\n<ul>\n<li>Todos os nossos produtos s\u00e3o novos, semi-novos, originais, paralelos e possuem garantia.<\/li>\n<li>Todos os produtos anunciados est\u00e3o dispon\u00edveis em estoque e s\u00e3o enviados com extrema rapidez.<\/li>\n<li>O frete pode ser simulado antes de efetuar a compra, basta clicar em \u201cver custos de envio\u201d.<\/li>\n<li>Verifique o endere\u00e7o de entrega cadastrado e atualize caso necess\u00e1rio.<\/li>\n<li>Confirme se a pe\u00e7a \u00e9 correta para o seu modelo de ve\u00edculo.<\/li>\n<li>Para pe\u00e7as automotivas, recomendamos a instala\u00e7\u00e3o por um profissional especializado.<\/li>\n<\/ul>\n<p>Caso possua outras d\u00favidas, entre em contato.<\/p>\n<p>&nbsp;<\/p>\n","protected":false},"excerpt":{"rendered":"<h2>Engrenagem Corpo de Borboleta TBI<\/h2>\n<h2>Sistema Delphi<\/h2>\n<h2>C\u00f3digo refer\u00eancia: 2058, 10039<\/h2>\n","protected":false},"featured_media":24552,"template":"","meta":{"_seopress_robots_primary_cat":"none","_seopress_titles_title":"","_seopress_titles_desc":"","_seopress_robots_index":"","_joinchat":[]},"product_cat":[258,21],"product_tag":[115,247,709,117,296,119,120],"berocket_brand":[381,383],"_links":{"self":[{"href":"https:\/\/www.casadainjecao.com.br\/loja\/wp-json\/wp\/v2\/product\/24548"}],"collection":[{"href":"https:\/\/www.casadainjecao.com.br\/loja\/wp-json\/wp\/v2\/product"}],"about":[{"href":"https:\/\/www.casadainjecao.com.br\/loja\/wp-json\/wp\/v2\/types\/product"}],"wp:featuredmedia":[{"embeddable":true,"href":"https:\/\/www.casadainjecao.com.br\/loja\/wp-json\/wp\/v2\/media\/24552"}],"wp:attachment":[{"href":"https:\/\/www.casadainjecao.com.br\/loja\/wp-json\/wp\/v2\/media?parent=24548"}],"wp:term":[{"taxonomy":"product_cat","embeddable":true,"href":"https:\/\/www.casadainjecao.com.br\/loja\/wp-json\/wp\/v2\/product_cat?post=24548"},{"taxonomy":"product_tag","embeddable":true,"href":"https:\/\/www.casadainjecao.com.br\/loja\/wp-json\/wp\/v2\/product_tag?post=24548"},{"taxonomy":"berocket_brand","embeddable":true,"href":"https:\/\/www.casadainjecao.com.br\/loja\/wp-json\/wp\/v2\/berocket_brand?post=24548"}],"curies":[{"name":"wp","href":"https:\/\/api.w.org\/{rel}","templated":true}]}}