{"id":24585,"date":"2023-05-16T11:57:35","date_gmt":"2023-05-16T14:57:35","guid":{"rendered":"https:\/\/www.casadainjecao.com.br\/loja\/?post_type=product&#038;p=24585"},"modified":"2026-02-12T09:56:02","modified_gmt":"2026-02-12T12:56:02","slug":"sonda-lambda-vw-fox-gol-golf-kombi-polo-0258006460","status":"publish","type":"product","link":"https:\/\/www.casadainjecao.com.br\/loja\/autopecas\/injecao-eletronica\/sonda-lambda\/sonda-lambda-vw-fox-gol-golf-kombi-polo-0258006460\/","title":{"rendered":"Sonda Lambda Pr\u00e9 E P\u00f3s Gol Spacefox Polo Kombi &#8211; 025"},"content":{"rendered":"<h2>Sonda Lambda \/Sensor de Oxig\u00eanio<\/h2>\n<h2>Pr\u00e9 e P\u00f3s Catalizador<\/h2>\n<p><strong>VOLKSWAGEN<\/strong><\/p>\n<p>Volkswagen Crossfox 1.6 Flex I-Motion 2008 \u00e0 2014<\/p>\n<p>Volkswagen 1.0 Flex 2008 \u00e0 2014<\/p>\n<p>Volkswagen\u00a0Fox 1.0 Flex 2014 em diante<\/p>\n<p>Volkswagen\u00a0Fox 1.6 Gasolina 2003 \u00e0 2004<\/p>\n<p>Volkswagen\u00a0Fox 1.6 Flex | I-Motion 2010 em diante<\/p>\n<p>Volkswagen Gol G5 1.0 Flex 2008 \u00e0 2012<\/p>\n<p>Volkswagen\u00a0Gol G5 1.6 Flex 2008 \u00e0 2012<\/p>\n<p>Volkswagen\u00a0Gol G5 1.6 Flex I-Motion 2010 \u00e0 2012<\/p>\n<p>Volkswagen\u00a0Gol G6 1.0 Flex 2012 \u00e0 2016<\/p>\n<p>Volkswagen\u00a0Gol G6 1.6 Flex | I-Motion 2012 \u00e0 2016<\/p>\n<p>Volkswagen\u00a0Gol G7 1.6 Flex 2016 em diante<\/p>\n<p>Volkswagen\u00a0Golf MK4 1.6 Flex 2008 \u00e0 2013<\/p>\n<p>Volkswagen\u00a0Kombi 1.4 Total Flex<\/p>\n<p>Volkswagen\u00a0Polo 1.6 Flex | I-Motion 2008 \u00e0 2014<\/p>\n<p>Volkswagen\u00a0Polo Sedan 1.6 Flex | I-Motion 2008 \u00e0 2014<\/p>\n<p>Volkswagen\u00a0Saveiro G5 1.6 Flex 2009 \u00e0 2014<\/p>\n<p>Volkswagen\u00a0Saveiro G6 1.6 Flex 2014 \u00e0 2016<\/p>\n<p>Volkswagen\u00a0Space Cross 1.6 Flex 2011 \u00e0 2014<\/p>\n<p>Volkswagen\u00a0SpaceFox 1.6 Flex 2008 \u00e0 2014<\/p>\n<p>Volkswagen\u00a0SpaceFox 1.6 Flex I-Motion 2012\/2014<\/p>\n<p>Volkswagen\u00a0Voyage 1.0 Flex 2012 \u00e0 2016<\/p>\n<p>Volkswagen\u00a0Voyage 1.0 Flex 2016 em diante<\/p>\n<p>Volkswagen\u00a0Voyage 1.0 Flex 2008 \u00e0 2012<\/p>\n<p>Volkswagen\u00a0Voyage 1.6 Flex | I-Motion 2008 em diante<\/p>\n<h4>C\u00f3digo de Refer\u00eancia:<\/h4>\n<p>1K0998262AC ,030906262S , 0258010092\/093 , 06A906262BP , 0258006460,06A906262CN, 0258006704\/705, 06A906262C<\/p>\n<h4>Condi\u00e7\u00f5es:<\/h4>\n<p>Produto Novo<\/p>\n<p>Marca Torken<\/p>\n<h4>Especifica\u00e7\u00f5es:<\/h4>\n<p>comprimento total 41 cm \/ 4 cabos \/4 pinos \/ conector macho<\/p>\n<h4>Garantia:<\/h4>\n<p>3 meses<\/p>\n<h3>ATEN\u00c7\u00c3O: Antes de efetuar a compra verifique o c\u00f3digo da sua pe\u00e7a que est\u00e1 instalado no seu ve\u00edculo.<\/h3>\n<div id=\"A8hXZazDIve35OUP96KduAg__5\">\n<div class=\"wDYxhc\" data-md=\"61\">\n<div class=\"LGOjhe\" role=\"heading\" data-attrid=\"wa:\/description\" aria-level=\"3\" data-hveid=\"CBwQAA\">\n<div class=\"w-full pt-2 md:pt-0 border-t md:border-t-0 gizmo:border-t-0 dark:border-white\/20 md:border-transparent md:dark:border-transparent md:pl-2 gizmo:pl-0 gizmo:md:pl-0 md:w-[calc(100%-.5rem)]\">\n<form class=\"stretch mx-2 flex flex-row gap-3 last:mb-2 md:mx-4 md:last:mb-6 lg:mx-auto lg:max-w-2xl xl:max-w-3xl\">\n<div>A Casa da Inje\u00e7\u00e3o oferece total garantia nos produtos comprados em nosso site.<\/div>\n<\/form>\n<\/div>\n<\/div>\n<\/div>\n<\/div>\n<ol>\n<li>Cada item \u00e9 rigorosamente testado antes do envio<\/li>\n<li>Se os itens estiverem danificados ou parcialmente defeituosos, entre em contato conosco.<\/li>\n<\/ol>\n<p>Se houver qualquer defeito, n\u00f3s lhe enviaremos uma substitui\u00e7\u00e3o ap\u00f3s receber o pacote ou devolvemos seu dinheiro.<\/p>\n<p>Leia nossa<span style=\"color: #ff0000;\">\u00a0<a style=\"color: #ff0000;\" href=\"https:\/\/www.casadainjecao.com.br\/loja\/politica-de-devolucao\">aqui <\/a><a style=\"color: #ff0000;\" href=\"https:\/\/www.casadainjecao.com.br\/loja\/politica-de-devolucao\">pol\u00edtica de devolu\u00e7\u00e3o\u00a0<\/a><\/span><\/p>\n<h4>\u2014\u2014\u2014\u2014\u2014\u2014\u2014\u2014\u2014\u2014\u2014\u2014\u2014\u2014\u2014\u2014\u2014\u2014\u2014\u2013<\/h4>\n<h4>Tem alguma d\u00favida?<\/h4>\n<p>Entre em contato que podemos ajudar!<\/p>\n<p>Confira as informa\u00e7\u00f5es adicionais abaixo:<\/p>\n<ul>\n<li>Todos os nossos produtos s\u00e3o novos, semi-novos, originais e paralelos possuem garantia.<\/li>\n<li>Todos os produtos anunciados est\u00e3o dispon\u00edveis em estoque e s\u00e3o enviados com extrema rapidez.<\/li>\n<li>O frete pode ser simulado antes de efetuar a compra, basta clicar em \u201cver custos de envio\u201d.<\/li>\n<li>Verifique o endere\u00e7o de entrega cadastrado e atualize caso necess\u00e1rio.<\/li>\n<li>Confirme se a pe\u00e7a \u00e9 correta para o seu modelo de ve\u00edculo.<\/li>\n<li>Para pe\u00e7as automotivas, recomendamos a instala\u00e7\u00e3o por um profissional especializado.<\/li>\n<\/ul>\n<p>Caso possua outras d\u00favidas, entre em contato.<\/p>\n","protected":false},"excerpt":{"rendered":"<h2>Sonda Lambda \/Sensor de Oxig\u00eanio<\/h2>\n<h2 class=\"ui-pdp-title\">Pr\u00e9 E P\u00f3s Catalizador<\/h2>\n","protected":false},"featured_media":44098,"template":"","meta":{"_seopress_robots_primary_cat":"none","_seopress_titles_title":"","_seopress_titles_desc":"","_seopress_robots_index":"","_joinchat":[]},"product_cat":[21,270],"product_tag":[1477,76,59,698,757,75,60,1108,1086],"berocket_brand":[396],"_links":{"self":[{"href":"https:\/\/www.casadainjecao.com.br\/loja\/wp-json\/wp\/v2\/product\/24585"}],"collection":[{"href":"https:\/\/www.casadainjecao.com.br\/loja\/wp-json\/wp\/v2\/product"}],"about":[{"href":"https:\/\/www.casadainjecao.com.br\/loja\/wp-json\/wp\/v2\/types\/product"}],"wp:featuredmedia":[{"embeddable":true,"href":"https:\/\/www.casadainjecao.com.br\/loja\/wp-json\/wp\/v2\/media\/44098"}],"wp:attachment":[{"href":"https:\/\/www.casadainjecao.com.br\/loja\/wp-json\/wp\/v2\/media?parent=24585"}],"wp:term":[{"taxonomy":"product_cat","embeddable":true,"href":"https:\/\/www.casadainjecao.com.br\/loja\/wp-json\/wp\/v2\/product_cat?post=24585"},{"taxonomy":"product_tag","embeddable":true,"href":"https:\/\/www.casadainjecao.com.br\/loja\/wp-json\/wp\/v2\/product_tag?post=24585"},{"taxonomy":"berocket_brand","embeddable":true,"href":"https:\/\/www.casadainjecao.com.br\/loja\/wp-json\/wp\/v2\/berocket_brand?post=24585"}],"curies":[{"name":"wp","href":"https:\/\/api.w.org\/{rel}","templated":true}]}}