{"id":24617,"date":"2023-05-16T14:19:17","date_gmt":"2023-05-16T17:19:17","guid":{"rendered":"https:\/\/www.casadainjecao.com.br\/loja\/?post_type=product&#038;p=24617"},"modified":"2026-03-18T19:08:33","modified_gmt":"2026-03-18T22:08:33","slug":"sonda-lambda-hyundai-hb20-1-0-3cc-kia-picanto-1-0-3cc-39210-04010","status":"publish","type":"product","link":"https:\/\/www.casadainjecao.com.br\/loja\/autopecas\/injecao-eletronica\/sonda-lambda-hyundai-hb20-1-0-3cc-kia-picanto-1-0-3cc-39210-04010\/","title":{"rendered":"Sonda Lambda  Hb20 1.0 3cc Kia Picanto 1.0 3cc &#8211; 39210"},"content":{"rendered":"<h2>Sonda Lambda P\u00f3s Catalisador<\/h2>\n<p>&nbsp;<\/p>\n<p>&nbsp;<\/p>\n<p>HB20 1.0 3CC &#8211; 2013 2014 2015 2016 2017 2018 2019 2020<\/p>\n<p><strong>KIA<\/strong><\/p>\n<p>Kia Picanto 1.0 3CC\u00a0 &#8211; 2008 2009 2010 2011 2012 2013 2014 2015 2016 2017 2018 2019 2020<\/p>\n<p>&nbsp;<\/p>\n<h4>Especifica\u00e7\u00f5es:<\/h4>\n<p>P\u00f3s Catalisador,\u00a0 comprimento do cabo:\u00a0 66cm , 4 pinos 4 fios (2 brancos 1 preto 1 cinza)<\/p>\n<h4>C\u00f3digo de Refer\u00eancia:<\/h4>\n<p>39210-04010, 3921004010, ASL126, MRMK2933, ESL010<\/p>\n<p><strong>Condi\u00e7\u00f5es:<\/strong><\/p>\n<div class=\"thunk-single-product-summary-wrap\">\n<div class=\"summary entry-summary\">\n<div class=\"woocommerce-tabs wc-tabs-wrapper\">\n<div id=\"tab-description\" class=\"woocommerce-Tabs-panel woocommerce-Tabs-panel--description panel entry-content wc-tab\" role=\"tabpanel\" aria-labelledby=\"tab-title-description\">\n<p>Novo Paralelo \/ Marca Torken<\/p>\n<\/div>\n<\/div>\n<\/div>\n<\/div>\n<h4><strong>Garantia:<\/strong><\/h4>\n<div class=\"thunk-single-product-summary-wrap\">\n<div class=\"summary entry-summary\">\n<div class=\"woocommerce-tabs wc-tabs-wrapper\">\n<div class=\"woocommerce-Tabs-panel woocommerce-Tabs-panel--description panel entry-content wc-tab\" role=\"tabpanel\" aria-labelledby=\"tab-title-description\">\n<p>3 Meses<strong>\u00a0<\/strong><\/p>\n<\/div>\n<\/div>\n<\/div>\n<\/div>\n<h3>ATEN\u00c7\u00c3O: Antes de efetuar a compra verifique o c\u00f3digo da sua pe\u00e7a que est\u00e1 instalada no seu ve\u00edculo.<\/h3>\n<h3><strong>APLICA\u00c7\u00c3O:<\/strong><\/h3>\n<div class=\"thunk-single-product-summary-wrap\">\n<div class=\"summary entry-summary\">\n<div class=\"woocommerce-tabs wc-tabs-wrapper\">\n<div class=\"woocommerce-Tabs-panel woocommerce-Tabs-panel--description panel entry-content wc-tab\" role=\"tabpanel\" aria-labelledby=\"tab-title-description\">\n<p>Linha Hyundai \/Kia<\/p>\n<\/div>\n<\/div>\n<\/div>\n<\/div>\n<h4><strong>O que \u00e9 e para que serve a Sonda Lambda?<\/strong><\/h4>\n<div class=\"thunk-single-product-summary-wrap\">\n<div class=\"summary entry-summary\">\n<div class=\"woocommerce-tabs wc-tabs-wrapper\">\n<div class=\"woocommerce-Tabs-panel woocommerce-Tabs-panel--description panel entry-content wc-tab\" role=\"tabpanel\" aria-labelledby=\"tab-title-description\">\n<p>A Sonda Lambda \u00e9 um componente importante em sistemas de controle de emiss\u00f5es de ve\u00edculos a combust\u00e3o interna, como carros a gasolina e diesel. Seu principal objetivo \u00e9 medir a quantidade de oxig\u00eanio nos gases de escape do motor. Essa informa\u00e7\u00e3o \u00e9 crucial para otimizar a mistura ar\/combust\u00edvel, garantindo uma combust\u00e3o mais eficiente e reduzindo as emiss\u00f5es de poluentes.<\/p>\n<\/div>\n<\/div>\n<\/div>\n<\/div>\n","protected":false},"excerpt":{"rendered":"<h2>Sonda Lambda P\u00f3s Catalisador\u00a0 Hb20 Kia Picanto &#8211; 39210-04010, 3921004010, ASL126, MRMK2933, ESL010<\/h2>\n","protected":false},"featured_media":43697,"template":"","meta":{"_seopress_robots_primary_cat":"none","_seopress_titles_title":"","_seopress_titles_desc":"","_seopress_robots_index":"","_joinchat":[]},"product_cat":[21],"product_tag":[316,1827],"berocket_brand":[386,388],"_links":{"self":[{"href":"https:\/\/www.casadainjecao.com.br\/loja\/wp-json\/wp\/v2\/product\/24617"}],"collection":[{"href":"https:\/\/www.casadainjecao.com.br\/loja\/wp-json\/wp\/v2\/product"}],"about":[{"href":"https:\/\/www.casadainjecao.com.br\/loja\/wp-json\/wp\/v2\/types\/product"}],"wp:featuredmedia":[{"embeddable":true,"href":"https:\/\/www.casadainjecao.com.br\/loja\/wp-json\/wp\/v2\/media\/43697"}],"wp:attachment":[{"href":"https:\/\/www.casadainjecao.com.br\/loja\/wp-json\/wp\/v2\/media?parent=24617"}],"wp:term":[{"taxonomy":"product_cat","embeddable":true,"href":"https:\/\/www.casadainjecao.com.br\/loja\/wp-json\/wp\/v2\/product_cat?post=24617"},{"taxonomy":"product_tag","embeddable":true,"href":"https:\/\/www.casadainjecao.com.br\/loja\/wp-json\/wp\/v2\/product_tag?post=24617"},{"taxonomy":"berocket_brand","embeddable":true,"href":"https:\/\/www.casadainjecao.com.br\/loja\/wp-json\/wp\/v2\/berocket_brand?post=24617"}],"curies":[{"name":"wp","href":"https:\/\/api.w.org\/{rel}","templated":true}]}}