{"id":24717,"date":"2023-05-22T09:50:08","date_gmt":"2023-05-22T12:50:08","guid":{"rendered":"https:\/\/www.casadainjecao.com.br\/loja\/?post_type=product&#038;p=24717"},"modified":"2023-09-19T09:58:18","modified_gmt":"2023-09-19T12:58:18","slug":"bucha-tampa-bomba-dagua-renault-master-8200594920","status":"publish","type":"product","link":"https:\/\/www.casadainjecao.com.br\/loja\/autopecas\/motor\/bombas\/bucha-tampa-bomba-dagua-renault-master-8200594920\/","title":{"rendered":"Bucha Tampa Bomba d&#8217;agua Renault Master II &#8211; 820"},"content":{"rendered":"<h2>Bucha Tampa Bomba d&#8217;agua Renault Master II &#8211; 8200594920<\/h2>\n<p>Serve para: Renault modelos: Master II<\/p>\n<p>A Bucha da Tampa da Bomba d&#8217;\u00e1gua est\u00e1 vinculada com o sistema\u00a0 de resfriamento do <a href=\"https:\/\/www.casadainjecao.com.br\/loja\/?s=motor&amp;product_cat=motor&amp;post_type=product\">motor\u00a0<\/a>.<\/p>\n<h3>APLICA\u00c7\u00c3O:<\/h3>\n<p>A Bucha da Tampa da Bomba d&#8217;\u00e1gua\u00a0 \u00e9 compat\u00edvel com os seguintes ve\u00edculos:<\/p>\n<ul>\n<li><strong>RENAULT<\/strong><\/li>\n<li>Master II 2.3 16v &#8211; 2001 a 2020<\/li>\n<\/ul>\n<h3>O que \u00e9 e para que serve a Bucha da Tampa da Bomba d&#8217;\u00e1gua?<\/h3>\n<p>A bucha foi projetada para ser instalada na tampa da bomba d&#8217;\u00e1gua do motor. A bomba d&#8217;\u00e1gua \u00e9 respons\u00e1vel por circular o l\u00edquido de resfriamento (normalmente \u00e1gua com aditivos) pelo sistema de resfriamento do motor, ajudando a manter a temperatura do motor dentro dos limites adequados.<\/p>\n<h4>C\u00f3digo de refer\u00eancia:<\/h4>\n<p>8200594920<\/p>\n<h4>Condi\u00e7\u00f5es:<\/h4>\n<p>Novo Original \/ Marca Renault<\/p>\n<h4>Garantia:<\/h4>\n<p>3 Meses<\/p>\n<p>A Casa da Inje\u00e7\u00e3o oferece total garantia nos produtos comprados em nosso site.<\/p>\n<ol>\n<li>Cada item \u00e9 rigorosamente testado antes do envio<\/li>\n<li>Se os itens estiverem danificados ou parcialmente defeituosos, entre em contato conosco.<\/li>\n<\/ol>\n<p>Se houver qualquer defeito, n\u00f3s lhe enviaremos uma substitui\u00e7\u00e3o ap\u00f3s receber o pacote ou devolvemos seu dinheiro.<\/p>\n<p>Leia nossa <a href=\"https:\/\/www.casadainjecao.com.br\/loja\/politica-de-devolucao\">pol\u00edtica de devolu\u00e7\u00e3o aqui<\/a><\/p>\n<p>&#8212;&#8212;&#8212;&#8212;&#8212;&#8212;&#8212;&#8212;&#8212;&#8212;&#8212;&#8212;&#8212;&#8212;&#8212;&#8212;&#8212;&#8212;&#8212;&#8211;<\/p>\n<p><strong>ATEN\u00c7\u00c3O<\/strong>: Antes de efetuar a compra verifique o c\u00f3digo da Bucha da Tampa da Bomba d&#8217;\u00e1gua que est\u00e1 instalado no seu ve\u00edculo.<\/p>\n<p>Bucha da Tampa da Bomba d&#8217;\u00e1gua \u00e9 compat\u00edvel com as marcas Renault Master II.<\/p>\n<p>&#8212;&#8212;&#8212;&#8212;&#8212;&#8212;&#8212;&#8212;&#8212;&#8212;&#8212;&#8212;&#8212;&#8212;&#8212;&#8212;&#8212;&#8212;&#8212;&#8212;-<\/p>\n<h4>Tem alguma d\u00favida?<\/h4>\n<p>Entre em contato que podemos ajudar!<\/p>\n<p>Confira as informa\u00e7\u00f5es adicionais abaixo:<\/p>\n<ul>\n<li>Todos os nossos produtos s\u00e3o novos, semi-novos, originais, paralelos e possuem garantia.<\/li>\n<li>Todos os produtos anunciados est\u00e3o dispon\u00edveis em estoque e s\u00e3o enviados com extrema rapidez.<\/li>\n<li>O frete pode ser simulado antes de efetuar a compra, basta clicar em \u201cver custos de envio\u201d.<\/li>\n<li>Verifique o endere\u00e7o de entrega cadastrado e atualize caso necess\u00e1rio.<\/li>\n<li>Confirme se a pe\u00e7a \u00e9 correta para o seu modelo de ve\u00edculo.<\/li>\n<li>Para pe\u00e7as automotivas, recomendamos a instala\u00e7\u00e3o por um profissional especializado.<\/li>\n<\/ul>\n<p>Caso possua outras d\u00favidas, entre em contato.<\/p>\n<p>&nbsp;<\/p>\n<p>&nbsp;<\/p>\n","protected":false},"excerpt":{"rendered":"<h2>Bucha Tampa Bomba d&#8217;agua<\/h2>\n<h2>Renault Master Laguna<\/h2>\n<h2>Codigo: 8200594920, 7705010193<\/h2>\n","protected":false},"featured_media":24720,"template":"","meta":{"_seopress_robots_primary_cat":"none","_seopress_titles_title":"","_seopress_titles_desc":"","_seopress_robots_index":"","_joinchat":[]},"product_cat":[195,22],"product_tag":[128,81],"berocket_brand":[392,394],"_links":{"self":[{"href":"https:\/\/www.casadainjecao.com.br\/loja\/wp-json\/wp\/v2\/product\/24717"}],"collection":[{"href":"https:\/\/www.casadainjecao.com.br\/loja\/wp-json\/wp\/v2\/product"}],"about":[{"href":"https:\/\/www.casadainjecao.com.br\/loja\/wp-json\/wp\/v2\/types\/product"}],"wp:featuredmedia":[{"embeddable":true,"href":"https:\/\/www.casadainjecao.com.br\/loja\/wp-json\/wp\/v2\/media\/24720"}],"wp:attachment":[{"href":"https:\/\/www.casadainjecao.com.br\/loja\/wp-json\/wp\/v2\/media?parent=24717"}],"wp:term":[{"taxonomy":"product_cat","embeddable":true,"href":"https:\/\/www.casadainjecao.com.br\/loja\/wp-json\/wp\/v2\/product_cat?post=24717"},{"taxonomy":"product_tag","embeddable":true,"href":"https:\/\/www.casadainjecao.com.br\/loja\/wp-json\/wp\/v2\/product_tag?post=24717"},{"taxonomy":"berocket_brand","embeddable":true,"href":"https:\/\/www.casadainjecao.com.br\/loja\/wp-json\/wp\/v2\/berocket_brand?post=24717"}],"curies":[{"name":"wp","href":"https:\/\/api.w.org\/{rel}","templated":true}]}}