{"id":24853,"date":"2023-06-02T09:21:04","date_gmt":"2023-06-02T12:21:04","guid":{"rendered":"https:\/\/www.casadainjecao.com.br\/loja\/?post_type=product&#038;p=24853"},"modified":"2025-05-24T13:07:23","modified_gmt":"2025-05-24T16:07:23","slug":"conector-sonda-lambda-chevrolet-corsa-1-0-efi-sod00139","status":"publish","type":"product","link":"https:\/\/www.casadainjecao.com.br\/loja\/autopecas\/injecao-eletronica\/sonda-lambda\/conector-sonda-lambda-chevrolet-corsa-1-0-efi-sod00139\/","title":{"rendered":"Conector Sonda Lambda Chevrolet Corsa Original &#8211; SOD00"},"content":{"rendered":"<h1 class=\"ui-pdp-title\">Conector Sonda Lambda Chevrolet Corsa -SOD00139<\/h1>\n<p class=\"ui-pdp-title\"><strong>Serve para <span style=\"font-family: Arial; font-size: large;\">General Motors<\/span> modelos: Corsa, Vectra, Celta, Omega, Blaser, S10,Kadett, Monza, Classic, Ipanema, Astra<br \/>\n<\/strong><\/p>\n<p>O Conector de Sonda Lambda \u00e9 vinculado ao sistema de <a href=\"https:\/\/www.casadainjecao.com.br\/loja\/?s=conector+de+sonda+&amp;product_cat=0&amp;post_type=product\">sonda.<\/a><\/p>\n<h2>APLICA\u00c7\u00c3O:<\/h2>\n<p>O Conector de Sonda Lambda \u00e9 compat\u00edvel com os seguintes modelos:<\/p>\n<ul>\n<li><strong>GM<\/strong><\/li>\n<li class=\"ui-pdp-title\">GM Corsa 1.0 16v 1.4 1.6 16v\u00a0 1.8 Sedan 1.0 Pick-up &#8211; 1994 a 2002<\/li>\n<li class=\"ui-pdp-title\">GM Vectra 2.0 2.2 &#8211; 1993 a 2005<\/li>\n<li class=\"ui-pdp-title\">GM Celta\u00a0 &#8211; 2001<\/li>\n<li class=\"ui-pdp-title\">Gm Omega &#8211; 1996 a 1999<\/li>\n<li class=\"ui-pdp-title\">S10 2.0 2.4 &#8211; 1995 a 2007<\/li>\n<li class=\"ui-pdp-title\">Blazer 2.2 2.4 &#8211; 1995 a 2007<\/li>\n<li>Classic 1.0 &#8211; 2003 a 2005<\/li>\n<li>Ipanema 2.0 1996 a 1997<\/li>\n<li>Astra 1.8 2.0 Sedan 1.8 2.0 &#8211; 1998 a 2004<\/li>\n<li>Kadett 2.0 &#8211; 1996 a 1998<\/li>\n<li>Monza 2.0 &#8211; 1991 a 1996<\/li>\n<\/ul>\n<p>&nbsp;<\/p>\n<p><strong>O que \u00e9 e para que serve o Conector de Sonda Lambda?<\/strong><\/p>\n<p>O conector da sonda lambda \u00e9 uma parte importante do sistema de controle de emiss\u00f5es de um ve\u00edculo. A sonda lambda, tamb\u00e9m conhecida como sensor de oxig\u00eanio, desempenha um papel crucial na gest\u00e3o do combust\u00edvel e na redu\u00e7\u00e3o de emiss\u00f5es. Permitindo a comunica\u00e7\u00e3o entre a sonda e o sistema de controle do motor, desempenhando um papel cr\u00edtico na otimiza\u00e7\u00e3o da mistura ar-combust\u00edvel, na redu\u00e7\u00e3o de emiss\u00f5es e no monitoramento do sistema de escape.<\/p>\n<p class=\"ui-pdp-title\"><strong>C\u00f3digo refer\u00eancia:<\/strong><\/p>\n<p>SOD00139, 25162753, 25162754, 25106073, 932332414<\/p>\n<p><strong>Condi\u00e7\u00f5es:<\/strong><\/p>\n<p class=\"ui-pdp-title\">Novo Original\/Marca Delphi<\/p>\n<h4>Garantia:<\/h4>\n<p>3 Meses<\/p>\n<p>A Casa da Inje\u00e7\u00e3o oferece total garantia nos produtos comprados em nosso site.<\/p>\n<ol>\n<li>Cada item \u00e9 rigorosamente testado antes do envio<\/li>\n<li>Se os itens estiverem danificados ou parcialmente defeituosos, entre em contato conosco.<\/li>\n<\/ol>\n<p>Se houver qualquer defeito, n\u00f3s lhe enviaremos uma substitui\u00e7\u00e3o ap\u00f3s receber o pacote ou devolvemos seu dinheiro.<\/p>\n<p>Leia nossa <a href=\"https:\/\/www.casadainjecao.com.br\/loja\/politica-de-devolucao\">pol\u00edtica de devolu\u00e7\u00e3o aqui<\/a><\/p>\n<p>&#8212;&#8212;&#8212;&#8212;&#8212;&#8212;&#8212;&#8212;&#8212;&#8212;&#8212;&#8212;&#8212;&#8212;&#8212;&#8212;&#8212;&#8212;&#8212;&#8211;<\/p>\n<p><strong>ATEN\u00c7\u00c3O<\/strong>: Antes de efetuar a compra verifique o c\u00f3digo do Conector de Sonda Lambda que est\u00e1 instalado no seu ve\u00edculo.<\/p>\n<p>O Conector de Sonda Lambda \u00e9 compat\u00edvel com as marcas GM Corsa, Vectra, Celta, Omega, Blaser, S10<strong>, Kadett, Monza, Classic, Ipanema, Astra<\/strong><\/p>\n<p>&#8212;&#8212;&#8212;&#8212;&#8212;&#8212;&#8212;&#8212;&#8212;&#8212;&#8212;&#8212;&#8212;&#8212;&#8212;&#8212;&#8212;&#8212;&#8212;&#8212;-<\/p>\n<h4>Tem alguma d\u00favida?<\/h4>\n<p>Entre em contato que podemos ajudar!<\/p>\n<p>Confira as informa\u00e7\u00f5es adicionais abaixo:<\/p>\n<ul>\n<li>Todos os nossos produtos s\u00e3o novos, semi-novos, originais, paralelos e possuem garantia.<\/li>\n<li>Todos os produtos anunciados est\u00e3o dispon\u00edveis em estoque e s\u00e3o enviados com extrema rapidez.<\/li>\n<li>O frete pode ser simulado antes de efetuar a compra, basta clicar em \u201cver custos de envio\u201d.<\/li>\n<li>Verifique o endere\u00e7o de entrega cadastrado e atualize caso necess\u00e1rio.<\/li>\n<li>Confirme se a pe\u00e7a \u00e9 correta para o seu modelo de ve\u00edculo.<\/li>\n<li>Para pe\u00e7as automotivas, recomendamos a instala\u00e7\u00e3o por um profissional especializado.<\/li>\n<\/ul>\n<p>Caso possua outras d\u00favidas, entre em contato.<\/p>\n<p>&nbsp;<\/p>\n","protected":false},"excerpt":{"rendered":"<h1>Conector Sonda Lambda Chevrolet Corsa Original &#8211; SOD00139, 25162753, 25162754, 25106073, 932332414<\/h1>\n<p>&nbsp;<\/p>\n","protected":false},"featured_media":24854,"template":"","meta":{"_seopress_robots_primary_cat":"none","_seopress_titles_title":"","_seopress_titles_desc":"","_seopress_robots_index":"","_joinchat":[]},"product_cat":[1834,17,21,270],"product_tag":[1829,295,115,1526,1828,109],"berocket_brand":[381],"_links":{"self":[{"href":"https:\/\/www.casadainjecao.com.br\/loja\/wp-json\/wp\/v2\/product\/24853"}],"collection":[{"href":"https:\/\/www.casadainjecao.com.br\/loja\/wp-json\/wp\/v2\/product"}],"about":[{"href":"https:\/\/www.casadainjecao.com.br\/loja\/wp-json\/wp\/v2\/types\/product"}],"wp:featuredmedia":[{"embeddable":true,"href":"https:\/\/www.casadainjecao.com.br\/loja\/wp-json\/wp\/v2\/media\/24854"}],"wp:attachment":[{"href":"https:\/\/www.casadainjecao.com.br\/loja\/wp-json\/wp\/v2\/media?parent=24853"}],"wp:term":[{"taxonomy":"product_cat","embeddable":true,"href":"https:\/\/www.casadainjecao.com.br\/loja\/wp-json\/wp\/v2\/product_cat?post=24853"},{"taxonomy":"product_tag","embeddable":true,"href":"https:\/\/www.casadainjecao.com.br\/loja\/wp-json\/wp\/v2\/product_tag?post=24853"},{"taxonomy":"berocket_brand","embeddable":true,"href":"https:\/\/www.casadainjecao.com.br\/loja\/wp-json\/wp\/v2\/berocket_brand?post=24853"}],"curies":[{"name":"wp","href":"https:\/\/api.w.org\/{rel}","templated":true}]}}