{"id":24916,"date":"2023-06-03T17:05:44","date_gmt":"2023-06-03T20:05:44","guid":{"rendered":"https:\/\/www.casadainjecao.com.br\/loja\/?post_type=product&#038;p=24916"},"modified":"2024-04-02T15:02:57","modified_gmt":"2024-04-02T18:02:57","slug":"rele-eletroventilador-ventoinha-radiador-ducato-v23136-a1001-x57","status":"publish","type":"product","link":"https:\/\/www.casadainjecao.com.br\/loja\/autopecas\/eletrica\/reles\/rele-eletroventilador-ventoinha-radiador-ducato-v23136-a1001-x57\/","title":{"rendered":"Rele Eletroventilador Ventoinha Radiador Ducato &#8211; V231"},"content":{"rendered":"<h1>Rele Eletroventilador Ventoinha Radiador Original<\/h1>\n<h2>Serve para Fiat modelos: Ducato, Marea<\/h2>\n<p>O Rele Eletroventilador da Ventoinha est\u00e1 vinculado ao sistema de <a href=\"https:\/\/www.casadainjecao.com.br\/loja\/?s=rele&amp;product_cat=0&amp;post_type=product\">motor.<\/a><\/p>\n<h3>APLICA\u00c7\u00c3O:<\/h3>\n<p>O Rele Eletroventilador \u00e9 compat\u00edvel com os seguintes ve\u00edculos:<\/p>\n<ul>\n<li><strong>FIAT<\/strong><\/li>\n<li>Fiat Ducato 2006 a 2017<\/li>\n<li>Fiat Marea 1999 a 2007<\/li>\n<\/ul>\n<h3>O que \u00e9 e para que serve o Rele Eletroventilador?<\/h3>\n<p><span> O Rele Eletroventilador atua como um interruptor, <\/span><span>foi projetado para receber sinais el\u00e9tricos do sistema de gerenciamento do motor do ve\u00edculo e, quando acionado, fecha um circuito el\u00e9trico que alimenta o ventilador do radiador.<\/span><\/p>\n<h4>C\u00f3digo de refer\u00eancia:<\/h4>\n<p>V23136-A1001-X57<\/p>\n<h4>Condi\u00e7\u00f5es:<\/h4>\n<p>Novo Original \/ Marca Fiat<\/p>\n<h4>Garantia:<\/h4>\n<p>3 Meses<\/p>\n<p>A Casa da Inje\u00e7\u00e3o oferece total garantia nos produtos comprados em nosso site.<\/p>\n<ol>\n<li>Cada item \u00e9 rigorosamente testado antes do envio<\/li>\n<li>Se os itens estiverem danificados ou parcialmente defeituosos, entre em contato conosco.<\/li>\n<\/ol>\n<p>Se houver qualquer defeito, n\u00f3s lhe enviaremos uma substitui\u00e7\u00e3o ap\u00f3s receber o pacote ou devolvemos seu dinheiro.<\/p>\n<p>Leia nossa <a href=\"https:\/\/www.casadainjecao.com.br\/loja\/politica-de-devolucao\">pol\u00edtica de devolu\u00e7\u00e3o aqui<\/a><\/p>\n<p>&#8212;&#8212;&#8212;&#8212;&#8212;&#8212;&#8212;&#8212;&#8212;&#8212;&#8212;&#8212;&#8212;&#8212;&#8212;&#8212;&#8212;&#8212;&#8212;&#8211;<\/p>\n<p><strong>ATEN\u00c7\u00c3O<\/strong>: Antes de efetuar a compra verifique o c\u00f3digo do Rele Eletroventilador que est\u00e1 instalado no seu ve\u00edculo.<\/p>\n<p>O Rele Eletroventilador\u00a0 \u00e9 compat\u00edvel com as marcas Fiat Ducato, Marea.<\/p>\n<p>&#8212;&#8212;&#8212;&#8212;&#8212;&#8212;&#8212;&#8212;&#8212;&#8212;&#8212;&#8212;&#8212;&#8212;&#8212;&#8212;&#8212;&#8212;&#8212;&#8212;-<\/p>\n<h4>Tem alguma d\u00favida?<\/h4>\n<p>Entre em contato que podemos ajudar!<\/p>\n<p>Confira as informa\u00e7\u00f5es adicionais abaixo:<\/p>\n<ul>\n<li>Todos os nossos produtos s\u00e3o novos, semi-novos, originais, paralelos e possuem garantia.<\/li>\n<li>Todos os produtos anunciados est\u00e3o dispon\u00edveis em estoque e s\u00e3o enviados com extrema rapidez.<\/li>\n<li>O frete pode ser simulado antes de efetuar a compra, basta clicar em \u201cver custos de envio\u201d.<\/li>\n<li>Verifique o endere\u00e7o de entrega cadastrado e atualize caso necess\u00e1rio.<\/li>\n<li>Confirme se a pe\u00e7a \u00e9 correta para o seu modelo de ve\u00edculo.<\/li>\n<li>Para pe\u00e7as automotivas, recomendamos a instala\u00e7\u00e3o por um profissional especializado.<\/li>\n<\/ul>\n<p>Caso possua outras d\u00favidas, entre em contato.<\/p>\n<p>&nbsp;<\/p>\n<p>&nbsp;<\/p>\n<h1><\/h1>\n","protected":false},"excerpt":{"rendered":"<h1>Rele Eletroventilador Ventoinha Radiador<\/h1>\n<h1>Fiat Ducato 2006 a 2017<\/h1>\n<h1>Fiat Marea 1999 a 2007<\/h1>\n<h1>C\u00f3digo refer\u00eancia: V23136-A1001-X57<\/h1>\n","protected":false},"featured_media":24922,"template":"","meta":{"_seopress_robots_primary_cat":"none","_seopress_titles_title":"","_seopress_titles_desc":"","_seopress_robots_index":"","_kad_blocks_custom_css":"","_kad_blocks_head_custom_js":"","_kad_blocks_body_custom_js":"","_kad_blocks_footer_custom_js":"","_joinchat":[]},"product_cat":[17,153],"product_tag":[1093,1469],"berocket_brand":[383],"taxonomy_info":{"product_cat":[{"value":17,"label":"El\u00e9trica"},{"value":153,"label":"Reles"}],"product_tag":[{"value":1093,"label":"Ducato"},{"value":1469,"label":"Marea"}],"berocket_brand":[{"value":383,"label":"Fiat"}]},"featured_image_src_large":["https:\/\/www.casadainjecao.com.br\/loja\/wp-content\/uploads\/2023\/06\/Rele-Eletroventilador-Ventoinha-Radiador-Ducato-V23136-A1001-X57-750x780.jpg",640,666,true],"author_info":[],"comment_info":"","_links":{"self":[{"href":"https:\/\/www.casadainjecao.com.br\/loja\/wp-json\/wp\/v2\/product\/24916"}],"collection":[{"href":"https:\/\/www.casadainjecao.com.br\/loja\/wp-json\/wp\/v2\/product"}],"about":[{"href":"https:\/\/www.casadainjecao.com.br\/loja\/wp-json\/wp\/v2\/types\/product"}],"wp:featuredmedia":[{"embeddable":true,"href":"https:\/\/www.casadainjecao.com.br\/loja\/wp-json\/wp\/v2\/media\/24922"}],"wp:attachment":[{"href":"https:\/\/www.casadainjecao.com.br\/loja\/wp-json\/wp\/v2\/media?parent=24916"}],"wp:term":[{"taxonomy":"product_cat","embeddable":true,"href":"https:\/\/www.casadainjecao.com.br\/loja\/wp-json\/wp\/v2\/product_cat?post=24916"},{"taxonomy":"product_tag","embeddable":true,"href":"https:\/\/www.casadainjecao.com.br\/loja\/wp-json\/wp\/v2\/product_tag?post=24916"},{"taxonomy":"berocket_brand","embeddable":true,"href":"https:\/\/www.casadainjecao.com.br\/loja\/wp-json\/wp\/v2\/berocket_brand?post=24916"}],"curies":[{"name":"wp","href":"https:\/\/api.w.org\/{rel}","templated":true}]}}