{"id":24965,"date":"2023-06-04T09:01:33","date_gmt":"2023-06-04T12:01:33","guid":{"rendered":"https:\/\/www.casadainjecao.com.br\/loja\/?post_type=product&#038;p=24965"},"modified":"2023-09-26T11:56:54","modified_gmt":"2023-09-26T14:56:54","slug":"filtro-de-oleo-toyota-hylux-15601-25010","status":"publish","type":"product","link":"https:\/\/www.casadainjecao.com.br\/loja\/autopecas\/motor\/filtros\/filtro-de-oleo-toyota-hylux-15601-25010\/","title":{"rendered":"Filtro de Oleo Toyota Hylux &#8211; 15601-25010"},"content":{"rendered":"<h1>Filtro de \u00d3leo Toyota Hylux<\/h1>\n<h3><strong>Serve para Toyota modelos: Hylux<\/strong><\/h3>\n<p>O Filtro de \u00d3leo esta vinculado ao sistema do <a href=\"https:\/\/www.casadainjecao.com.br\/loja\/?s=filtro+de+oleo&amp;product_cat=0&amp;post_type=product\">motor.<\/a><\/p>\n<h2>APLICA\u00c7\u00c3O:<\/h2>\n<p>O Filtro de \u00d3leo serve para os seguintes modelos:<\/p>\n<ul>\n<li><strong>TOYOTA<\/strong><\/li>\n<li>Toyota Hilux 2.4 &#8211; 1992 a 1997<\/li>\n<li>Toyota Hilux\u00a02.8 &#8211; 1992 a 2001<\/li>\n<li>Toyota Hilux\u00a03.0 8v &#8211; 2001 a 2005<\/li>\n<li>Toyota Hilux 3.0 &#8211; 1993 a 1995<\/li>\n<li>Toyota Hilux 3.0 &#8211; 1997 a 2002<\/li>\n<li>Toyota Hilux 3.4 v6 30v &#8211; 1999 a 2001<\/li>\n<li>Toyota Hilux 3.4 v6 24v &#8211; 1992 a 1998<\/li>\n<li>Toyota Hilux 100 3.4 v6 24v &#8211; 1994 a 1994<\/li>\n<\/ul>\n<h3>O que \u00e9 e para que serve o Filtro de \u00d3leo?<\/h3>\n<p>O filtro de \u00f3leo serve para remover impurezas e part\u00edculas indesejadas do \u00f3leo do motor de um ve\u00edculo. Ele ajuda a garantir que o \u00f3leo que circula pelo sistema fique limpo e livre de contaminantes.<\/p>\n<h4>C\u00f3digo de refer\u00eancia:<\/h4>\n<p>15601-25010<\/p>\n<h4>Condi\u00e7\u00f5es:<\/h4>\n<p>Novo Original \/ Marca Toyota<\/p>\n<h4>Garantia:<\/h4>\n<p>3 Meses<\/p>\n<p>A Casa da Inje\u00e7\u00e3o oferece total garantia nos produtos comprados em nosso site.<\/p>\n<ol>\n<li>Cada item \u00e9 rigorosamente testado antes do envio<\/li>\n<li>Se os itens estiverem danificados ou parcialmente defeituosos, entre em contato conosco.<\/li>\n<\/ol>\n<p>Se houver qualquer defeito, n\u00f3s lhe enviaremos uma substitui\u00e7\u00e3o ap\u00f3s receber o pacote ou devolvemos seu dinheiro.<\/p>\n<p>Leia nossa\u00a0<a href=\"https:\/\/www.casadainjecao.com.br\/loja\/politica-de-devolucao\">pol\u00edtica de devolu\u00e7\u00e3o aqui<\/a><\/p>\n<p>\u2014\u2014\u2014\u2014\u2014\u2014\u2014\u2014\u2014\u2014\u2014\u2014\u2014\u2014\u2014\u2014\u2014\u2014\u2014\u2013<\/p>\n<p><strong>ATEN\u00c7\u00c3O<\/strong>: Antes de efetuar a compra verifique o c\u00f3digo do Filtro de \u00d3leo que est\u00e1 instalado no seu ve\u00edculo.<\/p>\n<p>O Filtro de \u00d3leo \u00e9 compat\u00edvel com as marcas Toyota: Hylux<\/p>\n<p>\u2014\u2014\u2014\u2014\u2014\u2014\u2014\u2014\u2014\u2014\u2014\u2014\u2014\u2014\u2014\u2014\u2014\u2014\u2014\u2014-<\/p>\n<h4>Tem alguma d\u00favida?<\/h4>\n<p>Entre em contato que podemos ajudar!<\/p>\n<p>Confira as informa\u00e7\u00f5es adicionais abaixo:<\/p>\n<ul>\n<li>Todos os nossos produtos s\u00e3o novos, semi-novos, originais, paralelos e possuem garantia.<\/li>\n<li>Todos os produtos anunciados est\u00e3o dispon\u00edveis em estoque e s\u00e3o enviados com extrema rapidez.<\/li>\n<li>O frete pode ser simulado antes de efetuar a compra, basta clicar em \u201cver custos de envio\u201d.<\/li>\n<li>Verifique o endere\u00e7o de entrega cadastrado e atualize caso necess\u00e1rio.<\/li>\n<li>Confirme se a pe\u00e7a \u00e9 correta para o seu modelo de ve\u00edculo.<\/li>\n<li>Para pe\u00e7as automotivas, recomendamos a instala\u00e7\u00e3o por um profissional especializado.<\/li>\n<\/ul>\n<p>Caso possua outras d\u00favidas, entre em contato.<\/p>\n<p>&nbsp;<\/p>\n","protected":false},"excerpt":{"rendered":"<h1>Filtro de \u00d3leo<\/h1>\n<h1>Toyota Hylux Diesel 2.5 2.7 3.0 16v<\/h1>\n<h1>C\u00f3digo: 15601-25010<\/h1>\n","protected":false},"featured_media":24970,"template":"","meta":{"_seopress_robots_primary_cat":"none","_seopress_titles_title":"","_seopress_titles_desc":"","_seopress_robots_index":"","_joinchat":[]},"product_cat":[221,22],"product_tag":[1836],"berocket_brand":[395],"_links":{"self":[{"href":"https:\/\/www.casadainjecao.com.br\/loja\/wp-json\/wp\/v2\/product\/24965"}],"collection":[{"href":"https:\/\/www.casadainjecao.com.br\/loja\/wp-json\/wp\/v2\/product"}],"about":[{"href":"https:\/\/www.casadainjecao.com.br\/loja\/wp-json\/wp\/v2\/types\/product"}],"wp:featuredmedia":[{"embeddable":true,"href":"https:\/\/www.casadainjecao.com.br\/loja\/wp-json\/wp\/v2\/media\/24970"}],"wp:attachment":[{"href":"https:\/\/www.casadainjecao.com.br\/loja\/wp-json\/wp\/v2\/media?parent=24965"}],"wp:term":[{"taxonomy":"product_cat","embeddable":true,"href":"https:\/\/www.casadainjecao.com.br\/loja\/wp-json\/wp\/v2\/product_cat?post=24965"},{"taxonomy":"product_tag","embeddable":true,"href":"https:\/\/www.casadainjecao.com.br\/loja\/wp-json\/wp\/v2\/product_tag?post=24965"},{"taxonomy":"berocket_brand","embeddable":true,"href":"https:\/\/www.casadainjecao.com.br\/loja\/wp-json\/wp\/v2\/berocket_brand?post=24965"}],"curies":[{"name":"wp","href":"https:\/\/api.w.org\/{rel}","templated":true}]}}