{"id":24983,"date":"2023-06-04T11:14:16","date_gmt":"2023-06-04T14:14:16","guid":{"rendered":"https:\/\/www.casadainjecao.com.br\/loja\/?post_type=product&#038;p=24983"},"modified":"2026-02-03T11:35:20","modified_gmt":"2026-02-03T14:35:20","slug":"interruptor-cebolinha-oleo-fiat-punto-palio-uno-original-55202374","status":"publish","type":"product","link":"https:\/\/www.casadainjecao.com.br\/loja\/autopecas\/motor\/sensores-motor\/interruptor-cebolinha-oleo-fiat-punto-palio-uno-original-55202374\/","title":{"rendered":"Interruptor Cebolinha \u00d3leo Fiat Punto Palio Uno Original &#"},"content":{"rendered":"<h2>Interruptor Cebolinha \u00d3leo<\/h2>\n<p>ALFA ROMEO<\/p>\n<p>ALFA ROMEO 155 (1995, 1996, 1997, 1998)<\/p>\n<p>ALFA ROMEO 145 (1996, 1997, 1998, 1999)<\/p>\n<p>ALFA ROMEO 156 (1999, 2000, 2001, 2002, 2003)<\/p>\n<p>ALFA ROMEO 156 SW (1999, 2000, 2001, 2002, 2003)<\/p>\n<p>ALFA ROMEO 147 (2003, 2004)<\/p>\n<p>FIAT<\/p>\n<p>FIAT UNO (1985, 1986, 1987, 1988, 1989, 1990, 1991, 1992, 1993, 1994, 1995, 1996, 1997, 1998, 1999, 2000, 2001, 2002, 2003, 2004)<\/p>\n<p>FIAT UNO MILLE (1985, 1986, 1987, 1988, 1989, 1990, 1991, 1992, 1993, 1994, 1995, 1996, 1997, 1998, 1999, 2000, 2001, 2002, 2003, 2004)<\/p>\n<p>FIAT ELBA (1985, 1986, 1987, 1988, 1989, 1990, 1991, 1992, 1993, 1994, 1995, 1996, 1997, 1998, 1999, 2000, 2001, 2002, 2003, 2004)<\/p>\n<p>FIAT FIORINO (1985, 1986, 1987, 1988, 1989, 1990, 1991, 1992, 1993, 1994, 1995, 1996, 1997, 1998, 1999, 2000, 2001, 2002, 2003, 2004)<\/p>\n<p>FIAT PR\u00caMIO (1985, 1986, 1987, 1988, 1989, 1990, 1991, 1992, 1993, 1994, 1995, 1996, 1997, 1998, 1999, 2000, 2001, 2002, 2003, 2004)<\/p>\n<p>FIAT TEMPRA (1992, 1993, 1994, 1995, 1996, 1997, 1998, 1999)<\/p>\n<p>FIAT TEMPRA SW (1992, 1993, 1994, 1995, 1996, 1997, 1998, 1999)<\/p>\n<p>FIAT PALIO (1996, 1997, 1998, 1999, 2000, 2001, 2002)<\/p>\n<p>FIAT PALIO WEEKEND (1996, 1997, 1998, 1999, 2000, 2001, 2002)<\/p>\n<p>FIAT SIENA (1996, 1997, 1998, 1999, 2000, 2001, 2002)<\/p>\n<p>FIAT STRADA (1996, 1997, 1998, 1999, 2000, 2001, 2002)<\/p>\n<p>FIAT MAREA (1999, 2000, 2001, 2002, 2003, 2004, 2005, 2006, 2007)<\/p>\n<p>FIAT MAREA WEEKEND (1999, 2000, 2001, 2002, 2003, 2004, 2005, 2006, 2007)<\/p>\n<p>FIAT BRAVA (2000, 2001, 2002, 2003)<\/p>\n<p>FIAT PALIO FASE 1 (2001, 2002, 2003, 2004, 2005, 2006, 2007)<\/p>\n<p>FIAT PALIO WEEKEND FASE 1 (2001, 2002, 2003, 2004, 2005, 2006, 2007)<\/p>\n<p>FIAT SIENA FASE 1 (2001, 2002, 2003, 2004, 2005, 2006, 2007)<\/p>\n<p>FIAT STRADA FASE 1 (2001, 2002, 2003, 2004, 2005, 2006, 2007)<\/p>\n<p>FIAT PALIO FASE 2 (2004, 2005, 2006, 2007, 2008, 2009, 2010, 2011, 2012, 2013, 2014, 2015, 2016, 2017)<\/p>\n<p>FIAT FIORINO FASE 2 (2004, 2005, 2006, 2007, 2008, 2009, 2010, 2011, 2012, 2013)<\/p>\n<p>FIAT PALIO WEEKEND FASE 2 (2004, 2005, 2006, 2007, 2008)<\/p>\n<p>FIAT SIENA FASE 2 (2004, 2005, 2006, 2007, 2008, 2009, 2010, 2011, 2012, 2013)<\/p>\n<p>FIAT STRADA FASE 2 (2004, 2005, 2006, 2007, 2008, 2009, 2010, 2011, 2012, 2013)<\/p>\n<p>FIAT PALIO FASE 3 (2008, 2009, 2010, 2011, 2012)<\/p>\n<p>FIAT SIENA FASE 3 (2008, 2009, 2010, 2011, 2012)<\/p>\n<p>FIAT STRADA FASE 3 (2008, 2009, 2010, 2011, 2012)<\/p>\n<p>FIAT LINEA (2009, 2010, 2011, 2012, 2013, 2014)<\/p>\n<p>FIAT DOBL\u00d2 FASE 1 (2010, 2011, 2012, 2013, 2014, 2015, 2016, 2017, 2018, 2019, 2020, 2021)<\/p>\n<p>FIAT NOVO UNO (2011, 2012, 2013, 2014)<\/p>\n<p>FIAT IDEA FASE 1 (2011, 2012, 2013, 2014, 2015, 2016)<\/p>\n<p>FIAT BRAVO (2011, 2012, 2013, 2014, 2015)<\/p>\n<p>FIAT NOVO PALIO (2012, 2013, 2014, 2015, 2016, 2017)<\/p>\n<p>FIAT PUNTO FASE 1 (2013, 2014, 2015, 2016, 2017)<\/p>\n<p>FIAT GRAND SIENA (2012, 2013, 2014, 2015, 2016, 2017, 2018, 2019, 2020, 2021)<\/p>\n<p>FIAT SIENA FASE 4 (2013, 2014, 2015, 2016, 2017)<\/p>\n<p>FIAT PALIO WEEKEND FASE 4 (2013, 2014, 2015, 2016, 2017, 2018, 2019, 2020)<\/p>\n<p>FIAT STRADA FASE 4 (2013, 2014, 2015, 2016, 2017, 2018, 2019, 2020)<\/p>\n<p>FIAT LINEA FASE 1 (2015, 2016)<\/p>\n<p>FIAT NOVO UNO FASE 1 (2015, 2016)<\/p>\n<p>FIAT BRAVO FASE 1 (2016)<\/p>\n<p>FIAT TORO (2016, 2017, 2018, 2019, 2020, 2021)<\/p>\n<p>FIAT MOBI (2017, 2018, 2019, 2020)<\/p>\n<p><strong>C\u00f3digo de Refer\u00eancia:<\/strong><\/p>\n<p>55202374<\/p>\n<h4>Condi\u00e7\u00f5es:<\/h4>\n<p>Novo Original \/ Marca Fiat Mopar<\/p>\n<h4>Especifica\u00e7\u00f5es:<\/h4>\n<p>1 Interruptor Press\u00e3o \/ 1 Polo \/ M14X1,5 \/ Press\u00e3o: 0,2-0,5 BAR<\/p>\n<h4><strong>Garantia:<\/strong><\/h4>\n<p>3 Meses<strong>\u00a0<\/strong><\/p>\n<h3>ATEN\u00c7\u00c3O: Antes de efetuar a compra verifique o c\u00f3digo da sua pe\u00e7a que est\u00e1 instalada no seu ve\u00edculo.<\/h3>\n<p>&nbsp;<\/p>\n<p>A Casa da Inje\u00e7\u00e3o oferece total garantia nos produtos comprados em nosso site.<\/p>\n<ol>\n<li>Cada item \u00e9 rigorosamente testado antes do envio<\/li>\n<li>Se os itens estiverem danificados ou parcialmente defeituosos, entre em contato conosco.<\/li>\n<\/ol>\n<p>Se houver qualquer defeito, n\u00f3s lhe enviaremos uma substitui\u00e7\u00e3o ap\u00f3s receber o pacote ou devolvemos seu dinheiro.<\/p>\n<p>Leia nossa <span style=\"color: #ff0000;\"><a style=\"color: #ff0000;\" href=\"https:\/\/www.casadainjecao.com.br\/loja\/politica-de-devolucao\">pol\u00edtica de devolu\u00e7\u00e3o <\/a><\/span><\/p>\n<p>&#8212;&#8212;&#8212;&#8212;&#8212;&#8212;&#8212;&#8212;&#8212;&#8212;&#8212;&#8212;&#8212;&#8212;&#8212;&#8212;&#8212;&#8212;&#8212;&#8212;-<\/p>\n<p><strong>Tem alguma d\u00favida?<\/strong><\/p>\n<p>Entre em contato que podemos ajudar!<\/p>\n<p>Confira as informa\u00e7\u00f5es adicionais abaixo:<\/p>\n<ul>\n<li>Todos os nossos produtos s\u00e3o novos, semi-novos, originais e paralelos possuem garantia.<\/li>\n<li>Todos os produtos anunciados est\u00e3o dispon\u00edveis em estoque e s\u00e3o enviados com extrema rapidez.<\/li>\n<li>O frete pode ser simulado antes de efetuar a compra, basta clicar em \u201cver custos de envio\u201d.<\/li>\n<li>Verifique o endere\u00e7o de entrega cadastrado e atualize caso necess\u00e1rio.<\/li>\n<li>Confirme se a pe\u00e7a \u00e9 correta para o seu modelo de ve\u00edculo.<\/li>\n<li>Para pe\u00e7as automotivas, recomendamos a instala\u00e7\u00e3o por um profissional especializado.<\/li>\n<\/ul>\n<p>Caso possua outras d\u00favidas, entre em contato.<\/p>\n","protected":false},"excerpt":{"rendered":"<h2>Interruptor Cebolinha \u00d3leo Fiat Punto Palio Uno Original &#8211; 55202374<\/h2>\n","protected":false},"featured_media":24990,"template":"","meta":{"_seopress_robots_primary_cat":"none","_seopress_titles_title":"","_seopress_titles_desc":"","_seopress_robots_index":"","_joinchat":[]},"product_cat":[20,180,22,241],"product_tag":[247,281,709,119,108,120,121,214],"berocket_brand":[383],"_links":{"self":[{"href":"https:\/\/www.casadainjecao.com.br\/loja\/wp-json\/wp\/v2\/product\/24983"}],"collection":[{"href":"https:\/\/www.casadainjecao.com.br\/loja\/wp-json\/wp\/v2\/product"}],"about":[{"href":"https:\/\/www.casadainjecao.com.br\/loja\/wp-json\/wp\/v2\/types\/product"}],"wp:featuredmedia":[{"embeddable":true,"href":"https:\/\/www.casadainjecao.com.br\/loja\/wp-json\/wp\/v2\/media\/24990"}],"wp:attachment":[{"href":"https:\/\/www.casadainjecao.com.br\/loja\/wp-json\/wp\/v2\/media?parent=24983"}],"wp:term":[{"taxonomy":"product_cat","embeddable":true,"href":"https:\/\/www.casadainjecao.com.br\/loja\/wp-json\/wp\/v2\/product_cat?post=24983"},{"taxonomy":"product_tag","embeddable":true,"href":"https:\/\/www.casadainjecao.com.br\/loja\/wp-json\/wp\/v2\/product_tag?post=24983"},{"taxonomy":"berocket_brand","embeddable":true,"href":"https:\/\/www.casadainjecao.com.br\/loja\/wp-json\/wp\/v2\/berocket_brand?post=24983"}],"curies":[{"name":"wp","href":"https:\/\/api.w.org\/{rel}","templated":true}]}}