{"id":25241,"date":"2023-06-17T15:11:29","date_gmt":"2023-06-17T18:11:29","guid":{"rendered":"https:\/\/www.casadainjecao.com.br\/loja\/?post_type=product&#038;p=25241"},"modified":"2026-04-18T11:51:02","modified_gmt":"2026-04-18T14:51:02","slug":"valvula-termostatica-peugeot-206-207-1-4-1-6-1336q1","status":"publish","type":"product","link":"https:\/\/www.casadainjecao.com.br\/loja\/autopecas\/motor\/valvula-termostatica-motor\/valvula-termostatica-peugeot-206-207-1-4-1-6-1336q1\/","title":{"rendered":"V\u00e1lvula Termost\u00e1tica Peugeot 206 207 1.4 1.6 &#8211; 1336Q"},"content":{"rendered":"<h1>V\u00e1lvula Termost\u00e1tica<\/h1>\n<h1>PEUGEOT<\/h1>\n<h1>206 207 &#8211; 1.4 8V TODOS<\/h1>\n<h1>206 207 307 &#8211; 1.6 16V TODOS<\/h1>\n<h1>CITROEN<\/h1>\n<h1>XSARA &#8211; 1.6 16V TODOS<\/h1>\n<h1>C\u00f3digo: &#8211; 1336Q1\/710010<\/h1>\n","protected":false},"excerpt":{"rendered":"<h2>V\u00e1lvula Termost\u00e1tica Peugeot 206 207 1.4 1.6 &#8211; 1336Q1<\/h2>\n","protected":false},"featured_media":25245,"template":"","meta":{"_seopress_robots_primary_cat":"none","_seopress_titles_title":"","_seopress_titles_desc":"","_seopress_robots_index":"","_joinchat":[]},"product_cat":[22,1813],"product_tag":[1516,132,245,131],"berocket_brand":[382,393],"_links":{"self":[{"href":"https:\/\/www.casadainjecao.com.br\/loja\/wp-json\/wp\/v2\/product\/25241"}],"collection":[{"href":"https:\/\/www.casadainjecao.com.br\/loja\/wp-json\/wp\/v2\/product"}],"about":[{"href":"https:\/\/www.casadainjecao.com.br\/loja\/wp-json\/wp\/v2\/types\/product"}],"wp:featuredmedia":[{"embeddable":true,"href":"https:\/\/www.casadainjecao.com.br\/loja\/wp-json\/wp\/v2\/media\/25245"}],"wp:attachment":[{"href":"https:\/\/www.casadainjecao.com.br\/loja\/wp-json\/wp\/v2\/media?parent=25241"}],"wp:term":[{"taxonomy":"product_cat","embeddable":true,"href":"https:\/\/www.casadainjecao.com.br\/loja\/wp-json\/wp\/v2\/product_cat?post=25241"},{"taxonomy":"product_tag","embeddable":true,"href":"https:\/\/www.casadainjecao.com.br\/loja\/wp-json\/wp\/v2\/product_tag?post=25241"},{"taxonomy":"berocket_brand","embeddable":true,"href":"https:\/\/www.casadainjecao.com.br\/loja\/wp-json\/wp\/v2\/berocket_brand?post=25241"}],"curies":[{"name":"wp","href":"https:\/\/api.w.org\/{rel}","templated":true}]}}