{"id":25253,"date":"2023-06-17T16:27:59","date_gmt":"2023-06-17T19:27:59","guid":{"rendered":"https:\/\/www.casadainjecao.com.br\/loja\/?post_type=product&#038;p=25253"},"modified":"2026-04-20T10:58:30","modified_gmt":"2026-04-20T13:58:30","slug":"sonda-lambda-pre-mitsubishi-asx-2-0-4x4-2010-1588a141","status":"publish","type":"product","link":"https:\/\/www.casadainjecao.com.br\/loja\/autopecas\/injecao-eletronica\/sonda-lambda\/sonda-lambda-pre-mitsubishi-asx-2-0-4x4-2010-1588a141\/","title":{"rendered":"Sonda Lambda Pr\u00e9 Mitsubishi Asx 2.0 4&#215;4 2010 &#8211; 1"},"content":{"rendered":"<h2>Sonda Lambda Pr\u00e9 P\u00f3s Catalisador<\/h2>\n<p><strong>MITSUBISHI<\/strong><\/p>\n<p>Mitsubishi ASX 2.0 16V &#8211; 2010 a 2018<\/p>\n<p>Mitsubishi Lancer EVO 2.0 16V &#8211; 2011 a 2018<\/p>\n<p>Mitsubishi Outlander 2.0 16V &#8211; 2013 a 2018<\/p>\n<p>Mitsubishi Outlander 2.4 16V &#8211; 2013 a\u00a0 2018<\/p>\n<h2>\u00a0Pr\u00e9 Catalisador<\/h2>\n<p><strong>MITSUBISHI<\/strong><\/p>\n<p>Mitsubishi Lancer 2.0 Ralliart 4&#215;4 Gasolina &#8211; 2007 a 2012<\/p>\n<p>Mitisubishi Lancer 2.0 Sportback Ralliart 4&#215;4 Gasolina &#8211; 2008 a 2011<\/p>\n<p>Mitisubishi Lancer 2.0i Turbo EvoX 4&#215;4 Gasolina &#8211; 2007 a 2014<\/p>\n<p>Mitisubishi Outlander 2.0 Gasolina &#8211; 2007\u00a0 a 2012<\/p>\n<p>Mitisubishi Outlander 2.4 Gasolina 2008 a 2011<\/p>\n<h2>P\u00f3s Catalisador<\/h2>\n<p><strong>MITSUBISHI<\/strong><\/p>\n<p>Mitsubishi Eclipse Cross 1.5 T-Mivec Gasolina &#8211; 2017 em diante<\/p>\n<p>Mitsubishi Outlander 2.0 Gasolina &#8211; 2012 em diante<\/p>\n<p>Mitsubshi Outlander 2.4 Gasolina &#8211; 2008 a 2011<\/p>\n<h2>Pr\u00e9 e P\u00f3s Catalisador<\/h2>\n<p><strong>MITSUBISHI<\/strong><\/p>\n<p>Mitsubishi ASX 2.0 4&#215;4 Gasolina &#8211; 2010 em diante<\/p>\n<p>Mitsubishi Lancer 2.0i Gasolina &#8211; 2008 a 2012<\/p>\n<p>Mitsubishi Outlander 2.4 Gasolina &#8211; 2008 a 2011<\/p>\n<h4>C\u00f3digo de Refer\u00eancia:<\/h4>\n<p>1588A141, 1491006665, 234-4116, 23441, 711098, 149100-6665, MRMK2956<\/p>\n<p><strong>Condi\u00e7\u00f5es:<\/strong><\/p>\n<p>Novo Paralelo \/ Marca Torken<\/p>\n<h4>Especifica\u00e7\u00f5es:<\/h4>\n<p>Comprimento do cabo 103cm 4 fios(2 pretos 1 branco 1 azul)<\/p>\n<h4>Garantia:<\/h4>\n<p>3 Meses<\/p>\n<h3>ATEN\u00c7\u00c3O: Antes de efetuar a compra verifique o c\u00f3digo da pe\u00e7a que est\u00e1 instalada no seu ve\u00edculo.<\/h3>\n<h3>O que \u00e9 e para que serve o a Sonda Lambda Pr\u00e9\/ P\u00f3s Catalisador?<\/h3>\n<p>A Sonda Lambda tamb\u00e9m conhecida como Sensor de Oxig\u00eanio, \u00e9 um componente essencial no sistema de controle de emiss\u00f5es de autom\u00f3veis. Existem dois modelos de sondas: pr\u00e9-catalisador e p\u00f3s catalisador. Sonda Lambda Pr\u00e9-Catalisador faz o monitoramento da mistura ar-combust\u00edvel localizada no sistema de escape, j\u00e1 a Sonda Lambda P\u00f3s-Catalizador faz o monitoramento do desempenho do catalisador e verifica\u00e7\u00e3o da efici\u00eancia do catalisador.<\/p>\n<p>&nbsp;<\/p>\n<p>A Casa da Inje\u00e7\u00e3o oferece total garantia nos produtos comprados em nosso site.<\/p>\n<p>Cada item \u00e9 rigorosamente testado antes do envio<br \/>\nSe os itens estiverem danificados ou parcialmente defeituosos, entre em contato conosco.<\/p>\n<p>Se houver qualquer defeito, n\u00f3s lhe enviaremos uma substitui\u00e7\u00e3o ap\u00f3s receber o pacote ou devolvemos seu dinheiro.<\/p>\n<p>Leia nossa <a href=\"https:\/\/www.casadainjecao.com.br\/loja\/politica-de-devolucao\/\"><span style=\"color: #ff0000;\">pol\u00edtica de devolu\u00e7\u00e3o aqui<\/span><\/a><\/p>\n<p>&#8212;&#8212;&#8212;&#8212;&#8212;&#8212;&#8212;&#8212;&#8212;&#8212;&#8212;&#8212;&#8212;&#8212;&#8212;&#8212;&#8212;&#8212;&#8212;&#8211;<\/p>\n<p>Tem alguma d\u00favida?<\/p>\n<p>Entre em contato que podemos ajudar!<\/p>\n<p>Confira as informa\u00e7\u00f5es adicionais abaixo:<\/p>\n<p>Todos os nossos produtos s\u00e3o novos, semi-novos, originais, paralelos e possuem garantia.<br \/>\nTodos os produtos anunciados est\u00e3o dispon\u00edveis em estoque e s\u00e3o enviados com extrema rapidez.<br \/>\nO frete pode ser simulado antes de efetuar a compra, basta clicar em \u201cver custos de envio\u201d.<br \/>\nVerifique o endere\u00e7o de entrega cadastrado e atualize caso necess\u00e1rio.<br \/>\nConfirme se a pe\u00e7a \u00e9 correta para o seu modelo de ve\u00edculo.<br \/>\nPara pe\u00e7as automotivas, recomendamos a instala\u00e7\u00e3o por um profissional especializado.<\/p>\n<p>Caso possua outras d\u00favidas, entre em contato.<\/p>\n<p>&nbsp;<\/p>\n","protected":false},"excerpt":{"rendered":"<h2>Sonda Lambda Pr\u00e9 Mitsubishi Asx 2.0 4&#215;4 2010 &#8211; 1588A141, 1491006665, 234-4116, 23441, 711098<\/h2>\n","protected":false},"featured_media":45145,"template":"","meta":{"_seopress_robots_primary_cat":"none","_seopress_titles_title":"","_seopress_titles_desc":"","_seopress_robots_index":"","_joinchat":[]},"product_cat":[21,270],"product_tag":[1842,1755,1444],"berocket_brand":[391],"_links":{"self":[{"href":"https:\/\/www.casadainjecao.com.br\/loja\/wp-json\/wp\/v2\/product\/25253"}],"collection":[{"href":"https:\/\/www.casadainjecao.com.br\/loja\/wp-json\/wp\/v2\/product"}],"about":[{"href":"https:\/\/www.casadainjecao.com.br\/loja\/wp-json\/wp\/v2\/types\/product"}],"wp:featuredmedia":[{"embeddable":true,"href":"https:\/\/www.casadainjecao.com.br\/loja\/wp-json\/wp\/v2\/media\/45145"}],"wp:attachment":[{"href":"https:\/\/www.casadainjecao.com.br\/loja\/wp-json\/wp\/v2\/media?parent=25253"}],"wp:term":[{"taxonomy":"product_cat","embeddable":true,"href":"https:\/\/www.casadainjecao.com.br\/loja\/wp-json\/wp\/v2\/product_cat?post=25253"},{"taxonomy":"product_tag","embeddable":true,"href":"https:\/\/www.casadainjecao.com.br\/loja\/wp-json\/wp\/v2\/product_tag?post=25253"},{"taxonomy":"berocket_brand","embeddable":true,"href":"https:\/\/www.casadainjecao.com.br\/loja\/wp-json\/wp\/v2\/berocket_brand?post=25253"}],"curies":[{"name":"wp","href":"https:\/\/api.w.org\/{rel}","templated":true}]}}