{"id":25348,"date":"2023-06-27T12:46:41","date_gmt":"2023-06-27T15:46:41","guid":{"rendered":"https:\/\/www.casadainjecao.com.br\/loja\/?post_type=product&#038;p=25348"},"modified":"2026-05-08T19:22:22","modified_gmt":"2026-05-08T22:22:22","slug":"bico-injetor-corsa-1-6-8v-icd00110","status":"publish","type":"product","link":"https:\/\/www.casadainjecao.com.br\/loja\/autopecas\/injecao-eletronica\/bico-injetor\/bico-injetor-corsa-1-6-8v-icd00110\/","title":{"rendered":"Bico Injetor 6 Furos Corsa 1.6 8V MPFI \u2013 ICD00110"},"content":{"rendered":"<h2>Bico Injetor 6 Furos \u2013 GM Corsa 1.6 MPFI<\/h2>\n<p>Aplica\u00e7\u00e3o:<\/p>\n<p>Compat\u00edvel com ve\u00edculos GM Corsa 1.6 8V MPFI, conforme abaixo:<\/p>\n<p>Corsa 1.6 8V MPFI \u2013 1996 1997 1998 1999 2000<\/p>\n<p>Corsa Wind 1.6 8V MPFI \u2013 1996 1997 1998 1999 2000<\/p>\n<p>Corsa Wagon 1.6 8V MPFI \u2013 1996 1997 1998 1999 2000<\/p>\n<p>Corsa Sedan 1.6 8V MPFI \u20131996 1997 1998 1999 2000<\/p>\n<p>Corsa Pick-up \/ Wagon \/ Sedan 1.6 8V MPFI \u2013 1996 1997 1998 1999 2000<\/p>\n<p>Conte\u00fado:<\/p>\n<p>1 Bico Injetor<\/p>\n<p>Produto novo<\/p>\n<p>Marca: Torken<\/p>\n<p>Especifica\u00e7\u00f5es:<\/p>\n<p>Sistema: MPFI<\/p>\n<p>Fura\u00e7\u00e3o: 6 furos<\/p>\n<p>Motor: 1.6 8V<\/p>\n<p>C\u00f3digos de Refer\u00eancia:<\/p>\n<p>ICD00110 | 17124782 | 25165453 | 701041<\/p>\n<p>Especifica\u00e7\u00f5es:<\/p>\n<p>Tipo: Bico Injetor<\/p>\n<p>Fura\u00e7\u00e3o: 6 furos<\/p>\n<p>Produto importado, da marca Torken, desenvolvido com padr\u00e3o de qualidade para encaixe perfeito e instala\u00e7\u00e3o simples (plug and play).<\/p>\n<p>Aplica\u00e7\u00e3o:<\/p>\n<p>Compat\u00edvel com ve\u00edculos GM Corsa 1.6 8V MPFI:<\/p>\n<p>Corsa \/ Wind \/ Wagon \/ Sedan \/ Pick-up<\/p>\n<p>Bico Injetor 6 Furos \u2013 GM Corsa 1.6 MPFI<br \/>\nbico injetor novos, ideal para reposi\u00e7\u00e3o no sistema de inje\u00e7\u00e3o eletr\u00f4nica MPFI. Possui 6 furos, garantindo melhor pulveriza\u00e7\u00e3o do combust\u00edvel, contribuindo para uma queima mais eficiente, marcha lenta est\u00e1vel e melhor desempenho do motor.<\/p>\n<p>&nbsp;<\/p>\n<p>Garantia:<\/p>\n<p>Garantia do vendedor: 3 meses<\/p>\n<h3>ATEN\u00c7\u00c3O:<br \/>\nAntes de efetuar a compra, verifique o c\u00f3digo da pe\u00e7a instalada no ve\u00edculo e compare com os c\u00f3digos informados neste an\u00fancio.<\/h3>\n","protected":false},"excerpt":{"rendered":"<h2>Bico Injetor Corsa 1.6 8v MPFI Gasolina &#8211;\u00a017124782<\/h2>\n","protected":false},"featured_media":45126,"template":"","meta":{"_seopress_robots_primary_cat":"none","_seopress_titles_title":"","_seopress_titles_desc":"","_seopress_robots_index":"","_kad_blocks_custom_css":"","_kad_blocks_head_custom_js":"","_kad_blocks_body_custom_js":"","_kad_blocks_footer_custom_js":"","_joinchat":[]},"product_cat":[256,21],"product_tag":[115],"berocket_brand":[394],"taxonomy_info":{"product_cat":[{"value":256,"label":"Bico Injetor"},{"value":21,"label":"Inje\u00e7\u00e3o Eletr\u00f4nica"}],"product_tag":[{"value":115,"label":"Corsa"}],"berocket_brand":[{"value":394,"label":"Renault"}]},"featured_image_src_large":["https:\/\/www.casadainjecao.com.br\/loja\/wp-content\/uploads\/2023\/06\/5ed7140b-ce46-4cb6-baf0-aabd00492673-920x920.jpg",640,640,true],"author_info":[],"comment_info":"","_links":{"self":[{"href":"https:\/\/www.casadainjecao.com.br\/loja\/wp-json\/wp\/v2\/product\/25348"}],"collection":[{"href":"https:\/\/www.casadainjecao.com.br\/loja\/wp-json\/wp\/v2\/product"}],"about":[{"href":"https:\/\/www.casadainjecao.com.br\/loja\/wp-json\/wp\/v2\/types\/product"}],"wp:featuredmedia":[{"embeddable":true,"href":"https:\/\/www.casadainjecao.com.br\/loja\/wp-json\/wp\/v2\/media\/45126"}],"wp:attachment":[{"href":"https:\/\/www.casadainjecao.com.br\/loja\/wp-json\/wp\/v2\/media?parent=25348"}],"wp:term":[{"taxonomy":"product_cat","embeddable":true,"href":"https:\/\/www.casadainjecao.com.br\/loja\/wp-json\/wp\/v2\/product_cat?post=25348"},{"taxonomy":"product_tag","embeddable":true,"href":"https:\/\/www.casadainjecao.com.br\/loja\/wp-json\/wp\/v2\/product_tag?post=25348"},{"taxonomy":"berocket_brand","embeddable":true,"href":"https:\/\/www.casadainjecao.com.br\/loja\/wp-json\/wp\/v2\/berocket_brand?post=25348"}],"curies":[{"name":"wp","href":"https:\/\/api.w.org\/{rel}","templated":true}]}}