{"id":25364,"date":"2023-06-27T16:22:10","date_gmt":"2023-06-27T19:22:10","guid":{"rendered":"https:\/\/www.casadainjecao.com.br\/loja\/?post_type=product&#038;p=25364"},"modified":"2026-04-30T10:25:34","modified_gmt":"2026-04-30T13:25:34","slug":"kit-4-bicos-injetores-corsa-1-6-8v-icd00110","status":"publish","type":"product","link":"https:\/\/www.casadainjecao.com.br\/loja\/autopecas\/injecao-eletronica\/bico-injetor\/kit-4-bicos-injetores-corsa-1-6-8v-icd00110\/","title":{"rendered":"Kit 4 Bicos Injetores 6 Furos Corsa 1.6 8V MPFI \u2013 ICD00110"},"content":{"rendered":"<h2>Bico Injetor 6 Furos \u2013 GM Corsa 1.6 MPFI (Jogo com 4 Unidades)<\/h2>\n<p>Bico injetor de alta qualidade, desenvolvido para garantir pulveriza\u00e7\u00e3o precisa do combust\u00edvel, melhorando o desempenho do motor, a partida e a efici\u00eancia do consumo.<\/p>\n<p>Com 6 furos, proporciona uma queima mais uniforme, contribuindo para funcionamento mais est\u00e1vel do motor e redu\u00e7\u00e3o de falhas na inje\u00e7\u00e3o.<\/p>\n<p>Aplica\u00e7\u00e3o:<\/p>\n<p>Compat\u00edvel com ve\u00edculos GM Corsa 1.6 8V MPFI, conforme abaixo:<\/p>\n<p>Corsa 1.6 8V MPFI \u2013 1996 1997 1998 1999 2000<\/p>\n<p>Corsa Wind 1.6 8V MPFI \u2013 1996 1997 1998 1999 2000<\/p>\n<p>Corsa Wagon 1.6 8V MPFI \u2013 1996 1997 1998 1999 2000<\/p>\n<p>Corsa Sedan 1.6 8V MPFI \u20131996 1997 1998 1999 2000<\/p>\n<p>Corsa Pick-up \/ Wagon \/ Sedan 1.6 8V MPFI \u2013 1996 1997 1998 1999 2000<\/p>\n<p>Especifica\u00e7\u00f5es:<\/p>\n<p>Tipo: Bico Injetor<\/p>\n<p>Fura\u00e7\u00e3o: 6 furos<\/p>\n<p>Bico Injetor 6 Furos \u2013 GM Corsa 1.6 MPFI (Kit com 4 Unidades)<\/p>\n<p>Conte\u00fado do Kit:<\/p>\n<p>04 Bicos Injetores<\/p>\n<p>Produto novo<\/p>\n<p>Marca: Torken<\/p>\n<p>Especifica\u00e7\u00f5es:<\/p>\n<p>Sistema: MPFI<\/p>\n<p>Fura\u00e7\u00e3o: 6 furos<\/p>\n<p>Motor: 1.6 8V<\/p>\n<p>C\u00f3digos de Refer\u00eancia:<\/p>\n<p>ICD00110 | 17124782 | 25165453 | 701041<\/p>\n<p>Kit com 4 bicos injetores novos, ideal para reposi\u00e7\u00e3o no sistema de inje\u00e7\u00e3o eletr\u00f4nica MPFI. Possui 6 furos, garantindo melhor pulveriza\u00e7\u00e3o do combust\u00edvel, contribuindo para uma queima mais eficiente, marcha lenta est\u00e1vel e melhor desempenho do motor.<\/p>\n<p>Produto importado, da marca Torken, desenvolvido com padr\u00e3o de qualidade para encaixe perfeito e instala\u00e7\u00e3o simples (plug and play).<\/p>\n<p>Kit com 4 bicos injetores novos, ideal para reposi\u00e7\u00e3o no sistema de inje\u00e7\u00e3o eletr\u00f4nica MPFI. Possui 6 furos, garantindo melhor pulveriza\u00e7\u00e3o do combust\u00edvel, contribuindo para uma queima mais eficiente, marcha lenta est\u00e1vel e melhor desempenho do motor.<\/p>\n<p>Garantia:<\/p>\n<p>Garantia do vendedor: 3 meses<\/p>\n<h3>ATEN\u00c7\u00c3O:<br \/>\nAntes de efetuar a compra, verifique o c\u00f3digo da pe\u00e7a instalada no ve\u00edculo e compare com os c\u00f3digos informados neste an\u00fancio.<\/h3>\n","protected":false},"excerpt":{"rendered":"<h2>Kit 4 Bicos Injetores 6 Furos Corsa 1.6 8V MPFI \u2013 ICD00110<\/h2>\n","protected":false},"featured_media":45127,"template":"","meta":{"_seopress_robots_primary_cat":"none","_seopress_titles_title":"","_seopress_titles_desc":"","_seopress_robots_index":"","_joinchat":[]},"product_cat":[256,21],"product_tag":[115],"berocket_brand":[381],"_links":{"self":[{"href":"https:\/\/www.casadainjecao.com.br\/loja\/wp-json\/wp\/v2\/product\/25364"}],"collection":[{"href":"https:\/\/www.casadainjecao.com.br\/loja\/wp-json\/wp\/v2\/product"}],"about":[{"href":"https:\/\/www.casadainjecao.com.br\/loja\/wp-json\/wp\/v2\/types\/product"}],"wp:featuredmedia":[{"embeddable":true,"href":"https:\/\/www.casadainjecao.com.br\/loja\/wp-json\/wp\/v2\/media\/45127"}],"wp:attachment":[{"href":"https:\/\/www.casadainjecao.com.br\/loja\/wp-json\/wp\/v2\/media?parent=25364"}],"wp:term":[{"taxonomy":"product_cat","embeddable":true,"href":"https:\/\/www.casadainjecao.com.br\/loja\/wp-json\/wp\/v2\/product_cat?post=25364"},{"taxonomy":"product_tag","embeddable":true,"href":"https:\/\/www.casadainjecao.com.br\/loja\/wp-json\/wp\/v2\/product_tag?post=25364"},{"taxonomy":"berocket_brand","embeddable":true,"href":"https:\/\/www.casadainjecao.com.br\/loja\/wp-json\/wp\/v2\/berocket_brand?post=25364"}],"curies":[{"name":"wp","href":"https:\/\/api.w.org\/{rel}","templated":true}]}}