{"id":25541,"date":"2023-07-11T17:06:15","date_gmt":"2023-07-11T20:06:15","guid":{"rendered":"https:\/\/www.casadainjecao.com.br\/loja\/?post_type=product&#038;p=25541"},"modified":"2025-12-11T17:57:16","modified_gmt":"2025-12-11T20:57:16","slug":"bobina-de-ignicao-fiat-argo-cronos-original-46344849","status":"publish","type":"product","link":"https:\/\/www.casadainjecao.com.br\/loja\/autopecas\/eletrica\/bobina-de-ignicao\/bobina-de-ignicao-fiat-argo-cronos-original-46344849\/","title":{"rendered":"Bobina De Igni\u00e7\u00e3o Fiat Argo Cronos 1.8 Etorq Original &#82"},"content":{"rendered":"<h1>Bobina Igni\u00e7\u00e3o Bosch Mopar Original<\/h1>\n<h1>(3 Pinos)<\/h1>\n<h1>Aplica\u00e7\u00e3o:<\/h1>\n<h1>Fiat<\/h1>\n<h1>Veiculo: Argo<br \/>\nMotores: 1.8 Etorq &#8211; 2017 A\u00a0 2022<\/h1>\n<h1>Veiculo: Argo HGT<br \/>\nMotores: 1.8 Etorq &#8211; \u00a02019 A 2022<\/h1>\n<h1>Veiculo: Cronos<br \/>\nMotores: 1.8 Etorq &#8211; 2018 A 2022<\/h1>\n<h1>Veiculo: Cronos HGT<br \/>\nMotores: 1.8 Etorq &#8211; 2018 A 2022<\/h1>\n<h1>C\u00f3digo: &#8211; 46344849\/55273432\/0221504045<\/h1>\n<h1><\/h1>\n","protected":false},"excerpt":{"rendered":"<h2>Bobina De Igni\u00e7\u00e3o Mopar Fiat Argo Cronos 1.8 Etorq Original\u00a0&#8211; 46344849<\/h2>\n","protected":false},"featured_media":25550,"template":"","meta":{"_seopress_robots_primary_cat":"none","_seopress_titles_title":"","_seopress_titles_desc":"","_seopress_robots_index":"","_joinchat":[]},"product_cat":[106,17],"product_tag":[289,1635],"berocket_brand":[383],"_links":{"self":[{"href":"https:\/\/www.casadainjecao.com.br\/loja\/wp-json\/wp\/v2\/product\/25541"}],"collection":[{"href":"https:\/\/www.casadainjecao.com.br\/loja\/wp-json\/wp\/v2\/product"}],"about":[{"href":"https:\/\/www.casadainjecao.com.br\/loja\/wp-json\/wp\/v2\/types\/product"}],"wp:featuredmedia":[{"embeddable":true,"href":"https:\/\/www.casadainjecao.com.br\/loja\/wp-json\/wp\/v2\/media\/25550"}],"wp:attachment":[{"href":"https:\/\/www.casadainjecao.com.br\/loja\/wp-json\/wp\/v2\/media?parent=25541"}],"wp:term":[{"taxonomy":"product_cat","embeddable":true,"href":"https:\/\/www.casadainjecao.com.br\/loja\/wp-json\/wp\/v2\/product_cat?post=25541"},{"taxonomy":"product_tag","embeddable":true,"href":"https:\/\/www.casadainjecao.com.br\/loja\/wp-json\/wp\/v2\/product_tag?post=25541"},{"taxonomy":"berocket_brand","embeddable":true,"href":"https:\/\/www.casadainjecao.com.br\/loja\/wp-json\/wp\/v2\/berocket_brand?post=25541"}],"curies":[{"name":"wp","href":"https:\/\/api.w.org\/{rel}","templated":true}]}}