{"id":25574,"date":"2023-07-13T11:13:20","date_gmt":"2023-07-13T14:13:20","guid":{"rendered":"https:\/\/www.casadainjecao.com.br\/loja\/?post_type=product&#038;p=25574"},"modified":"2026-03-10T09:34:13","modified_gmt":"2026-03-10T12:34:13","slug":"sonda-lambda-fiat-argo-pos-catalisador-55266800","status":"publish","type":"product","link":"https:\/\/www.casadainjecao.com.br\/loja\/autopecas\/injecao-eletronica\/sonda-lambda\/sonda-lambda-fiat-argo-pos-catalisador-55266800\/","title":{"rendered":"Sonda Lambda Fiat Argo P\u00f3s Catalisador &#8211; 55266800"},"content":{"rendered":"<h2>\nSonda Lambda Original Fiat Mopar P\u00f3s Catalisador<\/h2>\n<p>&nbsp;<\/p>\n<p>&nbsp;<\/p>\n<h3>Aplica\u00e7\u00e3o:<\/h3>\n<h4>Fiat Argo<\/h4>\n<p>1.0 Firefly \u2013 2017 2018 2019 2020 2021 2022 2023 2024<\/p>\n<p>1.3 Firefly \u2013 2017 2018 2019 2020 2021 2022 2023 2024<\/p>\n<h4>Fiat Cronos<\/h4>\n<p>1.3 Firefly \u2013 2018 2019 2020 2021 2022 2023 2024<\/p>\n<h4>Fiat Mobi<\/h4>\n<p>1.0 Firefly \u2013 2017 2018 2019 2020 2021 2022 2023<\/p>\n<h4>Fiat Uno<\/h4>\n<p>1.0 Firefly \u2013 2016 2017 2018 2019 2020 2021<\/p>\n<p>1.3 Firefly \u2013 2017 2018 2019 2020 2021<\/p>\n<h4>Fiat Strada<\/h4>\n<p>1.3 Firefly \u2013 2020 2021 2022 2023 2024<\/p>\n<h4>Fiat Pulse<\/h4>\n<p>1.3 Firefly \u2013 2022 2023 2024<\/p>\n<h4>\nCodigo: 55266800 \/ OZA629-FA18<\/h4>\n<h4>Produto: Sonda Lambda \/ Sensor de Oxig\u00eanio<\/h4>\n<h4>Posi\u00e7\u00e3o: P\u00f3s Catalisador<\/h4>\n<h4>Tipo: 4 fios , 4 pinos , comprimento do cabo: 11cm<\/h4>\n<h4>Conector: Plug original<\/h4>\n<h4>Instala\u00e7\u00e3o: Direta, sem adapta\u00e7\u00e3o<\/h4>\n<h4>Condi\u00e7\u00e3o do item: Novo<\/h4>\n<h4>Marca: Importada \/ Torken<\/h4>\n<p>garantia: 3 meses<\/p>\n<p>ATEN\u00c7\u00c3O: Antes de efetuar a compra verifique o c\u00f3digo da sua pe\u00e7a que est\u00e1 instalado no seu ve\u00edculo. e confirme se corresponde ao c\u00f3digo informado neste an\u00fancio.<br \/>\nEm caso de d\u00favida, utilize o campo de perguntas.<\/p>\n<p>&nbsp;<\/p>\n<p>A Casa da Inje\u00e7\u00e3o oferece total garantia nos produtos comprados em nosso site.<br \/>\nCada item \u00e9 rigorosamente testado antes do envio<br \/>\nSe os itens estiverem danificados ou parcialmente defeituosos, entre em contato conosco.<br \/>\nProcure um profissional devidamente licenciado para a instala\u00e7\u00e3o e fa\u00e7a revis\u00f5es periodicamente. A empresa n\u00e3o se responsabiliza por problemas oriundos da m\u00e1 instala\u00e7\u00e3o ou com a falta de cuidados peri\u00f3dicos dos componentes.<br \/>\nSe houver qualquer defeito, n\u00f3s lhe enviaremos uma substitui\u00e7\u00e3o ap\u00f3s receber o pacote ou devolvemos seu dinheiro.<br \/>\nLeia nossa pol\u00edtica de devolu\u00e7\u00e3o aqui<br \/>\nTem alguma d\u00favida?<br \/>\nEntre em contato que podemos ajudar!<br \/>\nConfira as informa\u00e7\u00f5es adicionais abaixo:<br \/>\nTodos os nossos produtos s\u00e3o novos, semi-novos, originais e paralelos possuem garantia.<br \/>\nTodos os produtos anunciados est\u00e3o dispon\u00edveis em estoque e s\u00e3o enviados com extrema rapidez.<br \/>\nO frete pode ser simulado antes de efetuar a compra, basta clicar em \u201cver custos de envio\u201d.<br \/>\nVerifique o endere\u00e7o de entrega cadastrado e atualize caso necess\u00e1rio.<br \/>\nConfirme se a pe\u00e7a \u00e9 correta para o seu modelo de ve\u00edculo.<br \/>\nPara pe\u00e7as automotivas, recomendamos a instala\u00e7\u00e3o por um profissional especializado.<br \/>\nCaso possua outras d\u00favidas, entre em contato.<\/p>\n","protected":false},"excerpt":{"rendered":"<h2>Sonda Lambda Fiat Argo P\u00f3s Catalisador &#8211; 55266800<\/h2>\n","protected":false},"featured_media":25577,"template":"","meta":{"_seopress_robots_primary_cat":"none","_seopress_titles_title":"","_seopress_titles_desc":"","_seopress_robots_index":"","_joinchat":[]},"product_cat":[21,270],"product_tag":[289,1635,298,1715,1600],"berocket_brand":[383],"_links":{"self":[{"href":"https:\/\/www.casadainjecao.com.br\/loja\/wp-json\/wp\/v2\/product\/25574"}],"collection":[{"href":"https:\/\/www.casadainjecao.com.br\/loja\/wp-json\/wp\/v2\/product"}],"about":[{"href":"https:\/\/www.casadainjecao.com.br\/loja\/wp-json\/wp\/v2\/types\/product"}],"wp:featuredmedia":[{"embeddable":true,"href":"https:\/\/www.casadainjecao.com.br\/loja\/wp-json\/wp\/v2\/media\/25577"}],"wp:attachment":[{"href":"https:\/\/www.casadainjecao.com.br\/loja\/wp-json\/wp\/v2\/media?parent=25574"}],"wp:term":[{"taxonomy":"product_cat","embeddable":true,"href":"https:\/\/www.casadainjecao.com.br\/loja\/wp-json\/wp\/v2\/product_cat?post=25574"},{"taxonomy":"product_tag","embeddable":true,"href":"https:\/\/www.casadainjecao.com.br\/loja\/wp-json\/wp\/v2\/product_tag?post=25574"},{"taxonomy":"berocket_brand","embeddable":true,"href":"https:\/\/www.casadainjecao.com.br\/loja\/wp-json\/wp\/v2\/berocket_brand?post=25574"}],"curies":[{"name":"wp","href":"https:\/\/api.w.org\/{rel}","templated":true}]}}