{"id":25615,"date":"2023-07-13T16:16:03","date_gmt":"2023-07-13T19:16:03","guid":{"rendered":"https:\/\/www.casadainjecao.com.br\/loja\/?post_type=product&#038;p=25615"},"modified":"2026-04-22T13:53:57","modified_gmt":"2026-04-22T16:53:57","slug":"sonda-lambda-peugeot-206-0258006185","status":"publish","type":"product","link":"https:\/\/www.casadainjecao.com.br\/loja\/autopecas\/injecao-eletronica\/sonda-lambda\/sonda-lambda-peugeot-206-0258006185\/","title":{"rendered":"Sonda Lambda P\u00f3s Xsara Hogar Partner 207 607 &#8211; 025800"},"content":{"rendered":"<h1>Sonda Lambda P\u00f3s Catalisador<\/h1>\n<p>&nbsp;<\/p>\n<p>&nbsp;<\/p>\n<h3>PEUGEOT<\/h3>\n<p>Peugeot 206 1.6i 16V Gasolina \u2014 1999 2000 2001 2002 2003 2004 2005 2006 2007<\/p>\n<p>Peugeot 207 1.4\/1.6 FLEX \u2014 2008 2009 2010 2011 2012 2013 2014<\/p>\n<p>Peugeot 307 1.6i 16V \u2014 2000 2001 2002 2003 2004 2005 2006 2007 2008 2009 2010 2011 2012<\/p>\n<p>Peugeot 308 THP 1.6 FLEX \u2014 2015 em diante<\/p>\n<p>Peugeot Hoggar (Pick-up) 1.4\/1.6 16V FLEX \u2014 2010 2011 2012 2013 2014<\/p>\n<p>Peugeot Partner 1.6 16V FLEX \u2014 2010 2011 2012 2013 2014 2015 2016 2017 2018<\/p>\n<p>Peugeot 406 3.0i \u2014 1999 2000 2001 2002 2003 2004<\/p>\n<p>Peugeot 607 3.0i \u2014 2000 2001 2002 2003 2004<\/p>\n<p>&nbsp;<\/p>\n<h3>CITROEN<\/h3>\n<p>Citro\u00ebn Xsara 1.6i 16V \u2014 2000 2001 2002 2003 2004 2005 2006 2007 2008 2009 2010<\/p>\n<p>Citro\u00ebn C2 1.6 \u2014 2004 2005 2006 2007 2008 2009 Citro\u00ebn<\/p>\n<p>C3 1.6 16V \u2014 2005 em diante Citro\u00ebn C5 3.0i \u2014 2001 2002 2003 2004 2005 2006 2007<\/p>\n<p>Citro\u00ebn C6 3.0i \u2014 2005 2006 2007 2008 2009<\/p>\n<p>&nbsp;<\/p>\n<p>&nbsp;<\/p>\n<h3>C\u00f3digo de Refer\u00eancia:<\/h3>\n<h3>0258006185, 0258986615, 9636876580, 1628KY, ES1079712B1, 882640057, 9636876580, A2C59513173Z<\/h3>\n<h5><strong>Condi\u00e7\u00f5es:<\/strong><\/h5>\n<h5>Produto Novo Importado \/ Marca Torken<\/h5>\n<h5>Especifica\u00e7\u00f5es:<\/h5>\n<h5>4 cabos (2 branco \/ 1 preto \/ 1 Cinza)<\/h5>\n<h5><strong>Garantia:<\/strong><\/h5>\n<h5>3 Meses<\/h5>\n<p>&nbsp;<\/p>\n<h5><strong>ATEN\u00c7\u00c3O: Antes de efetuar a compra verifique o c\u00f3digo da sua pe\u00e7a que est\u00e1 instalado no seu ve\u00edculo.<\/strong><\/h5>\n<p>&nbsp;<\/p>\n<h5>A Casa da Inje\u00e7\u00e3o oferece total garantia nos produtos comprados em nosso site.<\/h5>\n<h5>Cada item \u00e9 rigorosamente testado antes do envio<\/h5>\n<h5>Se os itens estiverem danificados ou parcialmente defeituosos, entre em contato conosco.<\/h5>\n<h5>Procure um profissional devidamente licenciado para a instala\u00e7\u00e3o e fa\u00e7a revis\u00f5es periodicamente. A empresa n\u00e3o se responsabiliza por problemas oriundos da m\u00e1 instala\u00e7\u00e3o ou com a falta de cuidados peri\u00f3dicos dos componentes.<\/h5>\n<h5>Se houver qualquer defeito, n\u00f3s lhe enviaremos uma substitui\u00e7\u00e3o ap\u00f3s receber o pacote ou devolvemos seu dinheiro.<\/h5>\n<h5>Leia nossa\u00a0<a href=\"https:\/\/www.casadainjecao.com.br\/loja\/politica-de-devolucao\">pol\u00edtica de devolu\u00e7\u00e3o aqui<\/a><\/h5>\n<h5>\u2014\u2014\u2014\u2014\u2014\u2014\u2014\u2014\u2014\u2014\u2014\u2014\u2014\u2014\u2014\u2014\u2014\u2014\u2014\u2013<\/h5>\n<h5><strong>Tem alguma d\u00favida?<\/strong><\/h5>\n<h5>Entre em contato que podemos ajudar!<\/h5>\n<h5>Confira as informa\u00e7\u00f5es adicionais abaixo:<\/h5>\n<h5>Todos os nossos produtos s\u00e3o novos, semi-novos, originais e paralelos possuem garantia.<\/h5>\n<h5>Todos os produtos anunciados est\u00e3o dispon\u00edveis em estoque e s\u00e3o enviados com extrema rapidez.<\/h5>\n<h5>O frete pode ser simulado antes de efetuar a compra, basta clicar em \u201cver custos de envio\u201d.<\/h5>\n<h5>Verifique o endere\u00e7o de entrega cadastrado e atualize caso necess\u00e1rio.<\/h5>\n<h5>Confirme se a pe\u00e7a \u00e9 correta para o seu modelo de ve\u00edculo.<\/h5>\n<h5>Para pe\u00e7as automotivas, recomendamos a instala\u00e7\u00e3o por um profissional especializado.<\/h5>\n<h5>Caso possua outras d\u00favidas, entre em contato.<\/h5>\n","protected":false},"excerpt":{"rendered":"<h2>Sonda Lambda P\u00f3s Xsara Hogar Partner 207 607 0258006185<\/h2>\n","protected":false},"featured_media":44118,"template":"","meta":{"_seopress_robots_primary_cat":"none","_seopress_titles_title":"","_seopress_titles_desc":"","_seopress_robots_index":"","_joinchat":[]},"product_cat":[21,270],"product_tag":[784,787,1852,1757,1853,782,1679,1680,1854,1574,131],"berocket_brand":[382,393],"_links":{"self":[{"href":"https:\/\/www.casadainjecao.com.br\/loja\/wp-json\/wp\/v2\/product\/25615"}],"collection":[{"href":"https:\/\/www.casadainjecao.com.br\/loja\/wp-json\/wp\/v2\/product"}],"about":[{"href":"https:\/\/www.casadainjecao.com.br\/loja\/wp-json\/wp\/v2\/types\/product"}],"wp:featuredmedia":[{"embeddable":true,"href":"https:\/\/www.casadainjecao.com.br\/loja\/wp-json\/wp\/v2\/media\/44118"}],"wp:attachment":[{"href":"https:\/\/www.casadainjecao.com.br\/loja\/wp-json\/wp\/v2\/media?parent=25615"}],"wp:term":[{"taxonomy":"product_cat","embeddable":true,"href":"https:\/\/www.casadainjecao.com.br\/loja\/wp-json\/wp\/v2\/product_cat?post=25615"},{"taxonomy":"product_tag","embeddable":true,"href":"https:\/\/www.casadainjecao.com.br\/loja\/wp-json\/wp\/v2\/product_tag?post=25615"},{"taxonomy":"berocket_brand","embeddable":true,"href":"https:\/\/www.casadainjecao.com.br\/loja\/wp-json\/wp\/v2\/berocket_brand?post=25615"}],"curies":[{"name":"wp","href":"https:\/\/api.w.org\/{rel}","templated":true}]}}