{"id":25621,"date":"2023-07-13T16:47:14","date_gmt":"2023-07-13T19:47:14","guid":{"rendered":"https:\/\/www.casadainjecao.com.br\/loja\/?post_type=product&#038;p=25621"},"modified":"2026-04-09T15:19:34","modified_gmt":"2026-04-09T18:19:34","slug":"sonda-lambda-citroen-c3-peugeot-208-9673438580","status":"publish","type":"product","link":"https:\/\/www.casadainjecao.com.br\/loja\/autopecas\/injecao-eletronica\/sonda-lambda\/sonda-lambda-citroen-c3-peugeot-208-9673438580\/","title":{"rendered":"Sonda Lambda Citroen C3 Peugeot 208 &#8211; 9673438580"},"content":{"rendered":"<h3>Torken do Brasil \u2013 refer\u00eancia em qualidade, confian\u00e7a e desempenho em pe\u00e7as automotivas.<\/h3>\n<h2>Sonda Lambda Citroen \/ Peugeot<\/h2>\n<p>APLICA\u00c7\u00c3O:<\/p>\n<p>CITROEN<br \/>\n\u2022 C3 1.2 12v Flex\/GNV (2016 2017 2018 2019 2020 2021)<br \/>\nSonda pr\u00e9 e p\u00f3s catalisador<\/p>\n<p>PEUGEOT<br \/>\n\u2022 208 1.2 12v Flex\/GNV (2016 2017 2018 2019 2020)<br \/>\nSonda pr\u00e9 e p\u00f3s catalisador<\/p>\n<p>C\u00f3digo principal: OZA603U1<br \/>\nC\u00f3digos compat\u00edveis: OZA603EU1 \/ 96734385 \/ 9673438580 \/ 98022942 \/ 9802294280 \/ 98106343 \/ 9810634380 \/ 3641578 \/ 03641578 \/ 89465YV010 \/ 711090<\/p>\n<p>Produto novo<br \/>\nMarca Torken (Importada)<br \/>\nPronta entrega<br \/>\nGarantia de 3 meses<br \/>\nAlta qualidade e durabilidade<\/p>\n<p>CONTE\u00daDO:<br \/>\n\u2022 1 Sonda Lambda<\/p>\n<h3>IMPORTANTE:<br \/>\n\u2022 Verifique o c\u00f3digo da pe\u00e7a antes da compra<br \/>\n\u2022 Confirme a compatibilidade com seu ve\u00edculo<br \/>\n\u2022 Em caso de d\u00favida, utilize o campo de perguntas<\/h3>\n<p>A Casa da Inje\u00e7\u00e3o oferece total garantia nos produtos comprados em nosso site.<\/p>\n<p>Cada item \u00e9 rigorosamente testado antes do envio<br \/>\nSe os itens estiverem danificados ou parcialmente defeituosos, entre em contato conosco.<br \/>\nSe houver qualquer defeito, n\u00f3s lhe enviaremos uma substitui\u00e7\u00e3o ap\u00f3s receber o pacote ou devolvemos seu dinheiro.<\/p>\n<p>Leia nossa pol\u00edtica de devolu\u00e7\u00e3o aqui<\/p>\n<p>\u2014\u2014\u2014\u2014\u2014\u2014\u2014\u2014\u2014\u2014\u2014\u2014\u2014\u2014\u2014\u2014\u2014\u2014\u2014\u2013<\/p>\n<p>Tem alguma d\u00favida?<\/p>\n<p>Entre em contato que podemos ajudar!<\/p>\n<p>Confira as informa\u00e7\u00f5es adicionais abaixo:<\/p>\n<p>Todos os nossos produtos s\u00e3o novos, semi-novos, originais e paralelos possuem garantia.<br \/>\nTodos os produtos anunciados est\u00e3o dispon\u00edveis em estoque e s\u00e3o enviados com extrema rapidez.<br \/>\nO frete pode ser simulado antes de efetuar a compra, basta clicar em \u201cver custos de envio\u201d.<br \/>\nVerifique o endere\u00e7o de entrega cadastrado e atualize caso necess\u00e1rio.<br \/>\nConfirme se a pe\u00e7a \u00e9 correta para o seu modelo de ve\u00edculo.<br \/>\nPara pe\u00e7as automotivas, recomendamos a instala\u00e7\u00e3o por um profissional especializado.<br \/>\nCaso possua outras d\u00favidas, entre em contato<\/p>\n","protected":false},"excerpt":{"rendered":"<h2>Sonda Lambda Citroen C3 Peugeot 208 &#8211; 9673438580<\/h2>\n","protected":false},"featured_media":43355,"template":"","meta":{"_seopress_robots_primary_cat":"none","_seopress_titles_title":"","_seopress_titles_desc":"","_seopress_robots_index":"","_joinchat":[]},"product_cat":[21,270],"product_tag":[782,1367],"berocket_brand":[382,393],"_links":{"self":[{"href":"https:\/\/www.casadainjecao.com.br\/loja\/wp-json\/wp\/v2\/product\/25621"}],"collection":[{"href":"https:\/\/www.casadainjecao.com.br\/loja\/wp-json\/wp\/v2\/product"}],"about":[{"href":"https:\/\/www.casadainjecao.com.br\/loja\/wp-json\/wp\/v2\/types\/product"}],"wp:featuredmedia":[{"embeddable":true,"href":"https:\/\/www.casadainjecao.com.br\/loja\/wp-json\/wp\/v2\/media\/43355"}],"wp:attachment":[{"href":"https:\/\/www.casadainjecao.com.br\/loja\/wp-json\/wp\/v2\/media?parent=25621"}],"wp:term":[{"taxonomy":"product_cat","embeddable":true,"href":"https:\/\/www.casadainjecao.com.br\/loja\/wp-json\/wp\/v2\/product_cat?post=25621"},{"taxonomy":"product_tag","embeddable":true,"href":"https:\/\/www.casadainjecao.com.br\/loja\/wp-json\/wp\/v2\/product_tag?post=25621"},{"taxonomy":"berocket_brand","embeddable":true,"href":"https:\/\/www.casadainjecao.com.br\/loja\/wp-json\/wp\/v2\/berocket_brand?post=25621"}],"curies":[{"name":"wp","href":"https:\/\/api.w.org\/{rel}","templated":true}]}}