{"id":25650,"date":"2023-07-17T14:54:32","date_gmt":"2023-07-17T17:54:32","guid":{"rendered":"https:\/\/www.casadainjecao.com.br\/loja\/?post_type=product&#038;p=25650"},"modified":"2023-07-17T15:14:08","modified_gmt":"2023-07-17T18:14:08","slug":"2-bucha-braco-oscilante-suspensao-fiat-fiorino-7674701","status":"publish","type":"product","link":"https:\/\/www.casadainjecao.com.br\/loja\/autopecas\/suspencao\/bucha\/2-bucha-braco-oscilante-suspensao-fiat-fiorino-7674701\/","title":{"rendered":"2 Bucha Bra\u00e7o Oscilante Suspens\u00e3o Fiat Fiorino &#8211; 767"},"content":{"rendered":"<h1>2 Bucha Bra\u00e7o Oscilante Suspens\u00e3o<br \/>\nAplica\u00e7\u00e3o:<\/h1>\n<h1>Uno &#8211; 91\/96<br \/>\nUno Mille &#8211; 91\/13<br \/>\nElba &#8211; 91\/96<br \/>\nFiorino Pick Up &#8211; 91\/96<br \/>\nFurg\u00e3o &#8211; 91\/13<br \/>\nPr\u00eamio &#8211; 91\/94<\/h1>\n","protected":false},"excerpt":{"rendered":"<h2>2 Bucha Bra\u00e7o Oscilante Suspens\u00e3o Fiat Fiorino &#8211; 7674701<\/h2>\n","protected":false},"featured_media":25653,"template":"","meta":{"_seopress_robots_primary_cat":"none","_seopress_titles_title":"","_seopress_titles_desc":"","_seopress_robots_index":"","_kad_blocks_custom_css":"","_kad_blocks_head_custom_js":"","_kad_blocks_body_custom_js":"","_kad_blocks_footer_custom_js":"","_joinchat":[]},"product_cat":[1118,1104],"product_tag":[281,1856,1857,279,214,1814],"berocket_brand":[383],"taxonomy_info":{"product_cat":[{"value":1118,"label":"Bucha"},{"value":1104,"label":"Suspen\u00e7\u00e3o"}],"product_tag":[{"value":281,"label":"ELBA"},{"value":1856,"label":"Fiorino Pick Up"},{"value":1857,"label":"Furg\u00e3o"},{"value":279,"label":"PR\u00caMIO"},{"value":214,"label":"Uno"},{"value":1814,"label":"UNO MILLE"}],"berocket_brand":[{"value":383,"label":"Fiat"}]},"featured_image_src_large":["https:\/\/www.casadainjecao.com.br\/loja\/wp-content\/uploads\/2023\/07\/7674701-4-900x664.jpg",640,472,true],"author_info":[],"comment_info":"","_links":{"self":[{"href":"https:\/\/www.casadainjecao.com.br\/loja\/wp-json\/wp\/v2\/product\/25650"}],"collection":[{"href":"https:\/\/www.casadainjecao.com.br\/loja\/wp-json\/wp\/v2\/product"}],"about":[{"href":"https:\/\/www.casadainjecao.com.br\/loja\/wp-json\/wp\/v2\/types\/product"}],"wp:featuredmedia":[{"embeddable":true,"href":"https:\/\/www.casadainjecao.com.br\/loja\/wp-json\/wp\/v2\/media\/25653"}],"wp:attachment":[{"href":"https:\/\/www.casadainjecao.com.br\/loja\/wp-json\/wp\/v2\/media?parent=25650"}],"wp:term":[{"taxonomy":"product_cat","embeddable":true,"href":"https:\/\/www.casadainjecao.com.br\/loja\/wp-json\/wp\/v2\/product_cat?post=25650"},{"taxonomy":"product_tag","embeddable":true,"href":"https:\/\/www.casadainjecao.com.br\/loja\/wp-json\/wp\/v2\/product_tag?post=25650"},{"taxonomy":"berocket_brand","embeddable":true,"href":"https:\/\/www.casadainjecao.com.br\/loja\/wp-json\/wp\/v2\/berocket_brand?post=25650"}],"curies":[{"name":"wp","href":"https:\/\/api.w.org\/{rel}","templated":true}]}}